
{"id":1184,"date":"2024-06-17T15:11:33","date_gmt":"2024-06-17T15:11:33","guid":{"rendered":"https:\/\/bitexgas.com\/policy\/"},"modified":"2024-08-02T09:50:55","modified_gmt":"2024-08-02T09:50:55","slug":"policy","status":"publish","type":"page","link":"https:\/\/bitexgas.com\/sv\/policy\/","title":{"rendered":"Policy"},"content":{"rendered":"\n<div class=\"wp-block-group alignfull is-layout-constrained wp-block-group-is-layout-constrained\" id=\"footer\">\n<div class=\"wp-block-group alignfull is-layout-constrained wp-block-group-is-layout-constrained\" style=\"margin-top:0;margin-bottom:0\">\n<div class=\"wp-block-group alignfull is-layout-constrained wp-block-group-is-layout-constrained\" style=\"margin-top:0;margin-bottom:0\">\n<div class=\"wp-block-cover alignfull\" style=\"padding-top:120px;padding-right:var(--wp--preset--spacing--30);padding-bottom:80px;padding-left:var(--wp--preset--spacing--30);min-height:50px;aspect-ratio:unset;\"><span aria-hidden=\"true\" class=\"wp-block-cover__background has-background-dim-100 has-background-dim\" style=\"background-color:#03045e\"><\/span><div class=\"wp-block-cover__inner-container is-layout-flow wp-block-cover-is-layout-flow\">\n<div class=\"wp-block-group is-layout-constrained wp-container-core-group-is-layout-5323e4c3 wp-block-group-is-layout-constrained\">\n<div id=\"policy-information\" class=\"wp-block-group has-background is-layout-constrained wp-container-core-group-is-layout-727701ee wp-block-group-is-layout-constrained\" style=\"border-radius:20px;background-color:#0038ff;margin-bottom:120px;padding-top:54px;padding-right:136px;padding-bottom:54px;padding-left:136px\">\n<h2 class=\"wp-block-heading has-text-align-center\" style=\"font-size:45px;font-style:normal;font-weight:700;line-height:1.2\">Senast uppdaterad: 17.05.23<\/h2>\n\n\n\n<p class=\"has-text-align-center has-normal-font-size\" style=\"line-height:1.6\">P\u00e5 BitexGas f\u00f6rst\u00e5r vi vikten av integritet och s\u00e4kerhet f\u00f6r v\u00e5ra anv\u00e4ndares personliga information.\nDenna sekretesspolicy beskriver hur vi samlar in, anv\u00e4nder, bearbetar och skyddar dina uppgifter.\nGenom att anv\u00e4nda v\u00e5ra tj\u00e4nster samtycker du till villkoren i denna policy.  <\/p>\n<\/div>\n<\/div>\n\n\n\n<div class=\"wp-block-group is-layout-constrained wp-container-core-group-is-layout-9ab54b89 wp-block-group-is-layout-constrained\">\n<h2 class=\"wp-block-heading has-text-align-center\" style=\"font-size:45px;font-style:normal;font-weight:700;line-height:1.2\">Informationsinsamling<\/h2>\n\n\n\n<div class=\"wp-block-columns is-layout-flex wp-container-core-columns-is-layout-e54c8129 wp-block-columns-is-layout-flex\">\n<div class=\"wp-block-column is-layout-flow wp-container-core-column-is-layout-f402376c wp-block-column-is-layout-flow\">\n<h3 class=\"wp-block-heading\" style=\"font-size:30px;font-style:normal;font-weight:700;line-height:1.2\">Vi samlar in personlig information som du tillhandah\u00e5ller n\u00e4r du registrerar dig p\u00e5 v\u00e5r plattform, inklusive:<\/h3>\n\n\n\n<ul class=\"has-normal-font-size wp-block-list\">\n<li>F\u00f6r- och efternamn<\/li>\n\n\n\n<li>E-postadress<\/li>\n\n\n\n<li>Telefonnummer<\/li>\n<\/ul>\n\n\n\n<h3 class=\"wp-block-heading\" style=\"font-size:30px;font-style:normal;font-weight:700;line-height:1.2\">Vi kan ocks\u00e5 samla in information om din anv\u00e4ndning av v\u00e5r plattform, t.ex:<\/h3>\n\n\n\n<ul class=\"has-normal-font-size wp-block-list\">\n<li>IP-adress<\/li>\n\n\n\n<li>Typ av enhet och webbl\u00e4sare<\/li>\n\n\n\n<li class=\"has-normal-font-size\">Bes\u00f6kshistorik och \u00e5tg\u00e4rder p\u00e5 platsen<\/li>\n<\/ul>\n\n\n\n<h3 class=\"wp-block-heading\" style=\"font-size:30px;font-style:normal;font-weight:700;line-height:1.2\">Anv\u00e4ndning av information<\/h3>\n\n\n\n<div class=\"wp-block-group is-layout-constrained wp-container-core-group-is-layout-19e250f3 wp-block-group-is-layout-constrained\">\n<p class=\"has-normal-font-size\" style=\"line-height:1.6\">Den insamlade informationen anv\u00e4nds f\u00f6r att:<\/p>\n\n\n\n<ul style=\"line-height:1.6\" class=\"has-normal-font-size wp-block-list\">\n<li>Tillhandah\u00e5lla och f\u00f6rb\u00e4ttra v\u00e5ra tj\u00e4nster<\/li>\n\n\n\n<li>Verifiera din identitet och skydda dig mot bedr\u00e4gerier<\/li>\n\n\n\n<li>Behandla transaktioner och ins\u00e4ttningar<\/li>\n\n\n\n<li>f\u00f6rse dig med uppdateringar och meddelanden om v\u00e5ra tj\u00e4nster<\/li>\n\n\n\n<li>Analysera plattformsanv\u00e4ndning och genomf\u00f6ra marknadsunders\u00f6kningar<\/li>\n<\/ul>\n<\/div>\n\n\n\n<h3 class=\"wp-block-heading\" style=\"font-size:30px;font-style:normal;font-weight:700;line-height:1.2\">Utl\u00e4mnande av information<\/h3>\n\n\n\n<div class=\"wp-block-group is-layout-constrained wp-container-core-group-is-layout-19e250f3 wp-block-group-is-layout-constrained\">\n<p class=\"has-normal-font-size\" style=\"line-height:1.6\">Vi s\u00e4ljer eller \u00f6verf\u00f6r inte din personliga information till tredje part, f\u00f6rutom om det kr\u00e4vs enligt lag eller \u00e4r n\u00f6dv\u00e4ndigt f\u00f6r att tillhandah\u00e5lla v\u00e5ra tj\u00e4nster, till exempel:<\/p>\n\n\n\n<ul style=\"line-height:1.6\" class=\"has-normal-font-size wp-block-list\">\n<li>Betalningssystem och finansiella institutioner f\u00f6r transaktionshantering<\/li>\n\n\n\n<li>Brottsbek\u00e4mpande myndigheter eller andra myndigheter p\u00e5 beg\u00e4ran<\/li>\n\n\n\n<li>V\u00e5ra n\u00e4rst\u00e5ende bolag och partners f\u00f6r att s\u00e4kerst\u00e4lla samarbete och f\u00f6rb\u00e4ttra v\u00e5ra tj\u00e4nster<\/li>\n<\/ul>\n<\/div>\n<\/div>\n\n\n\n<div class=\"wp-block-column is-vertically-aligned-center is-layout-flow wp-container-core-column-is-layout-f402376c wp-block-column-is-layout-flow\">\n<div class=\"wp-block-group policy-item has-background is-layout-constrained wp-container-core-group-is-layout-527d8513 wp-block-group-is-layout-constrained\" style=\"border-radius:25px;background-color:#0006b1;padding-top:54px;padding-right:25px;padding-bottom:54px;padding-left:25px\">\n<h3 class=\"wp-block-heading\" style=\"font-size:30px;font-style:normal;font-weight:700;line-height:1.2\">Datas\u00e4kerhet<\/h3>\n\n\n\n<div class=\"wp-block-group is-layout-constrained wp-container-core-group-is-layout-19e250f3 wp-block-group-is-layout-constrained\">\n<p class=\"has-normal-font-size\" style=\"line-height:1.6\">Vi vidtar alla n\u00f6dv\u00e4ndiga \u00e5tg\u00e4rder f\u00f6r att skydda din information fr\u00e5n obeh\u00f6rig \u00e5tkomst, \u00e4ndring, utl\u00e4mnande eller f\u00f6rst\u00f6relse. Dessa \u00e5tg\u00e4rder omfattar:<\/p>\n\n\n\n<ul style=\"line-height:1.6\" class=\"has-normal-font-size wp-block-list\">\n<li>Kryptering av data p\u00e5 flera niv\u00e5er<\/li>\n\n\n\n<li>Tv\u00e5faktorsautentisering<\/li>\n\n\n\n<li>Regelbundna s\u00e4kerhetskontroller och systemuppdateringar<\/li>\n<\/ul>\n<\/div>\n\n\n\n<h3 class=\"wp-block-heading\" style=\"font-size:30px;font-style:normal;font-weight:700;line-height:1.2\">Dina r\u00e4ttigheter<\/h3>\n\n\n\n<div class=\"wp-block-group is-layout-constrained wp-container-core-group-is-layout-19e250f3 wp-block-group-is-layout-constrained\">\n<p class=\"has-normal-font-size\" style=\"line-height:1.6\">Du har r\u00e4tt till:<\/p>\n\n\n\n<ul style=\"line-height:1.6\" class=\"has-normal-font-size wp-block-list\">\n<li>F\u00e5 tillg\u00e5ng till din personliga information som lagras hos oss<\/li>\n\n\n\n<li>beg\u00e4ra r\u00e4ttelse eller radering av dina uppgifter<\/li>\n\n\n\n<li>Avst\u00e5 fr\u00e5n att ta emot marknadsf\u00f6ringsmeddelanden<\/li>\n\n\n\n<li>Begr\u00e4nsa behandlingen av dina uppgifter i vissa fall<\/li>\n<\/ul>\n\n\n\n<p class=\"has-normal-font-size\" style=\"line-height:1.6\">F\u00f6r att ut\u00f6va dessa r\u00e4ttigheter kan du kontakta oss via de kontaktuppgifter som finns p\u00e5 v\u00e5r webbplats.<\/p>\n<\/div>\n\n\n\n<h3 class=\"wp-block-heading\" style=\"font-size:30px;font-style:normal;font-weight:700;line-height:1.2\">\u00c4ndringar av integritetspolicyn<\/h3>\n\n\n\n<p class=\"has-normal-font-size\" style=\"line-height:1.6\">Vi kan komma att uppdatera denna integritetspolicy med j\u00e4mna mellanrum. Alla \u00e4ndringar kommer att publiceras p\u00e5 denna sida. Vi rekommenderar att du regelbundet kontrollerar denna sida f\u00f6r att h\u00e5lla dig informerad om eventuella \u00e4ndringar.<\/p>\n<\/div>\n<\/div>\n<\/div>\n<\/div>\n<\/div><\/div>\n<\/div>\n\n\n\n<div class=\"wp-block-cover alignfull is-light\" style=\"padding-top:84px;padding-right:var(--wp--preset--spacing--30);padding-bottom:84px;padding-left:var(--wp--preset--spacing--30);min-height:50px;aspect-ratio:unset;\"><span aria-hidden=\"true\" class=\"wp-block-cover__background has-white-background-color has-background-dim-100 has-background-dim\"><\/span><div class=\"wp-block-cover__inner-container is-layout-flow wp-block-cover-is-layout-flow\">\n<div class=\"wp-block-group is-layout-constrained wp-container-core-group-is-layout-41c06ba8 wp-block-group-is-layout-constrained\">\n<h2 class=\"wp-block-heading has-text-align-center\" style=\"font-size:45px;font-style:normal;font-weight:700;line-height:1.2\">Tack f\u00f6r att du <em>valde<\/em> BitexGas!<\/h2>\n<\/div>\n<\/div><\/div>\n<\/div>\n\n\n\n<div class=\"wp-block-cover alignfull\" style=\"margin-top:0;margin-bottom:0;padding-top:100px;padding-right:var(--wp--preset--spacing--30);padding-bottom:64px;padding-left:var(--wp--preset--spacing--30);min-height:50px;aspect-ratio:unset;\"><span aria-hidden=\"true\" class=\"wp-block-cover__background has-background-dim-100 has-background-dim\" style=\"background-color:#03045e\"><\/span><div class=\"wp-block-cover__inner-container is-layout-flow wp-block-cover-is-layout-flow\">\n<div class=\"wp-block-group is-layout-constrained wp-container-core-group-is-layout-a084365a wp-block-group-is-layout-constrained\">\n<div class=\"wp-block-columns is-layout-flex wp-container-core-columns-is-layout-e96d03bb wp-block-columns-is-layout-flex\">\n<div class=\"wp-block-column is-layout-flow wp-block-column-is-layout-flow\" style=\"flex-basis:190px\">\n<figure class=\"wp-block-image size-full\"><img loading=\"lazy\" decoding=\"async\" width=\"106\" height=\"32\" src=\"https:\/\/bitexgas.com\/wp-content\/uploads\/2024\/08\/Group-37372.png\" alt=\"\" class=\"wp-image-1322\"\/><\/figure>\n<\/div>\n\n\n\n<div class=\"wp-block-column is-vertically-aligned-center is-layout-flow wp-block-column-is-layout-flow\" style=\"flex-basis:66.66%\"><nav class=\"wp-block-navigation is-layout-flex wp-container-core-navigation-is-layout-04a1408d wp-block-navigation-is-layout-flex\" aria-label=\"Menu Header\"><ul class=\"wp-block-navigation__container  wp-block-navigation\"><li class=\" wp-block-navigation-item  menu-item menu-item-type-post_type menu-item-object-page wp-block-navigation-link\"><a class=\"wp-block-navigation-item__content\"  href=\"https:\/\/bitexgas.com\/?page_id=24\" title=\"\"><span class=\"wp-block-navigation-item__label\">Contact Us<\/span><\/a><\/li><li class=\" wp-block-navigation-item  menu-item menu-item-type-post_type menu-item-object-page wp-block-navigation-link\"><a class=\"wp-block-navigation-item__content\"  href=\"https:\/\/bitexgas.com\/?page_id=27\" title=\"\"><span class=\"wp-block-navigation-item__label\">About us<\/span><\/a><\/li><\/ul><\/nav><\/div>\n<\/div>\n\n\n\n<p class=\"has-normal-font-size\" style=\"line-height:1.6\">Anv\u00e4ndare erk\u00e4nner att handel med kryptovalutor inneb\u00e4r betydande risker.\nPriserna \u00e4r extremt volatila och kan f\u00f6r\u00e4ndras snabbt, vilket kan leda till betydande f\u00f6rluster.\nVi rekommenderar att anv\u00e4ndarna noga \u00f6verv\u00e4ger sin ekonomiska situation och risktolerans innan de b\u00f6rjar handla med kryptovalutor.\nDenna plattform tillhandah\u00e5ller inte investeringsr\u00e5dgivning, finansiell r\u00e5dgivning, juridisk r\u00e5dgivning, skatter\u00e5dgivning eller n\u00e5gon annan form av r\u00e5dgivning.\nAll information eller analys som tillhandah\u00e5lls \u00e4r endast avsedd f\u00f6r informations\u00e4ndam\u00e5l och ska inte tolkas som ett erbjudande eller uppmaning till k\u00f6p eller f\u00f6rs\u00e4ljning av kryptovalutor.\nPlattformen drivs i enlighet med till\u00e4mpliga lagar och f\u00f6rordningar.\nRegler f\u00f6r kryptovalutor kan dock variera beroende p\u00e5 jurisdiktion och kan komma att \u00e4ndras.\nAnv\u00e4ndare \u00e4r ansvariga f\u00f6r att s\u00e4kerst\u00e4lla att deras anv\u00e4ndning av plattformen \u00f6verensst\u00e4mmer med lokala lagar och f\u00f6rordningar.\nDet finns inga garantier f\u00f6r vinst eller skydd mot f\u00f6rluster vid handel med kryptovalutor.\nTidigare resultat \u00e4r inte en indikation p\u00e5 framtida resultat.\nAnv\u00e4ndare b\u00f6r vara medvetna om att de kan f\u00f6rlora hela sitt investerade kapital.\n\u00c4ven om vi str\u00e4var efter att tillhandah\u00e5lla en p\u00e5litlig och s\u00e4ker handelsplattform garanterar vi inte oavbruten service och vi ansvarar inte f\u00f6r f\u00f6rluster som uppst\u00e5r till f\u00f6ljd av tekniska problem, marknadsf\u00f6rh\u00e5llanden eller andra faktorer utanf\u00f6r v\u00e5r kontroll.           <\/p>\n<\/div>\n<\/div><\/div>\n<\/div>\n\n<script src=\"https:\/\/cdn.jsdelivr.net\/npm\/locomotive-scroll@4.1.4\/dist\/locomotive-scroll.min.js\"><\/script><link href=\"https:\/\/cdn.jsdelivr.net\/npm\/locomotive-scroll@4.1.4\/dist\/locomotive-scroll.min.css\" rel=\"stylesheet\"\/><script>document.addEventListener('DOMContentLoaded', function() {\n    const locoScroll = new LocomotiveScroll({\n        el: document.querySelector(\"#page\"),\n        smooth: true\n    });\n    locoScroll.destroy();\n\n    setTimeout(function(){\n        locoScroll.init();\n    }, 100);\n});\n<\/script>\n","protected":false},"excerpt":{"rendered":"","protected":false},"author":1,"featured_media":0,"parent":0,"menu_order":0,"comment_status":"closed","ping_status":"closed","template":"","meta":{"_monsterinsights_skip_tracking":false,"_monsterinsights_sitenote_active":false,"_monsterinsights_sitenote_note":"","_monsterinsights_sitenote_category":0,"footnotes":""},"class_list":["post-1184","page","type-page","status-publish","hentry"],"_links":{"self":[{"href":"https:\/\/bitexgas.com\/sv\/wp-json\/wp\/v2\/pages\/1184","targetHints":{"allow":["GET"]}}],"collection":[{"href":"https:\/\/bitexgas.com\/sv\/wp-json\/wp\/v2\/pages"}],"about":[{"href":"https:\/\/bitexgas.com\/sv\/wp-json\/wp\/v2\/types\/page"}],"author":[{"embeddable":true,"href":"https:\/\/bitexgas.com\/sv\/wp-json\/wp\/v2\/users\/1"}],"replies":[{"embeddable":true,"href":"https:\/\/bitexgas.com\/sv\/wp-json\/wp\/v2\/comments?post=1184"}],"version-history":[{"count":3,"href":"https:\/\/bitexgas.com\/sv\/wp-json\/wp\/v2\/pages\/1184\/revisions"}],"predecessor-version":[{"id":1440,"href":"https:\/\/bitexgas.com\/sv\/wp-json\/wp\/v2\/pages\/1184\/revisions\/1440"}],"wp:attachment":[{"href":"https:\/\/bitexgas.com\/sv\/wp-json\/wp\/v2\/media?parent=1184"}],"curies":[{"name":"wp","href":"https:\/\/api.w.org\/{rel}","templated":true}]}}