
{"id":1171,"date":"2024-06-17T15:11:33","date_gmt":"2024-06-17T15:11:33","guid":{"rendered":"https:\/\/bitexgas.com\/politica\/"},"modified":"2024-08-02T09:50:36","modified_gmt":"2024-08-02T09:50:36","slug":"politica","status":"publish","type":"page","link":"https:\/\/bitexgas.com\/pt-pt\/politica\/","title":{"rendered":"Pol\u00edtica"},"content":{"rendered":"\n<div class=\"wp-block-group alignfull is-layout-constrained wp-block-group-is-layout-constrained\" id=\"footer\">\n<div class=\"wp-block-group alignfull is-layout-constrained wp-block-group-is-layout-constrained\" style=\"margin-top:0;margin-bottom:0\">\n<div class=\"wp-block-group alignfull is-layout-constrained wp-block-group-is-layout-constrained\" style=\"margin-top:0;margin-bottom:0\">\n<div class=\"wp-block-cover alignfull\" style=\"padding-top:120px;padding-right:var(--wp--preset--spacing--30);padding-bottom:80px;padding-left:var(--wp--preset--spacing--30);min-height:50px;aspect-ratio:unset;\"><span aria-hidden=\"true\" class=\"wp-block-cover__background has-background-dim-100 has-background-dim\" style=\"background-color:#03045e\"><\/span><div class=\"wp-block-cover__inner-container is-layout-flow wp-block-cover-is-layout-flow\">\n<div class=\"wp-block-group is-layout-constrained wp-container-core-group-is-layout-5323e4c3 wp-block-group-is-layout-constrained\">\n<div id=\"policy-information\" class=\"wp-block-group has-background is-layout-constrained wp-container-core-group-is-layout-727701ee wp-block-group-is-layout-constrained\" style=\"border-radius:20px;background-color:#0038ff;margin-bottom:120px;padding-top:54px;padding-right:136px;padding-bottom:54px;padding-left:136px\">\n<h2 class=\"wp-block-heading has-text-align-center\" style=\"font-size:45px;font-style:normal;font-weight:700;line-height:1.2\">\u00daltima atualiza\u00e7\u00e3o: 17.05.23<\/h2>\n\n\n\n<p class=\"has-text-align-center has-normal-font-size\" style=\"line-height:1.6\">Na BitexGas, compreendemos a import\u00e2ncia da privacidade e da seguran\u00e7a das informa\u00e7\u00f5es pessoais dos nossos utilizadores.\nEsta pol\u00edtica de privacidade descreve como recolhemos, usamos, processamos e protegemos os seus dados.\nAo utilizar os nossos servi\u00e7os, o utilizador concorda com os termos desta pol\u00edtica.  <\/p>\n<\/div>\n<\/div>\n\n\n\n<div class=\"wp-block-group is-layout-constrained wp-container-core-group-is-layout-9ab54b89 wp-block-group-is-layout-constrained\">\n<h2 class=\"wp-block-heading has-text-align-center\" style=\"font-size:45px;font-style:normal;font-weight:700;line-height:1.2\">Recolha de informa\u00e7\u00f5es<\/h2>\n\n\n\n<div class=\"wp-block-columns is-layout-flex wp-container-core-columns-is-layout-e54c8129 wp-block-columns-is-layout-flex\">\n<div class=\"wp-block-column is-layout-flow wp-container-core-column-is-layout-f402376c wp-block-column-is-layout-flow\">\n<h3 class=\"wp-block-heading\" style=\"font-size:30px;font-style:normal;font-weight:700;line-height:1.2\">Recolhemos informa\u00e7\u00f5es pessoais que forneces quando te registas na nossa plataforma, incluindo:<\/h3>\n\n\n\n<ul class=\"has-normal-font-size wp-block-list\">\n<li>Nome e apelido<\/li>\n\n\n\n<li>Endere\u00e7o de correio eletr\u00f3nico<\/li>\n\n\n\n<li>N\u00famero de telefone<\/li>\n<\/ul>\n\n\n\n<h3 class=\"wp-block-heading\" style=\"font-size:30px;font-style:normal;font-weight:700;line-height:1.2\">Tamb\u00e9m podemos recolher informa\u00e7\u00f5es sobre a tua utiliza\u00e7\u00e3o da nossa plataforma, tais como:<\/h3>\n\n\n\n<ul class=\"has-normal-font-size wp-block-list\">\n<li>Endere\u00e7o IP<\/li>\n\n\n\n<li>Tipo de dispositivo e de browser<\/li>\n\n\n\n<li class=\"has-normal-font-size\">Hist\u00f3rico de visitas e ac\u00e7\u00f5es no s\u00edtio<\/li>\n<\/ul>\n\n\n\n<h3 class=\"wp-block-heading\" style=\"font-size:30px;font-style:normal;font-weight:700;line-height:1.2\">Utiliza\u00e7\u00e3o das informa\u00e7\u00f5es<\/h3>\n\n\n\n<div class=\"wp-block-group is-layout-constrained wp-container-core-group-is-layout-19e250f3 wp-block-group-is-layout-constrained\">\n<p class=\"has-normal-font-size\" style=\"line-height:1.6\">As informa\u00e7\u00f5es recolhidas s\u00e3o utilizadas para:<\/p>\n\n\n\n<ul style=\"line-height:1.6\" class=\"has-normal-font-size wp-block-list\">\n<li>Fornecer e melhorar os nossos servi\u00e7os<\/li>\n\n\n\n<li>Verifica a tua identidade e protege-te contra fraudes<\/li>\n\n\n\n<li>Processa transac\u00e7\u00f5es e dep\u00f3sitos<\/li>\n\n\n\n<li>Fornecer-te actualiza\u00e7\u00f5es e notifica\u00e7\u00f5es sobre os nossos servi\u00e7os<\/li>\n\n\n\n<li>Analisa a utiliza\u00e7\u00e3o da plataforma e efectua pesquisas de marketing<\/li>\n<\/ul>\n<\/div>\n\n\n\n<h3 class=\"wp-block-heading\" style=\"font-size:30px;font-style:normal;font-weight:700;line-height:1.2\">Divulga\u00e7\u00e3o de informa\u00e7\u00f5es<\/h3>\n\n\n\n<div class=\"wp-block-group is-layout-constrained wp-container-core-group-is-layout-19e250f3 wp-block-group-is-layout-constrained\">\n<p class=\"has-normal-font-size\" style=\"line-height:1.6\">N\u00e3o vendemos nem transferimos as tuas informa\u00e7\u00f5es pessoais a terceiros, exceto quando exigido por lei ou necess\u00e1rio para prestar os nossos servi\u00e7os, como por exemplo:<\/p>\n\n\n\n<ul style=\"line-height:1.6\" class=\"has-normal-font-size wp-block-list\">\n<li>Sistemas de pagamento e institui\u00e7\u00f5es financeiras para o processamento de transac\u00e7\u00f5es<\/li>\n\n\n\n<li>Aplica\u00e7\u00e3o da lei ou outras ag\u00eancias governamentais, mediante pedido<\/li>\n\n\n\n<li>As nossas empresas afiliadas e parceiros para assegurar a coopera\u00e7\u00e3o e melhorar os nossos servi\u00e7os<\/li>\n<\/ul>\n<\/div>\n<\/div>\n\n\n\n<div class=\"wp-block-column is-vertically-aligned-center is-layout-flow wp-container-core-column-is-layout-f402376c wp-block-column-is-layout-flow\">\n<div class=\"wp-block-group policy-item has-background is-layout-constrained wp-container-core-group-is-layout-527d8513 wp-block-group-is-layout-constrained\" style=\"border-radius:25px;background-color:#0006b1;padding-top:54px;padding-right:25px;padding-bottom:54px;padding-left:25px\">\n<h3 class=\"wp-block-heading\" style=\"font-size:30px;font-style:normal;font-weight:700;line-height:1.2\">Seguran\u00e7a dos dados<\/h3>\n\n\n\n<div class=\"wp-block-group is-layout-constrained wp-container-core-group-is-layout-19e250f3 wp-block-group-is-layout-constrained\">\n<p class=\"has-normal-font-size\" style=\"line-height:1.6\">Tomamos todas as medidas necess\u00e1rias para proteger as tuas informa\u00e7\u00f5es contra acesso n\u00e3o autorizado, altera\u00e7\u00e3o, divulga\u00e7\u00e3o ou destrui\u00e7\u00e3o. Estas medidas incluem:<\/p>\n\n\n\n<ul style=\"line-height:1.6\" class=\"has-normal-font-size wp-block-list\">\n<li>Encripta\u00e7\u00e3o de dados a v\u00e1rios n\u00edveis<\/li>\n\n\n\n<li>Autentica\u00e7\u00e3o de dois factores<\/li>\n\n\n\n<li>Verifica\u00e7\u00f5es de seguran\u00e7a regulares e actualiza\u00e7\u00f5es do sistema<\/li>\n<\/ul>\n<\/div>\n\n\n\n<h3 class=\"wp-block-heading\" style=\"font-size:30px;font-style:normal;font-weight:700;line-height:1.2\">Os teus direitos<\/h3>\n\n\n\n<div class=\"wp-block-group is-layout-constrained wp-container-core-group-is-layout-19e250f3 wp-block-group-is-layout-constrained\">\n<p class=\"has-normal-font-size\" style=\"line-height:1.6\">Tens o direito de:<\/p>\n\n\n\n<ul style=\"line-height:1.6\" class=\"has-normal-font-size wp-block-list\">\n<li>Aceder \u00e0s tuas informa\u00e7\u00f5es pessoais armazenadas connosco<\/li>\n\n\n\n<li>Solicitar a corre\u00e7\u00e3o ou a elimina\u00e7\u00e3o dos teus dados<\/li>\n\n\n\n<li>Desiste de receber mensagens de marketing<\/li>\n\n\n\n<li>Restringir o tratamento dos teus dados em determinados casos<\/li>\n<\/ul>\n\n\n\n<p class=\"has-normal-font-size\" style=\"line-height:1.6\">Para exercer estes direitos, podes contactar-nos atrav\u00e9s das informa\u00e7\u00f5es de contacto fornecidas no nosso s\u00edtio Web.<\/p>\n<\/div>\n\n\n\n<h3 class=\"wp-block-heading\" style=\"font-size:30px;font-style:normal;font-weight:700;line-height:1.2\">Altera\u00e7\u00f5es \u00e0 Pol\u00edtica de Privacidade<\/h3>\n\n\n\n<p class=\"has-normal-font-size\" style=\"line-height:1.6\">Poderemos atualizar periodicamente esta pol\u00edtica de privacidade. Todas as altera\u00e7\u00f5es ser\u00e3o publicadas nesta p\u00e1gina. Recomendamos que consultes regularmente esta p\u00e1gina para te manteres informado de quaisquer altera\u00e7\u00f5es.<\/p>\n<\/div>\n<\/div>\n<\/div>\n<\/div>\n<\/div><\/div>\n<\/div>\n\n\n\n<div class=\"wp-block-cover alignfull is-light\" style=\"padding-top:84px;padding-right:var(--wp--preset--spacing--30);padding-bottom:84px;padding-left:var(--wp--preset--spacing--30);min-height:50px;aspect-ratio:unset;\"><span aria-hidden=\"true\" class=\"wp-block-cover__background has-white-background-color has-background-dim-100 has-background-dim\"><\/span><div class=\"wp-block-cover__inner-container is-layout-flow wp-block-cover-is-layout-flow\">\n<div class=\"wp-block-group is-layout-constrained wp-container-core-group-is-layout-41c06ba8 wp-block-group-is-layout-constrained\">\n<h2 class=\"wp-block-heading has-text-align-center\" style=\"font-size:45px;font-style:normal;font-weight:700;line-height:1.2\">Obrigado por <em>escolher<\/em> a BitexGas!<\/h2>\n<\/div>\n<\/div><\/div>\n<\/div>\n\n\n\n<div class=\"wp-block-cover alignfull\" style=\"margin-top:0;margin-bottom:0;padding-top:100px;padding-right:var(--wp--preset--spacing--30);padding-bottom:64px;padding-left:var(--wp--preset--spacing--30);min-height:50px;aspect-ratio:unset;\"><span aria-hidden=\"true\" class=\"wp-block-cover__background has-background-dim-100 has-background-dim\" style=\"background-color:#03045e\"><\/span><div class=\"wp-block-cover__inner-container is-layout-flow wp-block-cover-is-layout-flow\">\n<div class=\"wp-block-group is-layout-constrained wp-container-core-group-is-layout-a084365a wp-block-group-is-layout-constrained\">\n<div class=\"wp-block-columns is-layout-flex wp-container-core-columns-is-layout-e96d03bb wp-block-columns-is-layout-flex\">\n<div class=\"wp-block-column is-layout-flow wp-block-column-is-layout-flow\" style=\"flex-basis:190px\">\n<figure class=\"wp-block-image size-full\"><img loading=\"lazy\" decoding=\"async\" width=\"106\" height=\"32\" src=\"https:\/\/bitexgas.com\/wp-content\/uploads\/2024\/08\/Group-37372.png\" alt=\"\" class=\"wp-image-1322\"\/><\/figure>\n<\/div>\n\n\n\n<div class=\"wp-block-column is-vertically-aligned-center is-layout-flow wp-block-column-is-layout-flow\" style=\"flex-basis:66.66%\"><nav class=\"wp-block-navigation is-layout-flex wp-container-core-navigation-is-layout-04a1408d wp-block-navigation-is-layout-flex\" aria-label=\"Menu Header\"><ul class=\"wp-block-navigation__container  wp-block-navigation\"><li class=\" wp-block-navigation-item  menu-item menu-item-type-post_type menu-item-object-page wp-block-navigation-link\"><a class=\"wp-block-navigation-item__content\"  href=\"https:\/\/bitexgas.com\/?page_id=24\" title=\"\"><span class=\"wp-block-navigation-item__label\">Contact Us<\/span><\/a><\/li><li class=\" wp-block-navigation-item  menu-item menu-item-type-post_type menu-item-object-page wp-block-navigation-link\"><a class=\"wp-block-navigation-item__content\"  href=\"https:\/\/bitexgas.com\/?page_id=27\" title=\"\"><span class=\"wp-block-navigation-item__label\">About us<\/span><\/a><\/li><\/ul><\/nav><\/div>\n<\/div>\n\n\n\n<p class=\"has-normal-font-size\" style=\"line-height:1.6\">Os utilizadores reconhecem que a negocia\u00e7\u00e3o de criptomoedas envolve riscos significativos. Os pre\u00e7os s\u00e3o extremamente vol\u00e1teis e podem mudar rapidamente, levando a potenciais perdas substanciais. Recomendamos que os utilizadores considerem cuidadosamente a sua situa\u00e7\u00e3o financeira e toler\u00e2ncia ao risco antes de se envolverem na negocia\u00e7\u00e3o de criptomoedas. Esta plataforma n\u00e3o fornece conselhos de investimento, financeiros, jur\u00eddicos, fiscais ou qualquer outra forma de aconselhamento. Qualquer informa\u00e7\u00e3o ou an\u00e1lise fornecida \u00e9 apenas para fins informativos e n\u00e3o deve ser interpretada como uma oferta ou solicita\u00e7\u00e3o para a compra ou venda de criptomoedas. A plataforma funciona em conformidade com as leis e os regulamentos aplic\u00e1veis. No entanto, os regulamentos relativos \u00e0s criptomoedas podem variar consoante a jurisdi\u00e7\u00e3o e est\u00e3o sujeitos a altera\u00e7\u00f5es. Os utilizadores s\u00e3o respons\u00e1veis por garantir que a sua utiliza\u00e7\u00e3o da plataforma est\u00e1 em conformidade com as leis e regulamentos locais. N\u00e3o h\u00e1 garantias de lucro ou prote\u00e7\u00e3o contra perdas na negocia\u00e7\u00e3o de criptomoedas. O desempenho passado n\u00e3o \u00e9 indicativo de resultados futuros. Os utilizadores devem estar cientes de que podem perder todo o capital investido. Embora nos esforcemos por fornecer uma plataforma de negocia\u00e7\u00e3o fi\u00e1vel e segura, n\u00e3o garantimos um servi\u00e7o ininterrupto e n\u00e3o somos respons\u00e1veis por quaisquer perdas resultantes de problemas t\u00e9cnicos, condi\u00e7\u00f5es de mercado ou outros factores fora do nosso controlo.<\/p>\n<\/div>\n<\/div><\/div>\n<\/div>\n\n<script src=\"https:\/\/cdn.jsdelivr.net\/npm\/locomotive-scroll@4.1.4\/dist\/locomotive-scroll.min.js\"><\/script><link href=\"https:\/\/cdn.jsdelivr.net\/npm\/locomotive-scroll@4.1.4\/dist\/locomotive-scroll.min.css\" rel=\"stylesheet\"\/><script>document.addEventListener('DOMContentLoaded', function() {\n    const locoScroll = new LocomotiveScroll({\n        el: document.querySelector(\"#page\"),\n        smooth: true\n    });\n    locoScroll.destroy();\n\n    setTimeout(function(){\n        locoScroll.init();\n    }, 100);\n});\n<\/script>\n","protected":false},"excerpt":{"rendered":"","protected":false},"author":1,"featured_media":0,"parent":0,"menu_order":0,"comment_status":"closed","ping_status":"closed","template":"","meta":{"_monsterinsights_skip_tracking":false,"_monsterinsights_sitenote_active":false,"_monsterinsights_sitenote_note":"","_monsterinsights_sitenote_category":0,"footnotes":""},"class_list":["post-1171","page","type-page","status-publish","hentry"],"_links":{"self":[{"href":"https:\/\/bitexgas.com\/pt-pt\/wp-json\/wp\/v2\/pages\/1171","targetHints":{"allow":["GET"]}}],"collection":[{"href":"https:\/\/bitexgas.com\/pt-pt\/wp-json\/wp\/v2\/pages"}],"about":[{"href":"https:\/\/bitexgas.com\/pt-pt\/wp-json\/wp\/v2\/types\/page"}],"author":[{"embeddable":true,"href":"https:\/\/bitexgas.com\/pt-pt\/wp-json\/wp\/v2\/users\/1"}],"replies":[{"embeddable":true,"href":"https:\/\/bitexgas.com\/pt-pt\/wp-json\/wp\/v2\/comments?post=1171"}],"version-history":[{"count":3,"href":"https:\/\/bitexgas.com\/pt-pt\/wp-json\/wp\/v2\/pages\/1171\/revisions"}],"predecessor-version":[{"id":1436,"href":"https:\/\/bitexgas.com\/pt-pt\/wp-json\/wp\/v2\/pages\/1171\/revisions\/1436"}],"wp:attachment":[{"href":"https:\/\/bitexgas.com\/pt-pt\/wp-json\/wp\/v2\/media?parent=1171"}],"curies":[{"name":"wp","href":"https:\/\/api.w.org\/{rel}","templated":true}]}}