
{"id":1160,"date":"2024-06-17T15:11:33","date_gmt":"2024-06-17T15:11:33","guid":{"rendered":"https:\/\/bitexgas.com\/retningslinjer\/"},"modified":"2024-08-02T09:50:36","modified_gmt":"2024-08-02T09:50:36","slug":"retningslinjer","status":"publish","type":"page","link":"https:\/\/bitexgas.com\/no\/retningslinjer\/","title":{"rendered":"Retningslinjer"},"content":{"rendered":"\n<div class=\"wp-block-group alignfull is-layout-constrained wp-block-group-is-layout-constrained\" id=\"footer\">\n<div class=\"wp-block-group alignfull is-layout-constrained wp-block-group-is-layout-constrained\" style=\"margin-top:0;margin-bottom:0\">\n<div class=\"wp-block-group alignfull is-layout-constrained wp-block-group-is-layout-constrained\" style=\"margin-top:0;margin-bottom:0\">\n<div class=\"wp-block-cover alignfull\" style=\"padding-top:120px;padding-right:var(--wp--preset--spacing--30);padding-bottom:80px;padding-left:var(--wp--preset--spacing--30);min-height:50px;aspect-ratio:unset;\"><span aria-hidden=\"true\" class=\"wp-block-cover__background has-background-dim-100 has-background-dim\" style=\"background-color:#03045e\"><\/span><div class=\"wp-block-cover__inner-container is-layout-flow wp-block-cover-is-layout-flow\">\n<div class=\"wp-block-group is-layout-constrained wp-container-core-group-is-layout-5323e4c3 wp-block-group-is-layout-constrained\">\n<div id=\"policy-information\" class=\"wp-block-group has-background is-layout-constrained wp-container-core-group-is-layout-727701ee wp-block-group-is-layout-constrained\" style=\"border-radius:20px;background-color:#0038ff;margin-bottom:120px;padding-top:54px;padding-right:136px;padding-bottom:54px;padding-left:136px\">\n<h2 class=\"wp-block-heading has-text-align-center\" style=\"font-size:45px;font-style:normal;font-weight:700;line-height:1.2\">Sist oppdatert: 17.05.23<\/h2>\n\n\n\n<p class=\"has-text-align-center has-normal-font-size\" style=\"line-height:1.6\">Hos BitexGas forst\u00e5r vi viktigheten av personvern og sikkerhet for v\u00e5re brukeres personlige informasjon.\nDenne personvernerkl\u00e6ringen beskriver hvordan vi samler inn, bruker, behandler og beskytter dine data.\nVed \u00e5 bruke v\u00e5re tjenester godtar du vilk\u00e5rene i disse retningslinjene.  <\/p>\n<\/div>\n<\/div>\n\n\n\n<div class=\"wp-block-group is-layout-constrained wp-container-core-group-is-layout-9ab54b89 wp-block-group-is-layout-constrained\">\n<h2 class=\"wp-block-heading has-text-align-center\" style=\"font-size:45px;font-style:normal;font-weight:700;line-height:1.2\">Innsamling av informasjon<\/h2>\n\n\n\n<div class=\"wp-block-columns is-layout-flex wp-container-core-columns-is-layout-e54c8129 wp-block-columns-is-layout-flex\">\n<div class=\"wp-block-column is-layout-flow wp-container-core-column-is-layout-f402376c wp-block-column-is-layout-flow\">\n<h3 class=\"wp-block-heading\" style=\"font-size:30px;font-style:normal;font-weight:700;line-height:1.2\">Vi samler inn personopplysninger som du oppgir n\u00e5r du registrerer deg p\u00e5 plattformen v\u00e5r, inkludert:<\/h3>\n\n\n\n<ul class=\"has-normal-font-size wp-block-list\">\n<li>For- og etternavn<\/li>\n\n\n\n<li>E-postadresse<\/li>\n\n\n\n<li>Telefonnummer<\/li>\n<\/ul>\n\n\n\n<h3 class=\"wp-block-heading\" style=\"font-size:30px;font-style:normal;font-weight:700;line-height:1.2\">Vi kan ogs\u00e5 samle inn informasjon om din bruk av plattformen v\u00e5r, for eksempel:<\/h3>\n\n\n\n<ul class=\"has-normal-font-size wp-block-list\">\n<li>IP-adresse<\/li>\n\n\n\n<li>Type enhet og nettleser<\/li>\n\n\n\n<li class=\"has-normal-font-size\">Bes\u00f8kshistorikk og handlinger p\u00e5 nettstedet<\/li>\n<\/ul>\n\n\n\n<h3 class=\"wp-block-heading\" style=\"font-size:30px;font-style:normal;font-weight:700;line-height:1.2\">Bruk av informasjon<\/h3>\n\n\n\n<div class=\"wp-block-group is-layout-constrained wp-container-core-group-is-layout-19e250f3 wp-block-group-is-layout-constrained\">\n<p class=\"has-normal-font-size\" style=\"line-height:1.6\">Den innsamlede informasjonen brukes til \u00e5:<\/p>\n\n\n\n<ul style=\"line-height:1.6\" class=\"has-normal-font-size wp-block-list\">\n<li>Tilby og forbedre tjenestene v\u00e5re<\/li>\n\n\n\n<li>Bekreft identiteten din og beskytt deg mot svindel<\/li>\n\n\n\n<li>Behandle transaksjoner og innskudd<\/li>\n\n\n\n<li>Gi deg oppdateringer og varsler om tjenestene v\u00e5re<\/li>\n\n\n\n<li>Analysere bruken av plattformen og gjennomf\u00f8re markedsunders\u00f8kelser<\/li>\n<\/ul>\n<\/div>\n\n\n\n<h3 class=\"wp-block-heading\" style=\"font-size:30px;font-style:normal;font-weight:700;line-height:1.2\">Offentliggj\u00f8ring av informasjon<\/h3>\n\n\n\n<div class=\"wp-block-group is-layout-constrained wp-container-core-group-is-layout-19e250f3 wp-block-group-is-layout-constrained\">\n<p class=\"has-normal-font-size\" style=\"line-height:1.6\">Vi selger eller overf\u00f8rer ikke personopplysningene dine til tredjeparter, med unntak av det som er lovp\u00e5lagt eller n\u00f8dvendig for \u00e5 levere tjenestene v\u00e5re, for eksempel:<\/p>\n\n\n\n<ul style=\"line-height:1.6\" class=\"has-normal-font-size wp-block-list\">\n<li>Betalingssystemer og finansinstitusjoner for transaksjonsbehandling<\/li>\n\n\n\n<li>Politimyndigheter eller andre offentlige etater p\u00e5 foresp\u00f8rsel<\/li>\n\n\n\n<li>V\u00e5re tilknyttede selskaper og partnere for \u00e5 sikre samarbeid og forbedre tjenestene v\u00e5re<\/li>\n<\/ul>\n<\/div>\n<\/div>\n\n\n\n<div class=\"wp-block-column is-vertically-aligned-center is-layout-flow wp-container-core-column-is-layout-f402376c wp-block-column-is-layout-flow\">\n<div class=\"wp-block-group policy-item has-background is-layout-constrained wp-container-core-group-is-layout-527d8513 wp-block-group-is-layout-constrained\" style=\"border-radius:25px;background-color:#0006b1;padding-top:54px;padding-right:25px;padding-bottom:54px;padding-left:25px\">\n<h3 class=\"wp-block-heading\" style=\"font-size:30px;font-style:normal;font-weight:700;line-height:1.2\">Datasikkerhet<\/h3>\n\n\n\n<div class=\"wp-block-group is-layout-constrained wp-container-core-group-is-layout-19e250f3 wp-block-group-is-layout-constrained\">\n<p class=\"has-normal-font-size\" style=\"line-height:1.6\">Vi iverksetter alle n\u00f8dvendige tiltak for \u00e5 beskytte opplysningene dine mot uautorisert tilgang, endring, utlevering eller \u00f8deleggelse. Disse tiltakene inkluderer:<\/p>\n\n\n\n<ul style=\"line-height:1.6\" class=\"has-normal-font-size wp-block-list\">\n<li>Kryptering av data p\u00e5 flere niv\u00e5er<\/li>\n\n\n\n<li>To-faktor autentisering<\/li>\n\n\n\n<li>Regelmessige sikkerhetskontroller og systemoppdateringer<\/li>\n<\/ul>\n<\/div>\n\n\n\n<h3 class=\"wp-block-heading\" style=\"font-size:30px;font-style:normal;font-weight:700;line-height:1.2\">Dine rettigheter<\/h3>\n\n\n\n<div class=\"wp-block-group is-layout-constrained wp-container-core-group-is-layout-19e250f3 wp-block-group-is-layout-constrained\">\n<p class=\"has-normal-font-size\" style=\"line-height:1.6\">Det har du rett til:<\/p>\n\n\n\n<ul style=\"line-height:1.6\" class=\"has-normal-font-size wp-block-list\">\n<li>F\u00e5 tilgang til personopplysningene dine som er lagret hos oss<\/li>\n\n\n\n<li>Be om korrigering eller sletting av opplysningene dine<\/li>\n\n\n\n<li>Melde deg av mottak av markedsf\u00f8ringsmeldinger<\/li>\n\n\n\n<li>Begrense behandlingen av opplysningene dine i visse tilfeller<\/li>\n<\/ul>\n\n\n\n<p class=\"has-normal-font-size\" style=\"line-height:1.6\">For \u00e5 ut\u00f8ve disse rettighetene kan du kontakte oss via kontaktinformasjonen p\u00e5 nettstedet v\u00e5rt.<\/p>\n<\/div>\n\n\n\n<h3 class=\"wp-block-heading\" style=\"font-size:30px;font-style:normal;font-weight:700;line-height:1.2\">Endringer i personvernerkl\u00e6ringen<\/h3>\n\n\n\n<p class=\"has-normal-font-size\" style=\"line-height:1.6\">Vi kan oppdatere denne personvernerkl\u00e6ringen med jevne mellomrom. Alle endringer vil bli lagt ut p\u00e5 denne siden. Vi anbefaler at du sjekker denne siden regelmessig for \u00e5 holde deg oppdatert om eventuelle endringer.<\/p>\n<\/div>\n<\/div>\n<\/div>\n<\/div>\n<\/div><\/div>\n<\/div>\n\n\n\n<div class=\"wp-block-cover alignfull is-light\" style=\"padding-top:84px;padding-right:var(--wp--preset--spacing--30);padding-bottom:84px;padding-left:var(--wp--preset--spacing--30);min-height:50px;aspect-ratio:unset;\"><span aria-hidden=\"true\" class=\"wp-block-cover__background has-white-background-color has-background-dim-100 has-background-dim\"><\/span><div class=\"wp-block-cover__inner-container is-layout-flow wp-block-cover-is-layout-flow\">\n<div class=\"wp-block-group is-layout-constrained wp-container-core-group-is-layout-41c06ba8 wp-block-group-is-layout-constrained\">\n<h2 class=\"wp-block-heading has-text-align-center\" style=\"font-size:45px;font-style:normal;font-weight:700;line-height:1.2\">Takk for at du <em>valgte<\/em> BitexGas!<\/h2>\n<\/div>\n<\/div><\/div>\n<\/div>\n\n\n\n<div class=\"wp-block-cover alignfull\" style=\"margin-top:0;margin-bottom:0;padding-top:100px;padding-right:var(--wp--preset--spacing--30);padding-bottom:64px;padding-left:var(--wp--preset--spacing--30);min-height:50px;aspect-ratio:unset;\"><span aria-hidden=\"true\" class=\"wp-block-cover__background has-background-dim-100 has-background-dim\" style=\"background-color:#03045e\"><\/span><div class=\"wp-block-cover__inner-container is-layout-flow wp-block-cover-is-layout-flow\">\n<div class=\"wp-block-group is-layout-constrained wp-container-core-group-is-layout-a084365a wp-block-group-is-layout-constrained\">\n<div class=\"wp-block-columns is-layout-flex wp-container-core-columns-is-layout-e96d03bb wp-block-columns-is-layout-flex\">\n<div class=\"wp-block-column is-layout-flow wp-block-column-is-layout-flow\" style=\"flex-basis:190px\">\n<figure class=\"wp-block-image size-full\"><img loading=\"lazy\" decoding=\"async\" width=\"106\" height=\"32\" src=\"https:\/\/bitexgas.com\/wp-content\/uploads\/2024\/08\/Group-37372.png\" alt=\"\" class=\"wp-image-1322\"\/><\/figure>\n<\/div>\n\n\n\n<div class=\"wp-block-column is-vertically-aligned-center is-layout-flow wp-block-column-is-layout-flow\" style=\"flex-basis:66.66%\"><nav class=\"wp-block-navigation is-layout-flex wp-container-core-navigation-is-layout-04a1408d wp-block-navigation-is-layout-flex\" aria-label=\"Menu Header\"><ul class=\"wp-block-navigation__container  wp-block-navigation\"><li class=\" wp-block-navigation-item  menu-item menu-item-type-post_type menu-item-object-page wp-block-navigation-link\"><a class=\"wp-block-navigation-item__content\"  href=\"https:\/\/bitexgas.com\/?page_id=24\" title=\"\"><span class=\"wp-block-navigation-item__label\">Contact Us<\/span><\/a><\/li><li class=\" wp-block-navigation-item  menu-item menu-item-type-post_type menu-item-object-page wp-block-navigation-link\"><a class=\"wp-block-navigation-item__content\"  href=\"https:\/\/bitexgas.com\/?page_id=27\" title=\"\"><span class=\"wp-block-navigation-item__label\">About us<\/span><\/a><\/li><\/ul><\/nav><\/div>\n<\/div>\n\n\n\n<p class=\"has-normal-font-size\" style=\"line-height:1.6\">Brukere erkjenner at handel med kryptovaluta inneb\u00e6rer betydelig risiko.\nPrisene er ekstremt volatile og kan endre seg raskt, noe som kan f\u00f8re til potensielt betydelige tap.\nVi anbefaler at brukerne n\u00f8ye vurderer sin \u00f8konomiske situasjon og risikotoleranse f\u00f8r de begynner \u00e5 handle med kryptovaluta.\nDenne plattformen gir ikke r\u00e5d om investeringer, \u00f8konomi, juss, skatt eller noen annen form for r\u00e5dgivning.\nAll informasjon eller analyse som gis er kun for informasjonsform\u00e5l og skal ikke tolkes som et tilbud eller en oppfordring til kj\u00f8p eller salg av kryptovalutaer.\nPlattformen drives i samsvar med gjeldende lover og forskrifter.\nKryptovalutaforskrifter kan imidlertid variere etter jurisdiksjon og kan endres.\nBrukerne er ansvarlige for \u00e5 sikre at deres bruk av plattformen er i samsvar med lokale lover og regler.\nDet finnes ingen garantier for fortjeneste eller beskyttelse mot tap ved handel med kryptovaluta.\nTidligere resultater er ikke en indikasjon p\u00e5 fremtidige resultater.\nBrukere b\u00f8r v\u00e6re klar over at de kan tape hele sin investerte kapital.\nSelv om vi bestreber oss p\u00e5 \u00e5 tilby en p\u00e5litelig og sikker handelsplattform, kan vi ikke garantere uavbrutt tjeneste, og vi er ikke ansvarlige for eventuelle tap som f\u00f8lge av tekniske problemer, markedsforhold eller andre faktorer utenfor v\u00e5r kontroll.           <\/p>\n<\/div>\n<\/div><\/div>\n<\/div>\n\n<script src=\"https:\/\/cdn.jsdelivr.net\/npm\/locomotive-scroll@4.1.4\/dist\/locomotive-scroll.min.js\"><\/script><link href=\"https:\/\/cdn.jsdelivr.net\/npm\/locomotive-scroll@4.1.4\/dist\/locomotive-scroll.min.css\" rel=\"stylesheet\"\/><script>document.addEventListener('DOMContentLoaded', function() {\n    const locoScroll = new LocomotiveScroll({\n        el: document.querySelector(\"#page\"),\n        smooth: true\n    });\n    locoScroll.destroy();\n\n    setTimeout(function(){\n        locoScroll.init();\n    }, 100);\n});\n<\/script>\n","protected":false},"excerpt":{"rendered":"","protected":false},"author":1,"featured_media":0,"parent":0,"menu_order":0,"comment_status":"closed","ping_status":"closed","template":"","meta":{"_monsterinsights_skip_tracking":false,"_monsterinsights_sitenote_active":false,"_monsterinsights_sitenote_note":"","_monsterinsights_sitenote_category":0,"footnotes":""},"class_list":["post-1160","page","type-page","status-publish","hentry"],"_links":{"self":[{"href":"https:\/\/bitexgas.com\/no\/wp-json\/wp\/v2\/pages\/1160","targetHints":{"allow":["GET"]}}],"collection":[{"href":"https:\/\/bitexgas.com\/no\/wp-json\/wp\/v2\/pages"}],"about":[{"href":"https:\/\/bitexgas.com\/no\/wp-json\/wp\/v2\/types\/page"}],"author":[{"embeddable":true,"href":"https:\/\/bitexgas.com\/no\/wp-json\/wp\/v2\/users\/1"}],"replies":[{"embeddable":true,"href":"https:\/\/bitexgas.com\/no\/wp-json\/wp\/v2\/comments?post=1160"}],"version-history":[{"count":3,"href":"https:\/\/bitexgas.com\/no\/wp-json\/wp\/v2\/pages\/1160\/revisions"}],"predecessor-version":[{"id":1435,"href":"https:\/\/bitexgas.com\/no\/wp-json\/wp\/v2\/pages\/1160\/revisions\/1435"}],"wp:attachment":[{"href":"https:\/\/bitexgas.com\/no\/wp-json\/wp\/v2\/media?parent=1160"}],"curies":[{"name":"wp","href":"https:\/\/api.w.org\/{rel}","templated":true}]}}