
{"id":1130,"date":"2024-06-17T15:11:48","date_gmt":"2024-06-17T15:11:48","guid":{"rendered":"https:\/\/bitexgas.com\/vilkar\/"},"modified":"2024-08-02T09:56:51","modified_gmt":"2024-08-02T09:56:51","slug":"vilkar","status":"publish","type":"page","link":"https:\/\/bitexgas.com\/no\/vilkar\/","title":{"rendered":"Vilk\u00e5r"},"content":{"rendered":"\n<div class=\"wp-block-group alignfull is-layout-constrained wp-block-group-is-layout-constrained\" style=\"margin-top:0;margin-bottom:0\">\n<div class=\"wp-block-cover alignfull\" style=\"padding-top:80px;padding-right:var(--wp--preset--spacing--30);padding-bottom:80px;padding-left:var(--wp--preset--spacing--30);min-height:50px;aspect-ratio:unset;\"><span aria-hidden=\"true\" class=\"wp-block-cover__background has-background-dim-100 has-background-dim\" style=\"background-color:#03045e\"><\/span><div class=\"wp-block-cover__inner-container is-layout-flow wp-block-cover-is-layout-flow\">\n<div class=\"wp-block-group is-layout-constrained wp-container-core-group-is-layout-0c31acb7 wp-block-group-is-layout-constrained\">\n<h1 class=\"wp-block-heading has-text-align-center\" style=\"font-size:45px;font-style:normal;font-weight:700;line-height:1.2\">VILK\u00c5R FOR BRUK<\/h1>\n\n\n\n<div class=\"wp-block-columns is-layout-flex wp-container-core-columns-is-layout-e524df8a wp-block-columns-is-layout-flex\" id=\"terms-columns\">\n<div class=\"wp-block-column is-layout-flow wp-block-column-is-layout-flow\">\n<div class=\"wp-block-group policy-item has-background is-layout-constrained wp-container-core-group-is-layout-bb44bfd6 wp-block-group-is-layout-constrained\" style=\"border-radius:20px;background-color:#0006b1;padding-top:48px;padding-right:25px;padding-bottom:48px;padding-left:25px\">\n<h4 class=\"wp-block-heading\" style=\"font-size:30px;font-style:normal;font-weight:700;line-height:1.2\">1. Innledning<\/h4>\n\n\n\n<div class=\"wp-block-group is-layout-constrained wp-container-core-group-is-layout-19e250f3 wp-block-group-is-layout-constrained\">\n<p class=\"has-normal-font-size\" style=\"line-height:1.6\">1.1. Velkommen til BitexGas! F\u00f8r du begynner \u00e5 bruke nettstedet og tjenestene v\u00e5re, ber vi deg lese disse vilk\u00e5rene for bruk n\u00f8ye. Ved \u00e5 fortsette \u00e5 bruke nettstedet v\u00e5rt, godtar du disse vilk\u00e5rene. <\/p>\n\n\n\n<p class=\"has-normal-font-size\" style=\"line-height:1.6\">1.2.\nBitexGas provides a platform for trading and investing in oil and gas.\nThese terms govern the relationship between BitexGas and the users of the platform.  <\/p>\n<\/div>\n\n\n\n<h4 class=\"wp-block-heading\" style=\"font-size:30px;font-style:normal;font-weight:700;line-height:1.2\">2. Brukerrettigheter<\/h4>\n\n\n\n<div class=\"wp-block-group is-layout-constrained wp-container-core-group-is-layout-19e250f3 wp-block-group-is-layout-constrained\">\n<p class=\"has-normal-font-size\" style=\"line-height:1.6\">2.1.\nUsers must be over 18 years of age and have full legal capacity to use BitexGas services. <\/p>\n\n\n\n<p class=\"has-normal-font-size\" style=\"line-height:1.6\">2.2. Brukerne m\u00e5 oppgi n\u00f8yaktig informasjon under registreringen og bruke plattformen i samsvar med gjeldende lover og disse vilk\u00e5rene.<\/p>\n<\/div>\n\n\n\n<h4 class=\"wp-block-heading\" style=\"font-size:30px;font-style:normal;font-weight:700;line-height:1.2\">3. Adgangsbegrensninger<\/h4>\n\n\n\n<div class=\"wp-block-group is-layout-constrained wp-container-core-group-is-layout-19e250f3 wp-block-group-is-layout-constrained\">\n<p class=\"has-normal-font-size\" style=\"line-height:1.6\">3.1.\nBitexGas reserves the right to restrict access to the platform or certain features at its discretion without prior notice.   <\/p>\n\n\n\n<p class=\"has-normal-font-size\" style=\"line-height:1.6\">3.2.\nIn the event of a violation of these terms or conditions of use by the user, BitexGas may suspend or terminate the user&#8217;s access to the platform. <\/p>\n<\/div>\n\n\n\n<h4 class=\"wp-block-heading\" style=\"font-size:30px;font-style:normal;font-weight:700;line-height:1.2\">4. Forbudte handlinger<\/h4>\n\n\n\n<div class=\"wp-block-group is-layout-constrained wp-container-core-group-is-layout-19e250f3 wp-block-group-is-layout-constrained\">\n<p class=\"has-normal-font-size\" style=\"line-height:1.6\">4.1. Brukere har ikke lov til \u00e5:<\/p>\n\n\n\n<p class=\"has-normal-font-size\" style=\"line-height:1.6\">4.1.1. Bruk av plattformen til ulovlige eller uredelige aktiviteter.<\/p>\n\n\n\n<p class=\"has-normal-font-size\" style=\"line-height:1.6\">4.1.2.\nViolating the intellectual property rights of BitexGas or third parties.\u2028 <\/p>\n\n\n\n<p class=\"has-normal-font-size\" style=\"line-height:1.6\">4.1.3. Forstyrre driften av plattformen eller fors\u00f8ke \u00e5 omg\u00e5 sikkerhetssystemene.<\/p>\n\n\n\n<p class=\"has-normal-font-size\" style=\"line-height:1.6\">4.1.4. Distribusjon av skadelig programvare, virus eller annen ondsinnet programvare.<\/p>\n<\/div>\n\n\n\n<h4 class=\"wp-block-heading\" style=\"font-size:30px;font-style:normal;font-weight:700;line-height:1.2\">5. Immaterielle rettigheter<\/h4>\n\n\n\n<div class=\"wp-block-group is-layout-constrained wp-container-core-group-is-layout-19e250f3 wp-block-group-is-layout-constrained\">\n<p class=\"has-normal-font-size\" style=\"line-height:1.6\">5.1. Alt materiale som legges ut p\u00e5 BitexGas-plattformen, inkludert tekster, grafikk, logoer og programvare, tilh\u00f8rer BitexGas og er beskyttet av opphavsrett og andre lover om immaterielle rettigheter. <\/p>\n\n\n\n<p class=\"has-normal-font-size\" style=\"line-height:1.6\">5.2.\nUsers are not permitted to copy, modify, distribute, or use the platform materials without prior written permission from BitexGas. <\/p>\n<\/div>\n<\/div>\n<\/div>\n\n\n\n<div class=\"wp-block-column is-vertically-aligned-stretch is-layout-flow wp-block-column-is-layout-flow\">\n<div class=\"wp-block-group policy-item has-background is-layout-constrained wp-container-core-group-is-layout-bb44bfd6 wp-block-group-is-layout-constrained\" style=\"border-radius:20px;background-color:#0006b1;padding-top:48px;padding-right:25px;padding-bottom:48px;padding-left:25px\">\n<h4 class=\"wp-block-heading\" style=\"font-size:30px;font-style:normal;font-weight:700;line-height:1.2\">6. Begrensning av erstatningsansvar<\/h4>\n\n\n\n<div class=\"wp-block-group is-layout-constrained wp-container-core-group-is-layout-19e250f3 wp-block-group-is-layout-constrained\">\n<p class=\"has-normal-font-size\" style=\"line-height:1.6\">6.1.\nBitexGas is not responsible for any losses or damages resulting from the use of the platform, except as provided by law. <\/p>\n\n\n\n<p class=\"has-normal-font-size\" style=\"line-height:1.6\">6.2.\nBitexGas does not guarantee uninterrupted operation of the platform and is not responsible for temporary interruptions or technical malfunctions. <\/p>\n<\/div>\n\n\n\n<h4 class=\"wp-block-heading\" style=\"font-size:30px;font-style:normal;font-weight:700;line-height:1.2\">7. Endringer i disse vilk\u00e5rene<\/h4>\n\n\n\n<div class=\"wp-block-group is-layout-constrained wp-container-core-group-is-layout-19e250f3 wp-block-group-is-layout-constrained\">\n<p class=\"has-normal-font-size\" style=\"line-height:1.6\">7.1.\nBitexGas reserves the right to make changes to these terms of use at any time.  Alle endringer vil bli lagt ut p\u00e5 denne siden.<\/p>\n\n\n\n<p class=\"has-normal-font-size\" style=\"line-height:1.6\">7.2. Vi anbefaler at du regelmessig sjekker denne siden for oppdateringer av bruksvilk\u00e5rene.<\/p>\n<\/div>\n\n\n\n<h4 class=\"wp-block-heading\" style=\"font-size:30px;font-style:normal;font-weight:700;line-height:1.2\">8. Oppsigelse<\/h4>\n\n\n\n<div class=\"wp-block-group is-layout-constrained wp-container-core-group-is-layout-19e250f3 wp-block-group-is-layout-constrained\">\n<p class=\"has-normal-font-size\" style=\"line-height:1.6\">8.1. Brukeren kan n\u00e5r som helst avslutte bruken av plattformen ved \u00e5 slette kontoen sin.<\/p>\n\n\n\n<p class=\"has-normal-font-size\" style=\"line-height:1.6\">8.2.\nBitexGas may suspend or terminate the user&#8217;s access to the platform in case of violation of these terms or conditions of use. <\/p>\n<\/div>\n\n\n\n<h4 class=\"wp-block-heading\" style=\"font-size:30px;font-style:normal;font-weight:700;line-height:1.2\">9. Gjeldende lov og jurisdiksjon<\/h4>\n\n\n\n<div class=\"wp-block-group is-layout-constrained wp-container-core-group-is-layout-19e250f3 wp-block-group-is-layout-constrained\">\n<p class=\"has-normal-font-size\" style=\"line-height:1.6\">9.1. Disse bruksvilk\u00e5rene er underlagt gjeldende lovgivning.<\/p>\n\n\n\n<p class=\"has-normal-font-size\" style=\"line-height:1.6\">9.2.\nAll disputes arising in connection with the use of the BitexGas platform are subject to the jurisdiction of the competent courts. <\/p>\n<\/div>\n<\/div>\n<\/div>\n<\/div>\n<\/div>\n<\/div><\/div>\n<\/div>\n\n<div class=\"wp-block-group alignfull is-layout-constrained wp-block-group-is-layout-constrained\" style=\"margin-top:0;margin-bottom:0\">\n<div class=\"wp-block-cover alignfull is-light\" style=\"padding-top:80px;padding-right:var(--wp--preset--spacing--30);padding-bottom:80px;padding-left:var(--wp--preset--spacing--30);min-height:268px;aspect-ratio:unset;\"><span aria-hidden=\"true\" class=\"wp-block-cover__background has-white-background-color has-background-dim-100 has-background-dim\"><\/span><div class=\"wp-block-cover__inner-container is-layout-flow wp-block-cover-is-layout-flow\">\n<div class=\"wp-block-group is-layout-constrained wp-container-core-group-is-layout-41c06ba8 wp-block-group-is-layout-constrained\">\n<h2 class=\"wp-block-heading has-text-align-center has-black-color has-text-color has-link-color wp-elements-4894fb4bdd20f4b0e7517b290612d890\" style=\"font-size:45px;font-style:normal;font-weight:700;line-height:1.2\">Takk for at du <em>valgte <\/em>BitexGas!<\/h2>\n<\/div>\n<\/div><\/div>\n<\/div>\n\n<div class=\"wp-block-group alignfull is-layout-constrained wp-block-group-is-layout-constrained\" id=\"footer\" style=\"margin-top:0;margin-bottom:0\">\n<div class=\"wp-block-cover alignfull\" style=\"padding-top:100px;padding-right:var(--wp--preset--spacing--30);padding-bottom:64px;padding-left:var(--wp--preset--spacing--30);min-height:50px;aspect-ratio:unset;\" id=\"footer\"><span aria-hidden=\"true\" class=\"wp-block-cover__background has-background-dim-100 has-background-dim\" style=\"background-color:#03045e\"><\/span><div class=\"wp-block-cover__inner-container is-layout-flow wp-block-cover-is-layout-flow\">\n<div class=\"wp-block-group is-layout-constrained wp-container-core-group-is-layout-a084365a wp-block-group-is-layout-constrained\">\n<div class=\"wp-block-columns is-layout-flex wp-container-core-columns-is-layout-e96d03bb wp-block-columns-is-layout-flex\">\n<div class=\"wp-block-column is-layout-flow wp-block-column-is-layout-flow\" style=\"flex-basis:190px\">\n<figure class=\"wp-block-image size-full\"><img loading=\"lazy\" decoding=\"async\" width=\"106\" height=\"32\" src=\"https:\/\/bitexgas.com\/wp-content\/uploads\/2024\/08\/Group-37372.png\" alt=\"\" class=\"wp-image-1322\"\/><\/figure>\n<\/div>\n\n\n\n<div class=\"wp-block-column is-vertically-aligned-center is-layout-flow wp-block-column-is-layout-flow\" style=\"flex-basis:66.66%\"><nav class=\"wp-block-navigation is-layout-flex wp-container-core-navigation-is-layout-04a1408d wp-block-navigation-is-layout-flex\" aria-label=\"Menu Header\"><ul class=\"wp-block-navigation__container  wp-block-navigation\"><li class=\" wp-block-navigation-item  menu-item menu-item-type-post_type menu-item-object-page wp-block-navigation-link\"><a class=\"wp-block-navigation-item__content\"  href=\"https:\/\/bitexgas.com\/?page_id=24\" title=\"\"><span class=\"wp-block-navigation-item__label\">Contact Us<\/span><\/a><\/li><li class=\" wp-block-navigation-item  menu-item menu-item-type-post_type menu-item-object-page wp-block-navigation-link\"><a class=\"wp-block-navigation-item__content\"  href=\"https:\/\/bitexgas.com\/?page_id=27\" title=\"\"><span class=\"wp-block-navigation-item__label\">About us<\/span><\/a><\/li><\/ul><\/nav><\/div>\n<\/div>\n\n\n\n<p class=\"has-normal-font-size\" style=\"line-height:1.6\">Brukere erkjenner at handel med kryptovaluta inneb\u00e6rer betydelig risiko.\nPrisene er ekstremt volatile og kan endre seg raskt, noe som kan f\u00f8re til potensielt betydelige tap.\nVi anbefaler at brukerne n\u00f8ye vurderer sin \u00f8konomiske situasjon og risikotoleranse f\u00f8r de begynner \u00e5 handle med kryptovaluta.\nDenne plattformen gir ikke r\u00e5d om investeringer, \u00f8konomi, juss, skatt eller noen annen form for r\u00e5dgivning.\nAll informasjon eller analyse som gis er kun for informasjonsform\u00e5l og skal ikke tolkes som et tilbud eller en oppfordring til kj\u00f8p eller salg av kryptovalutaer.\nPlattformen drives i samsvar med gjeldende lover og forskrifter.\nKryptovalutaforskrifter kan imidlertid variere etter jurisdiksjon og kan endres.\nBrukerne er ansvarlige for \u00e5 sikre at deres bruk av plattformen er i samsvar med lokale lover og regler.\nDet finnes ingen garantier for fortjeneste eller beskyttelse mot tap ved handel med kryptovaluta.\nTidligere resultater er ikke en indikasjon p\u00e5 fremtidige resultater.\nBrukere b\u00f8r v\u00e6re klar over at de kan tape hele sin investerte kapital.\nSelv om vi bestreber oss p\u00e5 \u00e5 tilby en p\u00e5litelig og sikker handelsplattform, kan vi ikke garantere uavbrutt tjeneste, og vi er ikke ansvarlige for eventuelle tap som f\u00f8lge av tekniske problemer, markedsforhold eller andre faktorer utenfor v\u00e5r kontroll.           <\/p>\n<\/div>\n<\/div><\/div>\n<\/div>\n\n<script src=\"https:\/\/cdn.jsdelivr.net\/npm\/locomotive-scroll@4.1.4\/dist\/locomotive-scroll.min.js\"><\/script><link href=\"https:\/\/cdn.jsdelivr.net\/npm\/locomotive-scroll@4.1.4\/dist\/locomotive-scroll.min.css\" rel=\"stylesheet\"\/><script>document.addEventListener('DOMContentLoaded', function() {\n    const locoScroll = new LocomotiveScroll({\n        el: document.querySelector(\"#page\"),\n        smooth: true\n    });\n    locoScroll.destroy();\n\n    setTimeout(function(){\n        locoScroll.init();\n    }, 100);\n});\n<\/script>\n","protected":false},"excerpt":{"rendered":"","protected":false},"author":1,"featured_media":0,"parent":0,"menu_order":0,"comment_status":"closed","ping_status":"closed","template":"","meta":{"_monsterinsights_skip_tracking":false,"_monsterinsights_sitenote_active":false,"_monsterinsights_sitenote_note":"","_monsterinsights_sitenote_category":0,"footnotes":""},"class_list":["post-1130","page","type-page","status-publish","hentry"],"_links":{"self":[{"href":"https:\/\/bitexgas.com\/no\/wp-json\/wp\/v2\/pages\/1130","targetHints":{"allow":["GET"]}}],"collection":[{"href":"https:\/\/bitexgas.com\/no\/wp-json\/wp\/v2\/pages"}],"about":[{"href":"https:\/\/bitexgas.com\/no\/wp-json\/wp\/v2\/types\/page"}],"author":[{"embeddable":true,"href":"https:\/\/bitexgas.com\/no\/wp-json\/wp\/v2\/users\/1"}],"replies":[{"embeddable":true,"href":"https:\/\/bitexgas.com\/no\/wp-json\/wp\/v2\/comments?post=1130"}],"version-history":[{"count":2,"href":"https:\/\/bitexgas.com\/no\/wp-json\/wp\/v2\/pages\/1130\/revisions"}],"predecessor-version":[{"id":1445,"href":"https:\/\/bitexgas.com\/no\/wp-json\/wp\/v2\/pages\/1130\/revisions\/1445"}],"wp:attachment":[{"href":"https:\/\/bitexgas.com\/no\/wp-json\/wp\/v2\/media?parent=1130"}],"curies":[{"name":"wp","href":"https:\/\/api.w.org\/{rel}","templated":true}]}}