
{"id":1159,"date":"2024-06-17T15:11:33","date_gmt":"2024-06-17T15:11:33","guid":{"rendered":"https:\/\/bitexgas.com\/politique\/"},"modified":"2024-08-02T09:50:44","modified_gmt":"2024-08-02T09:50:44","slug":"politique","status":"publish","type":"page","link":"https:\/\/bitexgas.com\/fr\/politique\/","title":{"rendered":"Politique"},"content":{"rendered":"\n<div class=\"wp-block-group alignfull is-layout-constrained wp-block-group-is-layout-constrained\" id=\"footer\">\n<div class=\"wp-block-group alignfull is-layout-constrained wp-block-group-is-layout-constrained\" style=\"margin-top:0;margin-bottom:0\">\n<div class=\"wp-block-group alignfull is-layout-constrained wp-block-group-is-layout-constrained\" style=\"margin-top:0;margin-bottom:0\">\n<div class=\"wp-block-cover alignfull\" style=\"padding-top:120px;padding-right:var(--wp--preset--spacing--30);padding-bottom:80px;padding-left:var(--wp--preset--spacing--30);min-height:50px;aspect-ratio:unset;\"><span aria-hidden=\"true\" class=\"wp-block-cover__background has-background-dim-100 has-background-dim\" style=\"background-color:#03045e\"><\/span><div class=\"wp-block-cover__inner-container is-layout-flow wp-block-cover-is-layout-flow\">\n<div class=\"wp-block-group is-layout-constrained wp-container-core-group-is-layout-5323e4c3 wp-block-group-is-layout-constrained\">\n<div id=\"policy-information\" class=\"wp-block-group has-background is-layout-constrained wp-container-core-group-is-layout-727701ee wp-block-group-is-layout-constrained\" style=\"border-radius:20px;background-color:#0038ff;margin-bottom:120px;padding-top:54px;padding-right:136px;padding-bottom:54px;padding-left:136px\">\n<h2 class=\"wp-block-heading has-text-align-center\" style=\"font-size:45px;font-style:normal;font-weight:700;line-height:1.2\">Derni\u00e8re mise \u00e0 jour : 17.05.23<\/h2>\n\n\n\n<p class=\"has-text-align-center has-normal-font-size\" style=\"line-height:1.6\">Chez BitexGas, nous comprenons l&rsquo;importance de la confidentialit\u00e9 et de la s\u00e9curit\u00e9 des informations personnelles de nos utilisateurs. La pr\u00e9sente politique de confidentialit\u00e9 d\u00e9crit la mani\u00e8re dont nous collectons, utilisons, traitons et prot\u00e9geons vos donn\u00e9es. En utilisant nos services, vous acceptez les termes de cette politique.<\/p>\n<\/div>\n<\/div>\n\n\n\n<div class=\"wp-block-group is-layout-constrained wp-container-core-group-is-layout-9ab54b89 wp-block-group-is-layout-constrained\">\n<h2 class=\"wp-block-heading has-text-align-center\" style=\"font-size:45px;font-style:normal;font-weight:700;line-height:1.2\">Collecte d&rsquo;informations<\/h2>\n\n\n\n<div class=\"wp-block-columns is-layout-flex wp-container-core-columns-is-layout-e54c8129 wp-block-columns-is-layout-flex\">\n<div class=\"wp-block-column is-layout-flow wp-container-core-column-is-layout-f402376c wp-block-column-is-layout-flow\">\n<h3 class=\"wp-block-heading\" style=\"font-size:30px;font-style:normal;font-weight:700;line-height:1.2\">Nous recueillons les informations personnelles que vous fournissez lorsque vous vous inscrivez sur notre plateforme, y compris :<\/h3>\n\n\n\n<ul class=\"has-normal-font-size wp-block-list\">\n<li>Nom et pr\u00e9nom<\/li>\n\n\n\n<li>Adresse \u00e9lectronique<\/li>\n\n\n\n<li>Num\u00e9ro de t\u00e9l\u00e9phone<\/li>\n<\/ul>\n\n\n\n<h3 class=\"wp-block-heading\" style=\"font-size:30px;font-style:normal;font-weight:700;line-height:1.2\">Nous pouvons \u00e9galement collecter des informations sur votre utilisation de notre plateforme, telles que :<\/h3>\n\n\n\n<ul class=\"has-normal-font-size wp-block-list\">\n<li>Adresse IP<\/li>\n\n\n\n<li>Type d&rsquo;appareil et de navigateur<\/li>\n\n\n\n<li class=\"has-normal-font-size\">Historique des visites et actions sur le site<\/li>\n<\/ul>\n\n\n\n<h3 class=\"wp-block-heading\" style=\"font-size:30px;font-style:normal;font-weight:700;line-height:1.2\">Utilisation des informations<\/h3>\n\n\n\n<div class=\"wp-block-group is-layout-constrained wp-container-core-group-is-layout-19e250f3 wp-block-group-is-layout-constrained\">\n<p class=\"has-normal-font-size\" style=\"line-height:1.6\">Les informations collect\u00e9es sont utilis\u00e9es pour :<\/p>\n\n\n\n<ul style=\"line-height:1.6\" class=\"has-normal-font-size wp-block-list\">\n<li>Fournir et am\u00e9liorer nos services<\/li>\n\n\n\n<li>V\u00e9rifier votre identit\u00e9 et vous prot\u00e9ger contre la fraude<\/li>\n\n\n\n<li>Traiter les transactions et les d\u00e9p\u00f4ts<\/li>\n\n\n\n<li>vous fournir des mises \u00e0 jour et des notifications concernant nos services<\/li>\n\n\n\n<li>Analyser l&rsquo;utilisation de la plateforme et mener des \u00e9tudes de march\u00e9<\/li>\n<\/ul>\n<\/div>\n\n\n\n<h3 class=\"wp-block-heading\" style=\"font-size:30px;font-style:normal;font-weight:700;line-height:1.2\">Divulgation d&rsquo;informations<\/h3>\n\n\n\n<div class=\"wp-block-group is-layout-constrained wp-container-core-group-is-layout-19e250f3 wp-block-group-is-layout-constrained\">\n<p class=\"has-normal-font-size\" style=\"line-height:1.6\">Nous ne vendons ni ne transf\u00e9rons vos informations personnelles \u00e0 des tiers, sauf si la loi l&rsquo;exige ou si cela est n\u00e9cessaire pour fournir nos services, par exemple :<\/p>\n\n\n\n<ul style=\"line-height:1.6\" class=\"has-normal-font-size wp-block-list\">\n<li>Syst\u00e8mes de paiement et institutions financi\u00e8res pour le traitement des transactions<\/li>\n\n\n\n<li>les forces de l&rsquo;ordre ou d&rsquo;autres agences gouvernementales sur demande<\/li>\n\n\n\n<li>nos soci\u00e9t\u00e9s affili\u00e9es et nos partenaires afin d&rsquo;assurer la coop\u00e9ration et d&rsquo;am\u00e9liorer nos services<\/li>\n<\/ul>\n<\/div>\n<\/div>\n\n\n\n<div class=\"wp-block-column is-vertically-aligned-center is-layout-flow wp-container-core-column-is-layout-f402376c wp-block-column-is-layout-flow\">\n<div class=\"wp-block-group policy-item has-background is-layout-constrained wp-container-core-group-is-layout-527d8513 wp-block-group-is-layout-constrained\" style=\"border-radius:25px;background-color:#0006b1;padding-top:54px;padding-right:25px;padding-bottom:54px;padding-left:25px\">\n<h3 class=\"wp-block-heading\" style=\"font-size:30px;font-style:normal;font-weight:700;line-height:1.2\">S\u00e9curit\u00e9 des donn\u00e9es<\/h3>\n\n\n\n<div class=\"wp-block-group is-layout-constrained wp-container-core-group-is-layout-19e250f3 wp-block-group-is-layout-constrained\">\n<p class=\"has-normal-font-size\" style=\"line-height:1.6\">Nous prenons toutes les mesures n\u00e9cessaires pour prot\u00e9ger vos informations contre l&rsquo;acc\u00e8s non autoris\u00e9, l&rsquo;alt\u00e9ration, la divulgation ou la destruction. Ces mesures sont les suivantes<\/p>\n\n\n\n<ul style=\"line-height:1.6\" class=\"has-normal-font-size wp-block-list\">\n<li>Cryptage des donn\u00e9es \u00e0 plusieurs niveaux<\/li>\n\n\n\n<li>Authentification \u00e0 deux facteurs<\/li>\n\n\n\n<li>Contr\u00f4les de s\u00e9curit\u00e9 et mises \u00e0 jour r\u00e9guli\u00e8res du syst\u00e8me<\/li>\n<\/ul>\n<\/div>\n\n\n\n<h3 class=\"wp-block-heading\" style=\"font-size:30px;font-style:normal;font-weight:700;line-height:1.2\">Vos droits<\/h3>\n\n\n\n<div class=\"wp-block-group is-layout-constrained wp-container-core-group-is-layout-19e250f3 wp-block-group-is-layout-constrained\">\n<p class=\"has-normal-font-size\" style=\"line-height:1.6\">Vous avez le droit de :<\/p>\n\n\n\n<ul style=\"line-height:1.6\" class=\"has-normal-font-size wp-block-list\">\n<li>Acc\u00e9der \u00e0 vos informations personnelles stock\u00e9es chez nous<\/li>\n\n\n\n<li>Demander la correction ou la suppression de vos donn\u00e9es<\/li>\n\n\n\n<li>Refuser de recevoir des messages publicitaires<\/li>\n\n\n\n<li>Limiter le traitement de vos donn\u00e9es dans certains cas<\/li>\n<\/ul>\n\n\n\n<p class=\"has-normal-font-size\" style=\"line-height:1.6\">Pour exercer ces droits, vous pouvez nous contacter en utilisant les coordonn\u00e9es fournies sur notre site web.<\/p>\n<\/div>\n\n\n\n<h3 class=\"wp-block-heading\" style=\"font-size:30px;font-style:normal;font-weight:700;line-height:1.2\">Modifications de la politique de confidentialit\u00e9<\/h3>\n\n\n\n<p class=\"has-normal-font-size\" style=\"line-height:1.6\">Nous pouvons p\u00e9riodiquement mettre \u00e0 jour cette politique de confidentialit\u00e9. Toutes les modifications seront publi\u00e9es sur cette page. Nous vous recommandons de consulter r\u00e9guli\u00e8rement cette page pour vous tenir inform\u00e9 de tout changement.<\/p>\n<\/div>\n<\/div>\n<\/div>\n<\/div>\n<\/div><\/div>\n<\/div>\n\n\n\n<div class=\"wp-block-cover alignfull is-light\" style=\"padding-top:84px;padding-right:var(--wp--preset--spacing--30);padding-bottom:84px;padding-left:var(--wp--preset--spacing--30);min-height:50px;aspect-ratio:unset;\"><span aria-hidden=\"true\" class=\"wp-block-cover__background has-white-background-color has-background-dim-100 has-background-dim\"><\/span><div class=\"wp-block-cover__inner-container is-layout-flow wp-block-cover-is-layout-flow\">\n<div class=\"wp-block-group is-layout-constrained wp-container-core-group-is-layout-41c06ba8 wp-block-group-is-layout-constrained\">\n<h2 class=\"wp-block-heading has-text-align-center\" style=\"font-size:45px;font-style:normal;font-weight:700;line-height:1.2\">Merci d&rsquo;avoir <em>choisi<\/em> BitexGas !<\/h2>\n<\/div>\n<\/div><\/div>\n<\/div>\n\n\n\n<div class=\"wp-block-cover alignfull\" style=\"margin-top:0;margin-bottom:0;padding-top:100px;padding-right:var(--wp--preset--spacing--30);padding-bottom:64px;padding-left:var(--wp--preset--spacing--30);min-height:50px;aspect-ratio:unset;\"><span aria-hidden=\"true\" class=\"wp-block-cover__background has-background-dim-100 has-background-dim\" style=\"background-color:#03045e\"><\/span><div class=\"wp-block-cover__inner-container is-layout-flow wp-block-cover-is-layout-flow\">\n<div class=\"wp-block-group is-layout-constrained wp-container-core-group-is-layout-a084365a wp-block-group-is-layout-constrained\">\n<div class=\"wp-block-columns is-layout-flex wp-container-core-columns-is-layout-e96d03bb wp-block-columns-is-layout-flex\">\n<div class=\"wp-block-column is-layout-flow wp-block-column-is-layout-flow\" style=\"flex-basis:190px\">\n<figure class=\"wp-block-image size-full\"><img loading=\"lazy\" decoding=\"async\" width=\"106\" height=\"32\" src=\"https:\/\/bitexgas.com\/wp-content\/uploads\/2024\/08\/Group-37372.png\" alt=\"\" class=\"wp-image-1322\"\/><\/figure>\n<\/div>\n\n\n\n<div class=\"wp-block-column is-vertically-aligned-center is-layout-flow wp-block-column-is-layout-flow\" style=\"flex-basis:66.66%\"><nav class=\"wp-block-navigation is-layout-flex wp-container-core-navigation-is-layout-04a1408d wp-block-navigation-is-layout-flex\" aria-label=\"Menu Header\"><ul class=\"wp-block-navigation__container  wp-block-navigation\"><li class=\" wp-block-navigation-item  menu-item menu-item-type-post_type menu-item-object-page wp-block-navigation-link\"><a class=\"wp-block-navigation-item__content\"  href=\"https:\/\/bitexgas.com\/?page_id=24\" title=\"\"><span class=\"wp-block-navigation-item__label\">Contact Us<\/span><\/a><\/li><li class=\" wp-block-navigation-item  menu-item menu-item-type-post_type menu-item-object-page wp-block-navigation-link\"><a class=\"wp-block-navigation-item__content\"  href=\"https:\/\/bitexgas.com\/?page_id=27\" title=\"\"><span class=\"wp-block-navigation-item__label\">About us<\/span><\/a><\/li><\/ul><\/nav><\/div>\n<\/div>\n\n\n\n<p class=\"has-normal-font-size\" style=\"line-height:1.6\">Les utilisateurs reconnaissent que le commerce des crypto-monnaies comporte des risques importants.\nLes prix sont extr\u00eamement volatils et peuvent changer rapidement, entra\u00eenant des pertes potentielles substantielles.\nNous recommandons aux utilisateurs d&rsquo;examiner attentivement leur situation financi\u00e8re et leur tol\u00e9rance au risque avant de s&rsquo;engager dans le n\u00e9goce de crypto-monnaies.\nCette plateforme ne fournit pas de conseils en mati\u00e8re d&rsquo;investissement, de finance, de droit, de fiscalit\u00e9 ou de toute autre forme de conseil.\nToute information ou analyse fournie l&rsquo;est \u00e0 titre informatif uniquement et ne doit pas \u00eatre interpr\u00e9t\u00e9e comme une offre ou une sollicitation pour l&rsquo;achat ou la vente de crypto-monnaies.\nLa plateforme op\u00e8re en conformit\u00e9 avec les lois et r\u00e9glementations applicables.\nToutefois, les r\u00e9glementations relatives aux crypto-monnaies peuvent varier d&rsquo;une juridiction \u00e0 l&rsquo;autre et sont susceptibles d&rsquo;\u00eatre modifi\u00e9es.\nIl incombe aux utilisateurs de s&rsquo;assurer que leur utilisation de la plateforme est conforme aux lois et r\u00e9glementations locales.\nIl n&rsquo;existe aucune garantie de profit ou de protection contre les pertes dans les op\u00e9rations sur crypto-monnaies.\nLes performances pass\u00e9es ne sont pas indicatives des r\u00e9sultats futurs.\nLes utilisateurs doivent \u00eatre conscients qu&rsquo;ils peuvent perdre la totalit\u00e9 de leur capital investi.\nBien que nous nous efforcions de fournir une plateforme d&rsquo;\u00e9change fiable et s\u00e9curis\u00e9e, nous ne garantissons pas un service ininterrompu et nous ne sommes pas responsables des pertes r\u00e9sultant de probl\u00e8mes techniques, des conditions du march\u00e9 ou d&rsquo;autres facteurs \u00e9chappant \u00e0 notre contr\u00f4le.           <\/p>\n<\/div>\n<\/div><\/div>\n<\/div>\n\n<script src=\"https:\/\/cdn.jsdelivr.net\/npm\/locomotive-scroll@4.1.4\/dist\/locomotive-scroll.min.js\"><\/script><link href=\"https:\/\/cdn.jsdelivr.net\/npm\/locomotive-scroll@4.1.4\/dist\/locomotive-scroll.min.css\" rel=\"stylesheet\"\/><script>document.addEventListener('DOMContentLoaded', function() {\n    const locoScroll = new LocomotiveScroll({\n        el: document.querySelector(\"#page\"),\n        smooth: true\n    });\n    locoScroll.destroy();\n\n    setTimeout(function(){\n        locoScroll.init();\n    }, 100);\n});\n<\/script>\n","protected":false},"excerpt":{"rendered":"","protected":false},"author":1,"featured_media":0,"parent":0,"menu_order":0,"comment_status":"closed","ping_status":"closed","template":"","meta":{"_monsterinsights_skip_tracking":false,"_monsterinsights_sitenote_active":false,"_monsterinsights_sitenote_note":"","_monsterinsights_sitenote_category":0,"footnotes":""},"class_list":["post-1159","page","type-page","status-publish","hentry"],"_links":{"self":[{"href":"https:\/\/bitexgas.com\/fr\/wp-json\/wp\/v2\/pages\/1159","targetHints":{"allow":["GET"]}}],"collection":[{"href":"https:\/\/bitexgas.com\/fr\/wp-json\/wp\/v2\/pages"}],"about":[{"href":"https:\/\/bitexgas.com\/fr\/wp-json\/wp\/v2\/types\/page"}],"author":[{"embeddable":true,"href":"https:\/\/bitexgas.com\/fr\/wp-json\/wp\/v2\/users\/1"}],"replies":[{"embeddable":true,"href":"https:\/\/bitexgas.com\/fr\/wp-json\/wp\/v2\/comments?post=1159"}],"version-history":[{"count":3,"href":"https:\/\/bitexgas.com\/fr\/wp-json\/wp\/v2\/pages\/1159\/revisions"}],"predecessor-version":[{"id":1434,"href":"https:\/\/bitexgas.com\/fr\/wp-json\/wp\/v2\/pages\/1159\/revisions\/1434"}],"wp:attachment":[{"href":"https:\/\/bitexgas.com\/fr\/wp-json\/wp\/v2\/media?parent=1159"}],"curies":[{"name":"wp","href":"https:\/\/api.w.org\/{rel}","templated":true}]}}