
{"id":1105,"date":"2024-06-17T15:11:48","date_gmt":"2024-06-17T15:11:48","guid":{"rendered":"https:\/\/bitexgas.com\/conditions\/"},"modified":"2024-08-02T09:57:03","modified_gmt":"2024-08-02T09:57:03","slug":"conditions","status":"publish","type":"page","link":"https:\/\/bitexgas.com\/fr\/conditions\/","title":{"rendered":"Conditions"},"content":{"rendered":"\n<div class=\"wp-block-group alignfull is-layout-constrained wp-block-group-is-layout-constrained\" style=\"margin-top:0;margin-bottom:0\">\n<div class=\"wp-block-cover alignfull\" style=\"padding-top:80px;padding-right:var(--wp--preset--spacing--30);padding-bottom:80px;padding-left:var(--wp--preset--spacing--30);min-height:50px;aspect-ratio:unset;\"><span aria-hidden=\"true\" class=\"wp-block-cover__background has-background-dim-100 has-background-dim\" style=\"background-color:#03045e\"><\/span><div class=\"wp-block-cover__inner-container is-layout-flow wp-block-cover-is-layout-flow\">\n<div class=\"wp-block-group is-layout-constrained wp-container-core-group-is-layout-0c31acb7 wp-block-group-is-layout-constrained\">\n<h1 class=\"wp-block-heading has-text-align-center\" style=\"font-size:45px;font-style:normal;font-weight:700;line-height:1.2\">CONDITIONS D&rsquo;UTILISATION<\/h1>\n\n\n\n<div class=\"wp-block-columns is-layout-flex wp-container-core-columns-is-layout-e524df8a wp-block-columns-is-layout-flex\" id=\"terms-columns\">\n<div class=\"wp-block-column is-layout-flow wp-block-column-is-layout-flow\">\n<div class=\"wp-block-group policy-item has-background is-layout-constrained wp-container-core-group-is-layout-bb44bfd6 wp-block-group-is-layout-constrained\" style=\"border-radius:20px;background-color:#0006b1;padding-top:48px;padding-right:25px;padding-bottom:48px;padding-left:25px\">\n<h4 class=\"wp-block-heading\" style=\"font-size:30px;font-style:normal;font-weight:700;line-height:1.2\">1. Introduction<\/h4>\n\n\n\n<div class=\"wp-block-group is-layout-constrained wp-container-core-group-is-layout-19e250f3 wp-block-group-is-layout-constrained\">\n<p class=\"has-normal-font-size\" style=\"line-height:1.6\">1.1. Bienvenue sur BitexGas ! Avant de commencer \u00e0 utiliser notre site web et nos services, veuillez lire attentivement les pr\u00e9sentes conditions d&rsquo;utilisation. En continuant \u00e0 utiliser notre site, vous acceptez ces conditions. <\/p>\n\n\n\n<p class=\"has-normal-font-size\" style=\"line-height:1.6\">1.2.\nBitexGas provides a platform for trading and investing in oil and gas.\nThese terms govern the relationship between BitexGas and the users of the platform.  <\/p>\n<\/div>\n\n\n\n<h4 class=\"wp-block-heading\" style=\"font-size:30px;font-style:normal;font-weight:700;line-height:1.2\">2. Droits de l&rsquo;utilisateur<\/h4>\n\n\n\n<div class=\"wp-block-group is-layout-constrained wp-container-core-group-is-layout-19e250f3 wp-block-group-is-layout-constrained\">\n<p class=\"has-normal-font-size\" style=\"line-height:1.6\">2.1.\nUsers must be over 18 years of age and have full legal capacity to use BitexGas services. <\/p>\n\n\n\n<p class=\"has-normal-font-size\" style=\"line-height:1.6\">2.2. Les utilisateurs doivent fournir des informations exactes lors de l&rsquo;enregistrement et utiliser la plateforme conform\u00e9ment aux lois applicables et aux pr\u00e9sentes conditions.<\/p>\n<\/div>\n\n\n\n<h4 class=\"wp-block-heading\" style=\"font-size:30px;font-style:normal;font-weight:700;line-height:1.2\">3. Restrictions d&rsquo;acc\u00e8s<\/h4>\n\n\n\n<div class=\"wp-block-group is-layout-constrained wp-container-core-group-is-layout-19e250f3 wp-block-group-is-layout-constrained\">\n<p class=\"has-normal-font-size\" style=\"line-height:1.6\">3.1.\nBitexGas reserves the right to restrict access to the platform or certain features at its discretion without prior notice.   <\/p>\n\n\n\n<p class=\"has-normal-font-size\" style=\"line-height:1.6\">3.2.\nIn the event of a violation of these terms or conditions of use by the user, BitexGas may suspend or terminate the user&rsquo;s access to the platform. <\/p>\n<\/div>\n\n\n\n<h4 class=\"wp-block-heading\" style=\"font-size:30px;font-style:normal;font-weight:700;line-height:1.2\">4. Actions interdites<\/h4>\n\n\n\n<div class=\"wp-block-group is-layout-constrained wp-container-core-group-is-layout-19e250f3 wp-block-group-is-layout-constrained\">\n<p class=\"has-normal-font-size\" style=\"line-height:1.6\">4.1. Il est interdit aux utilisateurs de :<\/p>\n\n\n\n<p class=\"has-normal-font-size\" style=\"line-height:1.6\">4.1.1. Utiliser la plate-forme pour des activit\u00e9s ill\u00e9gales ou frauduleuses.<\/p>\n\n\n\n<p class=\"has-normal-font-size\" style=\"line-height:1.6\">4.1.2.\nViolating the intellectual property rights of BitexGas or third parties.\u2028 <\/p>\n\n\n\n<p class=\"has-normal-font-size\" style=\"line-height:1.6\">4.1.3. Interf\u00e9rer avec le fonctionnement de la plate-forme ou tenter de contourner ses syst\u00e8mes de s\u00e9curit\u00e9.<\/p>\n\n\n\n<p class=\"has-normal-font-size\" style=\"line-height:1.6\">4.1.4. Distribuer des logiciels malveillants, des virus ou tout autre logiciel malveillant.<\/p>\n<\/div>\n\n\n\n<h4 class=\"wp-block-heading\" style=\"font-size:30px;font-style:normal;font-weight:700;line-height:1.2\">5. Droits de propri\u00e9t\u00e9 intellectuelle<\/h4>\n\n\n\n<div class=\"wp-block-group is-layout-constrained wp-container-core-group-is-layout-19e250f3 wp-block-group-is-layout-constrained\">\n<p class=\"has-normal-font-size\" style=\"line-height:1.6\">5.1. Tous les \u00e9l\u00e9ments affich\u00e9s sur la plateforme de BitexGas, y compris les textes, les graphiques, les logos et les logiciels, sont la propri\u00e9t\u00e9 de BitexGas et sont prot\u00e9g\u00e9s par les droits d&rsquo;auteur et autres lois sur la propri\u00e9t\u00e9 intellectuelle. <\/p>\n\n\n\n<p class=\"has-normal-font-size\" style=\"line-height:1.6\">5.2.\nUsers are not permitted to copy, modify, distribute, or use the platform materials without prior written permission from BitexGas. <\/p>\n<\/div>\n<\/div>\n<\/div>\n\n\n\n<div class=\"wp-block-column is-vertically-aligned-stretch is-layout-flow wp-block-column-is-layout-flow\">\n<div class=\"wp-block-group policy-item has-background is-layout-constrained wp-container-core-group-is-layout-bb44bfd6 wp-block-group-is-layout-constrained\" style=\"border-radius:20px;background-color:#0006b1;padding-top:48px;padding-right:25px;padding-bottom:48px;padding-left:25px\">\n<h4 class=\"wp-block-heading\" style=\"font-size:30px;font-style:normal;font-weight:700;line-height:1.2\">6. Limitation de la responsabilit\u00e9<\/h4>\n\n\n\n<div class=\"wp-block-group is-layout-constrained wp-container-core-group-is-layout-19e250f3 wp-block-group-is-layout-constrained\">\n<p class=\"has-normal-font-size\" style=\"line-height:1.6\">6.1.\nBitexGas is not responsible for any losses or damages resulting from the use of the platform, except as provided by law. <\/p>\n\n\n\n<p class=\"has-normal-font-size\" style=\"line-height:1.6\">6.2.\nBitexGas does not guarantee uninterrupted operation of the platform and is not responsible for temporary interruptions or technical malfunctions. <\/p>\n<\/div>\n\n\n\n<h4 class=\"wp-block-heading\" style=\"font-size:30px;font-style:normal;font-weight:700;line-height:1.2\">7. Modifications des pr\u00e9sentes conditions<\/h4>\n\n\n\n<div class=\"wp-block-group is-layout-constrained wp-container-core-group-is-layout-19e250f3 wp-block-group-is-layout-constrained\">\n<p class=\"has-normal-font-size\" style=\"line-height:1.6\">7.1.\nBitexGas reserves the right to make changes to these terms of use at any time.  Toutes les modifications seront publi\u00e9es sur cette page.<\/p>\n\n\n\n<p class=\"has-normal-font-size\" style=\"line-height:1.6\">7.2. Nous vous recommandons de consulter r\u00e9guli\u00e8rement cette page pour prendre connaissance des mises \u00e0 jour des conditions d&rsquo;utilisation.<\/p>\n<\/div>\n\n\n\n<h4 class=\"wp-block-heading\" style=\"font-size:30px;font-style:normal;font-weight:700;line-height:1.2\">8. R\u00e9siliation<\/h4>\n\n\n\n<div class=\"wp-block-group is-layout-constrained wp-container-core-group-is-layout-19e250f3 wp-block-group-is-layout-constrained\">\n<p class=\"has-normal-font-size\" style=\"line-height:1.6\">8.1. L&rsquo;utilisateur peut mettre fin \u00e0 l&rsquo;utilisation de la plateforme \u00e0 tout moment en supprimant son compte.<\/p>\n\n\n\n<p class=\"has-normal-font-size\" style=\"line-height:1.6\">8.2.\nBitexGas may suspend or terminate the user&rsquo;s access to the platform in case of violation of these terms or conditions of use. <\/p>\n<\/div>\n\n\n\n<h4 class=\"wp-block-heading\" style=\"font-size:30px;font-style:normal;font-weight:700;line-height:1.2\">9. Droit applicable et juridiction<\/h4>\n\n\n\n<div class=\"wp-block-group is-layout-constrained wp-container-core-group-is-layout-19e250f3 wp-block-group-is-layout-constrained\">\n<p class=\"has-normal-font-size\" style=\"line-height:1.6\">9.1. Les pr\u00e9sentes conditions d&rsquo;utilisation sont r\u00e9gies par les lois.<\/p>\n\n\n\n<p class=\"has-normal-font-size\" style=\"line-height:1.6\">9.2.\nAll disputes arising in connection with the use of the BitexGas platform are subject to the jurisdiction of the competent courts. <\/p>\n<\/div>\n<\/div>\n<\/div>\n<\/div>\n<\/div>\n<\/div><\/div>\n<\/div>\n\n<div class=\"wp-block-group alignfull is-layout-constrained wp-block-group-is-layout-constrained\" style=\"margin-top:0;margin-bottom:0\">\n<div class=\"wp-block-cover alignfull is-light\" style=\"padding-top:80px;padding-right:var(--wp--preset--spacing--30);padding-bottom:80px;padding-left:var(--wp--preset--spacing--30);min-height:268px;aspect-ratio:unset;\"><span aria-hidden=\"true\" class=\"wp-block-cover__background has-white-background-color has-background-dim-100 has-background-dim\"><\/span><div class=\"wp-block-cover__inner-container is-layout-flow wp-block-cover-is-layout-flow\">\n<div class=\"wp-block-group is-layout-constrained wp-container-core-group-is-layout-41c06ba8 wp-block-group-is-layout-constrained\">\n<h2 class=\"wp-block-heading has-text-align-center has-black-color has-text-color has-link-color wp-elements-56c54c08398b4257d8acbd6e76cb8693\" style=\"font-size:45px;font-style:normal;font-weight:700;line-height:1.2\">Merci d&rsquo;avoir <em>choisi <\/em>BitexGas !<\/h2>\n<\/div>\n<\/div><\/div>\n<\/div>\n\n<div class=\"wp-block-group alignfull is-layout-constrained wp-block-group-is-layout-constrained\" id=\"footer\" style=\"margin-top:0;margin-bottom:0\">\n<div class=\"wp-block-cover alignfull\" style=\"padding-top:100px;padding-right:var(--wp--preset--spacing--30);padding-bottom:64px;padding-left:var(--wp--preset--spacing--30);min-height:50px;aspect-ratio:unset;\" id=\"footer\"><span aria-hidden=\"true\" class=\"wp-block-cover__background has-background-dim-100 has-background-dim\" style=\"background-color:#03045e\"><\/span><div class=\"wp-block-cover__inner-container is-layout-flow wp-block-cover-is-layout-flow\">\n<div class=\"wp-block-group is-layout-constrained wp-container-core-group-is-layout-a084365a wp-block-group-is-layout-constrained\">\n<div class=\"wp-block-columns is-layout-flex wp-container-core-columns-is-layout-e96d03bb wp-block-columns-is-layout-flex\">\n<div class=\"wp-block-column is-layout-flow wp-block-column-is-layout-flow\" style=\"flex-basis:190px\">\n<figure class=\"wp-block-image size-full\"><img loading=\"lazy\" decoding=\"async\" width=\"106\" height=\"32\" src=\"https:\/\/bitexgas.com\/wp-content\/uploads\/2024\/08\/Group-37372.png\" alt=\"\" class=\"wp-image-1322\"\/><\/figure>\n<\/div>\n\n\n\n<div class=\"wp-block-column is-vertically-aligned-center is-layout-flow wp-block-column-is-layout-flow\" style=\"flex-basis:66.66%\"><nav class=\"wp-block-navigation is-layout-flex wp-container-core-navigation-is-layout-04a1408d wp-block-navigation-is-layout-flex\" aria-label=\"Menu Header\"><ul class=\"wp-block-navigation__container  wp-block-navigation\"><li class=\" wp-block-navigation-item  menu-item menu-item-type-post_type menu-item-object-page wp-block-navigation-link\"><a class=\"wp-block-navigation-item__content\"  href=\"https:\/\/bitexgas.com\/?page_id=24\" title=\"\"><span class=\"wp-block-navigation-item__label\">Contact Us<\/span><\/a><\/li><li class=\" wp-block-navigation-item  menu-item menu-item-type-post_type menu-item-object-page wp-block-navigation-link\"><a class=\"wp-block-navigation-item__content\"  href=\"https:\/\/bitexgas.com\/?page_id=27\" title=\"\"><span class=\"wp-block-navigation-item__label\">About us<\/span><\/a><\/li><\/ul><\/nav><\/div>\n<\/div>\n\n\n\n<p class=\"has-normal-font-size\" style=\"line-height:1.6\">Les utilisateurs reconnaissent que le commerce des crypto-monnaies comporte des risques importants.\nLes prix sont extr\u00eamement volatils et peuvent changer rapidement, entra\u00eenant des pertes potentielles substantielles.\nNous recommandons aux utilisateurs d&rsquo;examiner attentivement leur situation financi\u00e8re et leur tol\u00e9rance au risque avant de s&rsquo;engager dans le n\u00e9goce de crypto-monnaies.\nCette plateforme ne fournit pas de conseils en mati\u00e8re d&rsquo;investissement, de finance, de droit, de fiscalit\u00e9 ou de toute autre forme de conseil.\nToute information ou analyse fournie l&rsquo;est \u00e0 titre informatif uniquement et ne doit pas \u00eatre interpr\u00e9t\u00e9e comme une offre ou une sollicitation pour l&rsquo;achat ou la vente de crypto-monnaies.\nLa plateforme op\u00e8re en conformit\u00e9 avec les lois et r\u00e9glementations applicables.\nToutefois, les r\u00e9glementations relatives aux crypto-monnaies peuvent varier d&rsquo;une juridiction \u00e0 l&rsquo;autre et sont susceptibles d&rsquo;\u00eatre modifi\u00e9es.\nIl incombe aux utilisateurs de s&rsquo;assurer que leur utilisation de la plateforme est conforme aux lois et r\u00e9glementations locales.\nIl n&rsquo;existe aucune garantie de profit ou de protection contre les pertes dans les op\u00e9rations sur crypto-monnaies.\nLes performances pass\u00e9es ne sont pas indicatives des r\u00e9sultats futurs.\nLes utilisateurs doivent \u00eatre conscients qu&rsquo;ils peuvent perdre la totalit\u00e9 de leur capital investi.\nBien que nous nous efforcions de fournir une plateforme d&rsquo;\u00e9change fiable et s\u00e9curis\u00e9e, nous ne garantissons pas un service ininterrompu et nous ne sommes pas responsables des pertes r\u00e9sultant de probl\u00e8mes techniques, des conditions du march\u00e9 ou d&rsquo;autres facteurs \u00e9chappant \u00e0 notre contr\u00f4le.           <\/p>\n<\/div>\n<\/div><\/div>\n<\/div>\n\n<script src=\"https:\/\/cdn.jsdelivr.net\/npm\/locomotive-scroll@4.1.4\/dist\/locomotive-scroll.min.js\"><\/script><link href=\"https:\/\/cdn.jsdelivr.net\/npm\/locomotive-scroll@4.1.4\/dist\/locomotive-scroll.min.css\" rel=\"stylesheet\"\/><script>document.addEventListener('DOMContentLoaded', function() {\n    const locoScroll = new LocomotiveScroll({\n        el: document.querySelector(\"#page\"),\n        smooth: true\n    });\n    locoScroll.destroy();\n\n    setTimeout(function(){\n        locoScroll.init();\n    }, 100);\n});\n<\/script>\n","protected":false},"excerpt":{"rendered":"","protected":false},"author":1,"featured_media":0,"parent":0,"menu_order":0,"comment_status":"closed","ping_status":"closed","template":"","meta":{"_monsterinsights_skip_tracking":false,"_monsterinsights_sitenote_active":false,"_monsterinsights_sitenote_note":"","_monsterinsights_sitenote_category":0,"footnotes":""},"class_list":["post-1105","page","type-page","status-publish","hentry"],"_links":{"self":[{"href":"https:\/\/bitexgas.com\/fr\/wp-json\/wp\/v2\/pages\/1105","targetHints":{"allow":["GET"]}}],"collection":[{"href":"https:\/\/bitexgas.com\/fr\/wp-json\/wp\/v2\/pages"}],"about":[{"href":"https:\/\/bitexgas.com\/fr\/wp-json\/wp\/v2\/types\/page"}],"author":[{"embeddable":true,"href":"https:\/\/bitexgas.com\/fr\/wp-json\/wp\/v2\/users\/1"}],"replies":[{"embeddable":true,"href":"https:\/\/bitexgas.com\/fr\/wp-json\/wp\/v2\/comments?post=1105"}],"version-history":[{"count":2,"href":"https:\/\/bitexgas.com\/fr\/wp-json\/wp\/v2\/pages\/1105\/revisions"}],"predecessor-version":[{"id":1446,"href":"https:\/\/bitexgas.com\/fr\/wp-json\/wp\/v2\/pages\/1105\/revisions\/1446"}],"wp:attachment":[{"href":"https:\/\/bitexgas.com\/fr\/wp-json\/wp\/v2\/media?parent=1105"}],"curies":[{"name":"wp","href":"https:\/\/api.w.org\/{rel}","templated":true}]}}