
{"id":1147,"date":"2024-06-17T15:11:33","date_gmt":"2024-06-17T15:11:33","guid":{"rendered":"https:\/\/bitexgas.com\/politica\/"},"modified":"2024-08-02T09:50:36","modified_gmt":"2024-08-02T09:50:36","slug":"politica","status":"publish","type":"page","link":"https:\/\/bitexgas.com\/es-mx\/politica\/","title":{"rendered":"Pol\u00edtica"},"content":{"rendered":"\n<div class=\"wp-block-group alignfull is-layout-constrained wp-block-group-is-layout-constrained\" id=\"footer\">\n<div class=\"wp-block-group alignfull is-layout-constrained wp-block-group-is-layout-constrained\" style=\"margin-top:0;margin-bottom:0\">\n<div class=\"wp-block-group alignfull is-layout-constrained wp-block-group-is-layout-constrained\" style=\"margin-top:0;margin-bottom:0\">\n<div class=\"wp-block-cover alignfull\" style=\"padding-top:120px;padding-right:var(--wp--preset--spacing--30);padding-bottom:80px;padding-left:var(--wp--preset--spacing--30);min-height:50px;aspect-ratio:unset;\"><span aria-hidden=\"true\" class=\"wp-block-cover__background has-background-dim-100 has-background-dim\" style=\"background-color:#03045e\"><\/span><div class=\"wp-block-cover__inner-container is-layout-flow wp-block-cover-is-layout-flow\">\n<div class=\"wp-block-group is-layout-constrained wp-container-core-group-is-layout-5323e4c3 wp-block-group-is-layout-constrained\">\n<div id=\"policy-information\" class=\"wp-block-group has-background is-layout-constrained wp-container-core-group-is-layout-727701ee wp-block-group-is-layout-constrained\" style=\"border-radius:20px;background-color:#0038ff;margin-bottom:120px;padding-top:54px;padding-right:136px;padding-bottom:54px;padding-left:136px\">\n<h2 class=\"wp-block-heading has-text-align-center\" style=\"font-size:45px;font-style:normal;font-weight:700;line-height:1.2\">\u00daltima actualizaci\u00f3n: 17.05.23<\/h2>\n\n\n\n<p class=\"has-text-align-center has-normal-font-size\" style=\"line-height:1.6\">En BitexGas, somos conscientes de la importancia de la privacidad y la seguridad de la informaci\u00f3n personal de nuestros usuarios.\nEsta pol\u00edtica de privacidad describe c\u00f3mo recogemos, utilizamos, procesamos y protegemos tus datos.\nAl utilizar nuestros servicios, aceptas los t\u00e9rminos de esta pol\u00edtica.  <\/p>\n<\/div>\n<\/div>\n\n\n\n<div class=\"wp-block-group is-layout-constrained wp-container-core-group-is-layout-9ab54b89 wp-block-group-is-layout-constrained\">\n<h2 class=\"wp-block-heading has-text-align-center\" style=\"font-size:45px;font-style:normal;font-weight:700;line-height:1.2\">Recogida de informaci\u00f3n<\/h2>\n\n\n\n<div class=\"wp-block-columns is-layout-flex wp-container-core-columns-is-layout-e54c8129 wp-block-columns-is-layout-flex\">\n<div class=\"wp-block-column is-layout-flow wp-container-core-column-is-layout-f402376c wp-block-column-is-layout-flow\">\n<h3 class=\"wp-block-heading\" style=\"font-size:30px;font-style:normal;font-weight:700;line-height:1.2\">Recogemos la informaci\u00f3n personal que nos proporcionas al registrarte en nuestra plataforma, incluyendo:<\/h3>\n\n\n\n<ul class=\"has-normal-font-size wp-block-list\">\n<li>Nombre y apellidos<\/li>\n\n\n\n<li>Direcci\u00f3n de correo electr\u00f3nico<\/li>\n\n\n\n<li>N\u00famero de tel\u00e9fono<\/li>\n<\/ul>\n\n\n\n<h3 class=\"wp-block-heading\" style=\"font-size:30px;font-style:normal;font-weight:700;line-height:1.2\">Tambi\u00e9n podemos recopilar informaci\u00f3n sobre tu uso de nuestra plataforma, como:<\/h3>\n\n\n\n<ul class=\"has-normal-font-size wp-block-list\">\n<li>Direcci\u00f3n IP<\/li>\n\n\n\n<li>Tipo de dispositivo y navegador<\/li>\n\n\n\n<li class=\"has-normal-font-size\">Historial de visitas y acciones en el sitio<\/li>\n<\/ul>\n\n\n\n<h3 class=\"wp-block-heading\" style=\"font-size:30px;font-style:normal;font-weight:700;line-height:1.2\">Uso de la informaci\u00f3n<\/h3>\n\n\n\n<div class=\"wp-block-group is-layout-constrained wp-container-core-group-is-layout-19e250f3 wp-block-group-is-layout-constrained\">\n<p class=\"has-normal-font-size\" style=\"line-height:1.6\">La informaci\u00f3n recogida se utiliza para:<\/p>\n\n\n\n<ul style=\"line-height:1.6\" class=\"has-normal-font-size wp-block-list\">\n<li>Proporcionar y mejorar nuestros servicios<\/li>\n\n\n\n<li>Verifica tu identidad y prot\u00e9gete contra el fraude<\/li>\n\n\n\n<li>Procesar transacciones y dep\u00f3sitos<\/li>\n\n\n\n<li>Proporcionarte actualizaciones y notificaciones sobre nuestros servicios<\/li>\n\n\n\n<li>Analizar el uso de la plataforma y realizar estudios de marketing<\/li>\n<\/ul>\n<\/div>\n\n\n\n<h3 class=\"wp-block-heading\" style=\"font-size:30px;font-style:normal;font-weight:700;line-height:1.2\">Divulgaci\u00f3n de informaci\u00f3n<\/h3>\n\n\n\n<div class=\"wp-block-group is-layout-constrained wp-container-core-group-is-layout-19e250f3 wp-block-group-is-layout-constrained\">\n<p class=\"has-normal-font-size\" style=\"line-height:1.6\">No vendemos ni transferimos tu informaci\u00f3n personal a terceros, excepto cuando lo exija la ley o sea necesario para prestar nuestros servicios, como por ejemplo:<\/p>\n\n\n\n<ul style=\"line-height:1.6\" class=\"has-normal-font-size wp-block-list\">\n<li>Sistemas de pago e instituciones financieras para el procesamiento de transacciones<\/li>\n\n\n\n<li>Fuerzas y cuerpos de seguridad u otros organismos gubernamentales que lo soliciten<\/li>\n\n\n\n<li>Nuestras empresas afiliadas y socios para garantizar la cooperaci\u00f3n y mejorar nuestros servicios<\/li>\n<\/ul>\n<\/div>\n<\/div>\n\n\n\n<div class=\"wp-block-column is-vertically-aligned-center is-layout-flow wp-container-core-column-is-layout-f402376c wp-block-column-is-layout-flow\">\n<div class=\"wp-block-group policy-item has-background is-layout-constrained wp-container-core-group-is-layout-527d8513 wp-block-group-is-layout-constrained\" style=\"border-radius:25px;background-color:#0006b1;padding-top:54px;padding-right:25px;padding-bottom:54px;padding-left:25px\">\n<h3 class=\"wp-block-heading\" style=\"font-size:30px;font-style:normal;font-weight:700;line-height:1.2\">Seguridad de los datos<\/h3>\n\n\n\n<div class=\"wp-block-group is-layout-constrained wp-container-core-group-is-layout-19e250f3 wp-block-group-is-layout-constrained\">\n<p class=\"has-normal-font-size\" style=\"line-height:1.6\">Tomamos todas las medidas necesarias para proteger tu informaci\u00f3n del acceso no autorizado, alteraci\u00f3n, divulgaci\u00f3n o destrucci\u00f3n. Estas medidas incluyen:<\/p>\n\n\n\n<ul style=\"line-height:1.6\" class=\"has-normal-font-size wp-block-list\">\n<li>Cifrado de datos multinivel<\/li>\n\n\n\n<li>Autenticaci\u00f3n de dos factores<\/li>\n\n\n\n<li>Comprobaciones peri\u00f3dicas de seguridad y actualizaciones del sistema<\/li>\n<\/ul>\n<\/div>\n\n\n\n<h3 class=\"wp-block-heading\" style=\"font-size:30px;font-style:normal;font-weight:700;line-height:1.2\">Tus derechos<\/h3>\n\n\n\n<div class=\"wp-block-group is-layout-constrained wp-container-core-group-is-layout-19e250f3 wp-block-group-is-layout-constrained\">\n<p class=\"has-normal-font-size\" style=\"line-height:1.6\">Tienes derecho a:<\/p>\n\n\n\n<ul style=\"line-height:1.6\" class=\"has-normal-font-size wp-block-list\">\n<li>Acceder a tu informaci\u00f3n personal almacenada con nosotros<\/li>\n\n\n\n<li>Solicitar la rectificaci\u00f3n o supresi\u00f3n de tus datos<\/li>\n\n\n\n<li>No recibir mensajes publicitarios<\/li>\n\n\n\n<li>Restringir el tratamiento de tus datos en determinados casos<\/li>\n<\/ul>\n\n\n\n<p class=\"has-normal-font-size\" style=\"line-height:1.6\">Para ejercer estos derechos, puedes ponerte en contacto con nosotros a trav\u00e9s de la informaci\u00f3n de contacto proporcionada en nuestro sitio web.<\/p>\n<\/div>\n\n\n\n<h3 class=\"wp-block-heading\" style=\"font-size:30px;font-style:normal;font-weight:700;line-height:1.2\">Cambios en la Pol\u00edtica de Privacidad<\/h3>\n\n\n\n<p class=\"has-normal-font-size\" style=\"line-height:1.6\">Podemos actualizar peri\u00f3dicamente esta pol\u00edtica de privacidad. Todos los cambios se publicar\u00e1n en esta p\u00e1gina. Te recomendamos que consultes regularmente esta p\u00e1gina para mantenerte informado de cualquier cambio.<\/p>\n<\/div>\n<\/div>\n<\/div>\n<\/div>\n<\/div><\/div>\n<\/div>\n\n\n\n<div class=\"wp-block-cover alignfull is-light\" style=\"padding-top:84px;padding-right:var(--wp--preset--spacing--30);padding-bottom:84px;padding-left:var(--wp--preset--spacing--30);min-height:50px;aspect-ratio:unset;\"><span aria-hidden=\"true\" class=\"wp-block-cover__background has-white-background-color has-background-dim-100 has-background-dim\"><\/span><div class=\"wp-block-cover__inner-container is-layout-flow wp-block-cover-is-layout-flow\">\n<div class=\"wp-block-group is-layout-constrained wp-container-core-group-is-layout-41c06ba8 wp-block-group-is-layout-constrained\">\n<h2 class=\"wp-block-heading has-text-align-center\" style=\"font-size:45px;font-style:normal;font-weight:700;line-height:1.2\">\u00a1Gracias por <em>elegir<\/em> BitexGas!<\/h2>\n<\/div>\n<\/div><\/div>\n<\/div>\n\n\n\n<div class=\"wp-block-cover alignfull\" style=\"margin-top:0;margin-bottom:0;padding-top:100px;padding-right:var(--wp--preset--spacing--30);padding-bottom:64px;padding-left:var(--wp--preset--spacing--30);min-height:50px;aspect-ratio:unset;\"><span aria-hidden=\"true\" class=\"wp-block-cover__background has-background-dim-100 has-background-dim\" style=\"background-color:#03045e\"><\/span><div class=\"wp-block-cover__inner-container is-layout-flow wp-block-cover-is-layout-flow\">\n<div class=\"wp-block-group is-layout-constrained wp-container-core-group-is-layout-a084365a wp-block-group-is-layout-constrained\">\n<div class=\"wp-block-columns is-layout-flex wp-container-core-columns-is-layout-e96d03bb wp-block-columns-is-layout-flex\">\n<div class=\"wp-block-column is-layout-flow wp-block-column-is-layout-flow\" style=\"flex-basis:190px\">\n<figure class=\"wp-block-image size-full\"><img loading=\"lazy\" decoding=\"async\" width=\"106\" height=\"32\" src=\"https:\/\/bitexgas.com\/wp-content\/uploads\/2024\/08\/Group-37372.png\" alt=\"\" class=\"wp-image-1322\"\/><\/figure>\n<\/div>\n\n\n\n<div class=\"wp-block-column is-vertically-aligned-center is-layout-flow wp-block-column-is-layout-flow\" style=\"flex-basis:66.66%\"><nav class=\"wp-block-navigation is-layout-flex wp-container-core-navigation-is-layout-04a1408d wp-block-navigation-is-layout-flex\" aria-label=\"Menu Header\"><ul class=\"wp-block-navigation__container  wp-block-navigation\"><li class=\" wp-block-navigation-item  menu-item menu-item-type-post_type menu-item-object-page wp-block-navigation-link\"><a class=\"wp-block-navigation-item__content\"  href=\"https:\/\/bitexgas.com\/?page_id=24\" title=\"\"><span class=\"wp-block-navigation-item__label\">Contact Us<\/span><\/a><\/li><li class=\" wp-block-navigation-item  menu-item menu-item-type-post_type menu-item-object-page wp-block-navigation-link\"><a class=\"wp-block-navigation-item__content\"  href=\"https:\/\/bitexgas.com\/?page_id=27\" title=\"\"><span class=\"wp-block-navigation-item__label\">About us<\/span><\/a><\/li><\/ul><\/nav><\/div>\n<\/div>\n\n\n\n<p class=\"has-normal-font-size\" style=\"line-height:1.6\">Los usuarios reconocen que comerciar con criptomonedas implica riesgos significativos.\nLos precios son extremadamente vol\u00e1tiles y pueden cambiar r\u00e1pidamente, provocando posibles p\u00e9rdidas sustanciales.\nRecomendamos a los usuarios que consideren detenidamente su situaci\u00f3n financiera y su tolerancia al riesgo antes de participar en el comercio de criptomonedas.\nEsta plataforma no proporciona asesoramiento de inversi\u00f3n, financiero, legal, fiscal ni de ning\u00fan otro tipo.\nCualquier informaci\u00f3n o an\u00e1lisis proporcionado s\u00f3lo tiene fines informativos y no debe interpretarse como una oferta o solicitud de compra o venta de criptodivisas.\nLa plataforma opera de conformidad con las leyes y reglamentos aplicables.\nSin embargo, la normativa sobre criptomonedas puede variar seg\u00fan la jurisdicci\u00f3n y est\u00e1 sujeta a cambios.\nLos usuarios son responsables de asegurarse de que su uso de la plataforma cumple las leyes y normativas locales.\nNo hay garant\u00edas de beneficios ni de protecci\u00f3n frente a las p\u00e9rdidas en el comercio de criptomonedas.\nEl rendimiento pasado no es indicativo de resultados futuros.\nLos usuarios deben ser conscientes de que pueden perder todo el capital invertido.\nAunque nos esforzamos por ofrecer una plataforma de negociaci\u00f3n fiable y segura, no garantizamos un servicio ininterrumpido, y no somos responsables de las p\u00e9rdidas resultantes de problemas t\u00e9cnicos, condiciones del mercado u otros factores fuera de nuestro control.           <\/p>\n<\/div>\n<\/div><\/div>\n<\/div>\n\n<script src=\"https:\/\/cdn.jsdelivr.net\/npm\/locomotive-scroll@4.1.4\/dist\/locomotive-scroll.min.js\"><\/script><link href=\"https:\/\/cdn.jsdelivr.net\/npm\/locomotive-scroll@4.1.4\/dist\/locomotive-scroll.min.css\" rel=\"stylesheet\"\/><script>document.addEventListener('DOMContentLoaded', function() {\n    const locoScroll = new LocomotiveScroll({\n        el: document.querySelector(\"#page\"),\n        smooth: true\n    });\n    locoScroll.destroy();\n\n    setTimeout(function(){\n        locoScroll.init();\n    }, 100);\n});\n<\/script>\n","protected":false},"excerpt":{"rendered":"","protected":false},"author":1,"featured_media":0,"parent":0,"menu_order":0,"comment_status":"closed","ping_status":"closed","template":"","meta":{"_monsterinsights_skip_tracking":false,"_monsterinsights_sitenote_active":false,"_monsterinsights_sitenote_note":"","_monsterinsights_sitenote_category":0,"footnotes":""},"class_list":["post-1147","page","type-page","status-publish","hentry"],"_links":{"self":[{"href":"https:\/\/bitexgas.com\/es-mx\/wp-json\/wp\/v2\/pages\/1147","targetHints":{"allow":["GET"]}}],"collection":[{"href":"https:\/\/bitexgas.com\/es-mx\/wp-json\/wp\/v2\/pages"}],"about":[{"href":"https:\/\/bitexgas.com\/es-mx\/wp-json\/wp\/v2\/types\/page"}],"author":[{"embeddable":true,"href":"https:\/\/bitexgas.com\/es-mx\/wp-json\/wp\/v2\/users\/1"}],"replies":[{"embeddable":true,"href":"https:\/\/bitexgas.com\/es-mx\/wp-json\/wp\/v2\/comments?post=1147"}],"version-history":[{"count":3,"href":"https:\/\/bitexgas.com\/es-mx\/wp-json\/wp\/v2\/pages\/1147\/revisions"}],"predecessor-version":[{"id":1432,"href":"https:\/\/bitexgas.com\/es-mx\/wp-json\/wp\/v2\/pages\/1147\/revisions\/1432"}],"wp:attachment":[{"href":"https:\/\/bitexgas.com\/es-mx\/wp-json\/wp\/v2\/media?parent=1147"}],"curies":[{"name":"wp","href":"https:\/\/api.w.org\/{rel}","templated":true}]}}