
{"id":1106,"date":"2024-06-17T15:11:48","date_gmt":"2024-06-17T15:11:48","guid":{"rendered":"https:\/\/bitexgas.com\/terminos\/"},"modified":"2024-08-02T09:57:03","modified_gmt":"2024-08-02T09:57:03","slug":"terminos","status":"publish","type":"page","link":"https:\/\/bitexgas.com\/es-mx\/terminos\/","title":{"rendered":"T\u00e9rminos"},"content":{"rendered":"\n<div class=\"wp-block-group alignfull is-layout-constrained wp-block-group-is-layout-constrained\" style=\"margin-top:0;margin-bottom:0\">\n<div class=\"wp-block-cover alignfull\" style=\"padding-top:80px;padding-right:var(--wp--preset--spacing--30);padding-bottom:80px;padding-left:var(--wp--preset--spacing--30);min-height:50px;aspect-ratio:unset;\"><span aria-hidden=\"true\" class=\"wp-block-cover__background has-background-dim-100 has-background-dim\" style=\"background-color:#03045e\"><\/span><div class=\"wp-block-cover__inner-container is-layout-flow wp-block-cover-is-layout-flow\">\n<div class=\"wp-block-group is-layout-constrained wp-container-core-group-is-layout-0c31acb7 wp-block-group-is-layout-constrained\">\n<h1 class=\"wp-block-heading has-text-align-center\" style=\"font-size:45px;font-style:normal;font-weight:700;line-height:1.2\">CONDICIONES DE USO<\/h1>\n\n\n\n<div class=\"wp-block-columns is-layout-flex wp-container-core-columns-is-layout-e524df8a wp-block-columns-is-layout-flex\" id=\"terms-columns\">\n<div class=\"wp-block-column is-layout-flow wp-block-column-is-layout-flow\">\n<div class=\"wp-block-group policy-item has-background is-layout-constrained wp-container-core-group-is-layout-bb44bfd6 wp-block-group-is-layout-constrained\" style=\"border-radius:20px;background-color:#0006b1;padding-top:48px;padding-right:25px;padding-bottom:48px;padding-left:25px\">\n<h4 class=\"wp-block-heading\" style=\"font-size:30px;font-style:normal;font-weight:700;line-height:1.2\">1. Introducci\u00f3n<\/h4>\n\n\n\n<div class=\"wp-block-group is-layout-constrained wp-container-core-group-is-layout-19e250f3 wp-block-group-is-layout-constrained\">\n<p class=\"has-normal-font-size\" style=\"line-height:1.6\">1.1. \u00a1Bienvenido a BitexGas! Antes de empezar a utilizar nuestro sitio web y nuestros servicios, lee atentamente estas condiciones de uso. Al continuar utilizando nuestro sitio, aceptas estos t\u00e9rminos. <\/p>\n\n\n\n<p class=\"has-normal-font-size\" style=\"line-height:1.6\">1.2.\nBitexGas provides a platform for trading and investing in oil and gas.\nThese terms govern the relationship between BitexGas and the users of the platform.  <\/p>\n<\/div>\n\n\n\n<h4 class=\"wp-block-heading\" style=\"font-size:30px;font-style:normal;font-weight:700;line-height:1.2\">2. Derechos del usuario<\/h4>\n\n\n\n<div class=\"wp-block-group is-layout-constrained wp-container-core-group-is-layout-19e250f3 wp-block-group-is-layout-constrained\">\n<p class=\"has-normal-font-size\" style=\"line-height:1.6\">2.1.\nUsers must be over 18 years of age and have full legal capacity to use BitexGas services. <\/p>\n\n\n\n<p class=\"has-normal-font-size\" style=\"line-height:1.6\">2.2. Los usuarios deben proporcionar informaci\u00f3n precisa durante el registro y utilizar la plataforma de acuerdo con las leyes aplicables y estas condiciones.<\/p>\n<\/div>\n\n\n\n<h4 class=\"wp-block-heading\" style=\"font-size:30px;font-style:normal;font-weight:700;line-height:1.2\">3. Restricciones de acceso<\/h4>\n\n\n\n<div class=\"wp-block-group is-layout-constrained wp-container-core-group-is-layout-19e250f3 wp-block-group-is-layout-constrained\">\n<p class=\"has-normal-font-size\" style=\"line-height:1.6\">3.1.\nBitexGas reserves the right to restrict access to the platform or certain features at its discretion without prior notice.   <\/p>\n\n\n\n<p class=\"has-normal-font-size\" style=\"line-height:1.6\">3.2.\nIn the event of a violation of these terms or conditions of use by the user, BitexGas may suspend or terminate the user&#8217;s access to the platform. <\/p>\n<\/div>\n\n\n\n<h4 class=\"wp-block-heading\" style=\"font-size:30px;font-style:normal;font-weight:700;line-height:1.2\">4. Acciones prohibidas<\/h4>\n\n\n\n<div class=\"wp-block-group is-layout-constrained wp-container-core-group-is-layout-19e250f3 wp-block-group-is-layout-constrained\">\n<p class=\"has-normal-font-size\" style=\"line-height:1.6\">4.1. Se proh\u00edbe a los usuarios:<\/p>\n\n\n\n<p class=\"has-normal-font-size\" style=\"line-height:1.6\">4.1.1. Utilizar la plataforma para cualquier actividad ilegal o fraudulenta.<\/p>\n\n\n\n<p class=\"has-normal-font-size\" style=\"line-height:1.6\">4.1.2.\nViolating the intellectual property rights of BitexGas or third parties.\u2028 <\/p>\n\n\n\n<p class=\"has-normal-font-size\" style=\"line-height:1.6\">4.1.3. Interferir en el funcionamiento de la plataforma o intentar burlar sus sistemas de seguridad.<\/p>\n\n\n\n<p class=\"has-normal-font-size\" style=\"line-height:1.6\">4.1.4. Distribuir malware, virus o cualquier otro software malicioso.<\/p>\n<\/div>\n\n\n\n<h4 class=\"wp-block-heading\" style=\"font-size:30px;font-style:normal;font-weight:700;line-height:1.2\">5. Derechos de propiedad intelectual<\/h4>\n\n\n\n<div class=\"wp-block-group is-layout-constrained wp-container-core-group-is-layout-19e250f3 wp-block-group-is-layout-constrained\">\n<p class=\"has-normal-font-size\" style=\"line-height:1.6\">5.1. Todos los materiales publicados en la plataforma BitexGas, incluidos textos, gr\u00e1ficos, logotipos y software, son propiedad de BitexGas y est\u00e1n protegidos por derechos de autor y otras leyes de propiedad intelectual. <\/p>\n\n\n\n<p class=\"has-normal-font-size\" style=\"line-height:1.6\">5.2.\nUsers are not permitted to copy, modify, distribute, or use the platform materials without prior written permission from BitexGas. <\/p>\n<\/div>\n<\/div>\n<\/div>\n\n\n\n<div class=\"wp-block-column is-vertically-aligned-stretch is-layout-flow wp-block-column-is-layout-flow\">\n<div class=\"wp-block-group policy-item has-background is-layout-constrained wp-container-core-group-is-layout-bb44bfd6 wp-block-group-is-layout-constrained\" style=\"border-radius:20px;background-color:#0006b1;padding-top:48px;padding-right:25px;padding-bottom:48px;padding-left:25px\">\n<h4 class=\"wp-block-heading\" style=\"font-size:30px;font-style:normal;font-weight:700;line-height:1.2\">6. Limitaci\u00f3n de responsabilidad<\/h4>\n\n\n\n<div class=\"wp-block-group is-layout-constrained wp-container-core-group-is-layout-19e250f3 wp-block-group-is-layout-constrained\">\n<p class=\"has-normal-font-size\" style=\"line-height:1.6\">6.1.\nBitexGas is not responsible for any losses or damages resulting from the use of the platform, except as provided by law. <\/p>\n\n\n\n<p class=\"has-normal-font-size\" style=\"line-height:1.6\">6.2.\nBitexGas does not guarantee uninterrupted operation of the platform and is not responsible for temporary interruptions or technical malfunctions. <\/p>\n<\/div>\n\n\n\n<h4 class=\"wp-block-heading\" style=\"font-size:30px;font-style:normal;font-weight:700;line-height:1.2\">7. Modificaciones de estas Condiciones<\/h4>\n\n\n\n<div class=\"wp-block-group is-layout-constrained wp-container-core-group-is-layout-19e250f3 wp-block-group-is-layout-constrained\">\n<p class=\"has-normal-font-size\" style=\"line-height:1.6\">7.1.\nBitexGas reserves the right to make changes to these terms of use at any time.  Todos los cambios se publicar\u00e1n en esta p\u00e1gina.<\/p>\n\n\n\n<p class=\"has-normal-font-size\" style=\"line-height:1.6\">7.2. Te recomendamos que compruebes regularmente esta p\u00e1gina para conocer las actualizaciones de las condiciones de uso.<\/p>\n<\/div>\n\n\n\n<h4 class=\"wp-block-heading\" style=\"font-size:30px;font-style:normal;font-weight:700;line-height:1.2\">8. Terminaci\u00f3n<\/h4>\n\n\n\n<div class=\"wp-block-group is-layout-constrained wp-container-core-group-is-layout-19e250f3 wp-block-group-is-layout-constrained\">\n<p class=\"has-normal-font-size\" style=\"line-height:1.6\">8.1. El usuario puede dejar de utilizar la plataforma en cualquier momento eliminando su cuenta.<\/p>\n\n\n\n<p class=\"has-normal-font-size\" style=\"line-height:1.6\">8.2.\nBitexGas may suspend or terminate the user&#8217;s access to the platform in case of violation of these terms or conditions of use. <\/p>\n<\/div>\n\n\n\n<h4 class=\"wp-block-heading\" style=\"font-size:30px;font-style:normal;font-weight:700;line-height:1.2\">9. Ley aplicable y jurisdicci\u00f3n<\/h4>\n\n\n\n<div class=\"wp-block-group is-layout-constrained wp-container-core-group-is-layout-19e250f3 wp-block-group-is-layout-constrained\">\n<p class=\"has-normal-font-size\" style=\"line-height:1.6\">9.1. Estas condiciones de uso se rigen por las leyes.<\/p>\n\n\n\n<p class=\"has-normal-font-size\" style=\"line-height:1.6\">9.2.\nAll disputes arising in connection with the use of the BitexGas platform are subject to the jurisdiction of the competent courts. <\/p>\n<\/div>\n<\/div>\n<\/div>\n<\/div>\n<\/div>\n<\/div><\/div>\n<\/div>\n\n<div class=\"wp-block-group alignfull is-layout-constrained wp-block-group-is-layout-constrained\" style=\"margin-top:0;margin-bottom:0\">\n<div class=\"wp-block-cover alignfull is-light\" style=\"padding-top:80px;padding-right:var(--wp--preset--spacing--30);padding-bottom:80px;padding-left:var(--wp--preset--spacing--30);min-height:268px;aspect-ratio:unset;\"><span aria-hidden=\"true\" class=\"wp-block-cover__background has-white-background-color has-background-dim-100 has-background-dim\"><\/span><div class=\"wp-block-cover__inner-container is-layout-flow wp-block-cover-is-layout-flow\">\n<div class=\"wp-block-group is-layout-constrained wp-container-core-group-is-layout-41c06ba8 wp-block-group-is-layout-constrained\">\n<h2 class=\"wp-block-heading has-text-align-center has-black-color has-text-color has-link-color wp-elements-2b8de0c61580be22f54ad0e6a7b009c9\" style=\"font-size:45px;font-style:normal;font-weight:700;line-height:1.2\">\u00a1Gracias por <em>elegir <\/em>BitexGas!<\/h2>\n<\/div>\n<\/div><\/div>\n<\/div>\n\n<div class=\"wp-block-group alignfull is-layout-constrained wp-block-group-is-layout-constrained\" id=\"footer\" style=\"margin-top:0;margin-bottom:0\">\n<div class=\"wp-block-cover alignfull\" style=\"padding-top:100px;padding-right:var(--wp--preset--spacing--30);padding-bottom:64px;padding-left:var(--wp--preset--spacing--30);min-height:50px;aspect-ratio:unset;\" id=\"footer\"><span aria-hidden=\"true\" class=\"wp-block-cover__background has-background-dim-100 has-background-dim\" style=\"background-color:#03045e\"><\/span><div class=\"wp-block-cover__inner-container is-layout-flow wp-block-cover-is-layout-flow\">\n<div class=\"wp-block-group is-layout-constrained wp-container-core-group-is-layout-a084365a wp-block-group-is-layout-constrained\">\n<div class=\"wp-block-columns is-layout-flex wp-container-core-columns-is-layout-e96d03bb wp-block-columns-is-layout-flex\">\n<div class=\"wp-block-column is-layout-flow wp-block-column-is-layout-flow\" style=\"flex-basis:190px\">\n<figure class=\"wp-block-image size-full\"><img loading=\"lazy\" decoding=\"async\" width=\"106\" height=\"32\" src=\"https:\/\/bitexgas.com\/wp-content\/uploads\/2024\/08\/Group-37372.png\" alt=\"\" class=\"wp-image-1322\"\/><\/figure>\n<\/div>\n\n\n\n<div class=\"wp-block-column is-vertically-aligned-center is-layout-flow wp-block-column-is-layout-flow\" style=\"flex-basis:66.66%\"><nav class=\"wp-block-navigation is-layout-flex wp-container-core-navigation-is-layout-04a1408d wp-block-navigation-is-layout-flex\" aria-label=\"Menu Header\"><ul class=\"wp-block-navigation__container  wp-block-navigation\"><li class=\" wp-block-navigation-item  menu-item menu-item-type-post_type menu-item-object-page wp-block-navigation-link\"><a class=\"wp-block-navigation-item__content\"  href=\"https:\/\/bitexgas.com\/?page_id=24\" title=\"\"><span class=\"wp-block-navigation-item__label\">Contact Us<\/span><\/a><\/li><li class=\" wp-block-navigation-item  menu-item menu-item-type-post_type menu-item-object-page wp-block-navigation-link\"><a class=\"wp-block-navigation-item__content\"  href=\"https:\/\/bitexgas.com\/?page_id=27\" title=\"\"><span class=\"wp-block-navigation-item__label\">About us<\/span><\/a><\/li><\/ul><\/nav><\/div>\n<\/div>\n\n\n\n<p class=\"has-normal-font-size\" style=\"line-height:1.6\">Los usuarios reconocen que comerciar con criptomonedas implica riesgos significativos.\nLos precios son extremadamente vol\u00e1tiles y pueden cambiar r\u00e1pidamente, provocando posibles p\u00e9rdidas sustanciales.\nRecomendamos a los usuarios que consideren detenidamente su situaci\u00f3n financiera y su tolerancia al riesgo antes de participar en el comercio de criptomonedas.\nEsta plataforma no proporciona asesoramiento de inversi\u00f3n, financiero, legal, fiscal ni de ning\u00fan otro tipo.\nCualquier informaci\u00f3n o an\u00e1lisis proporcionado s\u00f3lo tiene fines informativos y no debe interpretarse como una oferta o solicitud de compra o venta de criptodivisas.\nLa plataforma opera de conformidad con las leyes y reglamentos aplicables.\nSin embargo, la normativa sobre criptomonedas puede variar seg\u00fan la jurisdicci\u00f3n y est\u00e1 sujeta a cambios.\nLos usuarios son responsables de asegurarse de que su uso de la plataforma cumple las leyes y normativas locales.\nNo hay garant\u00edas de beneficios ni de protecci\u00f3n frente a las p\u00e9rdidas en el comercio de criptomonedas.\nEl rendimiento pasado no es indicativo de resultados futuros.\nLos usuarios deben ser conscientes de que pueden perder todo el capital invertido.\nAunque nos esforzamos por ofrecer una plataforma de negociaci\u00f3n fiable y segura, no garantizamos un servicio ininterrumpido, y no somos responsables de las p\u00e9rdidas resultantes de problemas t\u00e9cnicos, condiciones del mercado u otros factores fuera de nuestro control.           <\/p>\n<\/div>\n<\/div><\/div>\n<\/div>\n\n<script src=\"https:\/\/cdn.jsdelivr.net\/npm\/locomotive-scroll@4.1.4\/dist\/locomotive-scroll.min.js\"><\/script><link href=\"https:\/\/cdn.jsdelivr.net\/npm\/locomotive-scroll@4.1.4\/dist\/locomotive-scroll.min.css\" rel=\"stylesheet\"\/><script>document.addEventListener('DOMContentLoaded', function() {\n    const locoScroll = new LocomotiveScroll({\n        el: document.querySelector(\"#page\"),\n        smooth: true\n    });\n    locoScroll.destroy();\n\n    setTimeout(function(){\n        locoScroll.init();\n    }, 100);\n});\n<\/script>\n","protected":false},"excerpt":{"rendered":"","protected":false},"author":1,"featured_media":0,"parent":0,"menu_order":0,"comment_status":"closed","ping_status":"closed","template":"","meta":{"_monsterinsights_skip_tracking":false,"_monsterinsights_sitenote_active":false,"_monsterinsights_sitenote_note":"","_monsterinsights_sitenote_category":0,"footnotes":""},"class_list":["post-1106","page","type-page","status-publish","hentry"],"_links":{"self":[{"href":"https:\/\/bitexgas.com\/es-mx\/wp-json\/wp\/v2\/pages\/1106","targetHints":{"allow":["GET"]}}],"collection":[{"href":"https:\/\/bitexgas.com\/es-mx\/wp-json\/wp\/v2\/pages"}],"about":[{"href":"https:\/\/bitexgas.com\/es-mx\/wp-json\/wp\/v2\/types\/page"}],"author":[{"embeddable":true,"href":"https:\/\/bitexgas.com\/es-mx\/wp-json\/wp\/v2\/users\/1"}],"replies":[{"embeddable":true,"href":"https:\/\/bitexgas.com\/es-mx\/wp-json\/wp\/v2\/comments?post=1106"}],"version-history":[{"count":2,"href":"https:\/\/bitexgas.com\/es-mx\/wp-json\/wp\/v2\/pages\/1106\/revisions"}],"predecessor-version":[{"id":1451,"href":"https:\/\/bitexgas.com\/es-mx\/wp-json\/wp\/v2\/pages\/1106\/revisions\/1451"}],"wp:attachment":[{"href":"https:\/\/bitexgas.com\/es-mx\/wp-json\/wp\/v2\/media?parent=1106"}],"curies":[{"name":"wp","href":"https:\/\/api.w.org\/{rel}","templated":true}]}}