
{"id":1110,"date":"2024-06-17T15:11:48","date_gmt":"2024-06-17T15:11:48","guid":{"rendered":"https:\/\/bitexgas.com\/begriffe\/"},"modified":"2024-08-02T09:57:03","modified_gmt":"2024-08-02T09:57:03","slug":"begriffe","status":"publish","type":"page","link":"https:\/\/bitexgas.com\/de-li\/begriffe\/","title":{"rendered":"Begriffe"},"content":{"rendered":"\n<div class=\"wp-block-group alignfull is-layout-constrained wp-block-group-is-layout-constrained\" style=\"margin-top:0;margin-bottom:0\">\n<div class=\"wp-block-cover alignfull\" style=\"padding-top:80px;padding-right:var(--wp--preset--spacing--30);padding-bottom:80px;padding-left:var(--wp--preset--spacing--30);min-height:50px;aspect-ratio:unset;\"><span aria-hidden=\"true\" class=\"wp-block-cover__background has-background-dim-100 has-background-dim\" style=\"background-color:#03045e\"><\/span><div class=\"wp-block-cover__inner-container is-layout-flow wp-block-cover-is-layout-flow\">\n<div class=\"wp-block-group is-layout-constrained wp-container-core-group-is-layout-0c31acb7 wp-block-group-is-layout-constrained\">\n<h1 class=\"wp-block-heading has-text-align-center\" style=\"font-size:45px;font-style:normal;font-weight:700;line-height:1.2\">NUTZUNGSBEDINGUNGEN<\/h1>\n\n\n\n<div class=\"wp-block-columns is-layout-flex wp-container-core-columns-is-layout-e524df8a wp-block-columns-is-layout-flex\" id=\"terms-columns\">\n<div class=\"wp-block-column is-layout-flow wp-block-column-is-layout-flow\">\n<div class=\"wp-block-group policy-item has-background is-layout-constrained wp-container-core-group-is-layout-bb44bfd6 wp-block-group-is-layout-constrained\" style=\"border-radius:20px;background-color:#0006b1;padding-top:48px;padding-right:25px;padding-bottom:48px;padding-left:25px\">\n<h4 class=\"wp-block-heading\" style=\"font-size:30px;font-style:normal;font-weight:700;line-height:1.2\">1. Einf\u00fchrung<\/h4>\n\n\n\n<div class=\"wp-block-group is-layout-constrained wp-container-core-group-is-layout-19e250f3 wp-block-group-is-layout-constrained\">\n<p class=\"has-normal-font-size\" style=\"line-height:1.6\">1.1. Willkommen bei BitexGas! Bevor Sie unsere Website und Dienstleistungen nutzen, lesen Sie bitte diese Nutzungsbedingungen sorgf\u00e4ltig durch. Indem Sie unsere Website weiter nutzen, erkl\u00e4ren Sie sich mit diesen Bedingungen einverstanden. <\/p>\n\n\n\n<p class=\"has-normal-font-size\" style=\"line-height:1.6\">1.2.\nBitexGas provides a platform for trading and investing in oil and gas.\nThese terms govern the relationship between BitexGas and the users of the platform.  <\/p>\n<\/div>\n\n\n\n<h4 class=\"wp-block-heading\" style=\"font-size:30px;font-style:normal;font-weight:700;line-height:1.2\">2. Benutzerrechte<\/h4>\n\n\n\n<div class=\"wp-block-group is-layout-constrained wp-container-core-group-is-layout-19e250f3 wp-block-group-is-layout-constrained\">\n<p class=\"has-normal-font-size\" style=\"line-height:1.6\">2.1.\nUsers must be over 18 years of age and have full legal capacity to use BitexGas services. <\/p>\n\n\n\n<p class=\"has-normal-font-size\" style=\"line-height:1.6\">2.2. Die Nutzer m\u00fcssen bei der Registrierung genaue Angaben machen und die Plattform in \u00dcbereinstimmung mit den geltenden Gesetzen und diesen Bedingungen nutzen.<\/p>\n<\/div>\n\n\n\n<h4 class=\"wp-block-heading\" style=\"font-size:30px;font-style:normal;font-weight:700;line-height:1.2\">3. Zugangsbeschr\u00e4nkungen<\/h4>\n\n\n\n<div class=\"wp-block-group is-layout-constrained wp-container-core-group-is-layout-19e250f3 wp-block-group-is-layout-constrained\">\n<p class=\"has-normal-font-size\" style=\"line-height:1.6\">3.1.\nBitexGas reserves the right to restrict access to the platform or certain features at its discretion without prior notice.   <\/p>\n\n\n\n<p class=\"has-normal-font-size\" style=\"line-height:1.6\">3.2.\nIn the event of a violation of these terms or conditions of use by the user, BitexGas may suspend or terminate the user&#8217;s access to the platform. <\/p>\n<\/div>\n\n\n\n<h4 class=\"wp-block-heading\" style=\"font-size:30px;font-style:normal;font-weight:700;line-height:1.2\">4. Verbotene Handlungen<\/h4>\n\n\n\n<div class=\"wp-block-group is-layout-constrained wp-container-core-group-is-layout-19e250f3 wp-block-group-is-layout-constrained\">\n<p class=\"has-normal-font-size\" style=\"line-height:1.6\">4.1. Benutzern ist es untersagt:<\/p>\n\n\n\n<p class=\"has-normal-font-size\" style=\"line-height:1.6\">4.1.1. Die Nutzung der Plattform f\u00fcr illegale oder betr\u00fcgerische Aktivit\u00e4ten.<\/p>\n\n\n\n<p class=\"has-normal-font-size\" style=\"line-height:1.6\">4.1.2.\nViolating the intellectual property rights of BitexGas or third parties.\u2028 <\/p>\n\n\n\n<p class=\"has-normal-font-size\" style=\"line-height:1.6\">4.1.3. Eingriffe in den Betrieb der Plattform oder Versuche, ihre Sicherheitssysteme zu umgehen.<\/p>\n\n\n\n<p class=\"has-normal-font-size\" style=\"line-height:1.6\">4.1.4. Verbreitung von Malware, Viren oder sonstiger b\u00f6sartiger Software.<\/p>\n<\/div>\n\n\n\n<h4 class=\"wp-block-heading\" style=\"font-size:30px;font-style:normal;font-weight:700;line-height:1.2\">5. Rechte an geistigem Eigentum<\/h4>\n\n\n\n<div class=\"wp-block-group is-layout-constrained wp-container-core-group-is-layout-19e250f3 wp-block-group-is-layout-constrained\">\n<p class=\"has-normal-font-size\" style=\"line-height:1.6\">5.1. Alle auf der BitexGas-Plattform ver\u00f6ffentlichten Materialien, einschlie\u00dflich Texten, Grafiken, Logos und Software, sind Eigentum von BitexGas und durch das Urheberrecht und andere Gesetze \u00fcber geistiges Eigentum gesch\u00fctzt. <\/p>\n\n\n\n<p class=\"has-normal-font-size\" style=\"line-height:1.6\">5.2.\nUsers are not permitted to copy, modify, distribute, or use the platform materials without prior written permission from BitexGas. <\/p>\n<\/div>\n<\/div>\n<\/div>\n\n\n\n<div class=\"wp-block-column is-vertically-aligned-stretch is-layout-flow wp-block-column-is-layout-flow\">\n<div class=\"wp-block-group policy-item has-background is-layout-constrained wp-container-core-group-is-layout-bb44bfd6 wp-block-group-is-layout-constrained\" style=\"border-radius:20px;background-color:#0006b1;padding-top:48px;padding-right:25px;padding-bottom:48px;padding-left:25px\">\n<h4 class=\"wp-block-heading\" style=\"font-size:30px;font-style:normal;font-weight:700;line-height:1.2\">6. Beschr\u00e4nkung der Haftung<\/h4>\n\n\n\n<div class=\"wp-block-group is-layout-constrained wp-container-core-group-is-layout-19e250f3 wp-block-group-is-layout-constrained\">\n<p class=\"has-normal-font-size\" style=\"line-height:1.6\">6.1.\nBitexGas is not responsible for any losses or damages resulting from the use of the platform, except as provided by law. <\/p>\n\n\n\n<p class=\"has-normal-font-size\" style=\"line-height:1.6\">6.2.\nBitexGas does not guarantee uninterrupted operation of the platform and is not responsible for temporary interruptions or technical malfunctions. <\/p>\n<\/div>\n\n\n\n<h4 class=\"wp-block-heading\" style=\"font-size:30px;font-style:normal;font-weight:700;line-height:1.2\">7. \u00c4nderungen an diesen Bedingungen<\/h4>\n\n\n\n<div class=\"wp-block-group is-layout-constrained wp-container-core-group-is-layout-19e250f3 wp-block-group-is-layout-constrained\">\n<p class=\"has-normal-font-size\" style=\"line-height:1.6\">7.1.\nBitexGas reserves the right to make changes to these terms of use at any time.  Alle \u00c4nderungen werden auf dieser Seite bekannt gegeben.<\/p>\n\n\n\n<p class=\"has-normal-font-size\" style=\"line-height:1.6\">7.2. Wir empfehlen, diese Seite regelm\u00e4\u00dfig auf Aktualisierungen der Nutzungsbedingungen zu \u00fcberpr\u00fcfen.<\/p>\n<\/div>\n\n\n\n<h4 class=\"wp-block-heading\" style=\"font-size:30px;font-style:normal;font-weight:700;line-height:1.2\">8. Beendigung<\/h4>\n\n\n\n<div class=\"wp-block-group is-layout-constrained wp-container-core-group-is-layout-19e250f3 wp-block-group-is-layout-constrained\">\n<p class=\"has-normal-font-size\" style=\"line-height:1.6\">8.1. Der Nutzer kann die Nutzung der Plattform jederzeit beenden, indem er sein Konto l\u00f6scht.<\/p>\n\n\n\n<p class=\"has-normal-font-size\" style=\"line-height:1.6\">8.2.\nBitexGas may suspend or terminate the user&#8217;s access to the platform in case of violation of these terms or conditions of use. <\/p>\n<\/div>\n\n\n\n<h4 class=\"wp-block-heading\" style=\"font-size:30px;font-style:normal;font-weight:700;line-height:1.2\">9. Anwendbares Recht und Gerichtsstand<\/h4>\n\n\n\n<div class=\"wp-block-group is-layout-constrained wp-container-core-group-is-layout-19e250f3 wp-block-group-is-layout-constrained\">\n<p class=\"has-normal-font-size\" style=\"line-height:1.6\">9.1. Diese Nutzungsbedingungen unterliegen den Gesetzen.<\/p>\n\n\n\n<p class=\"has-normal-font-size\" style=\"line-height:1.6\">9.2.\nAll disputes arising in connection with the use of the BitexGas platform are subject to the jurisdiction of the competent courts. <\/p>\n<\/div>\n<\/div>\n<\/div>\n<\/div>\n<\/div>\n<\/div><\/div>\n<\/div>\n\n<div class=\"wp-block-group alignfull is-layout-constrained wp-block-group-is-layout-constrained\" style=\"margin-top:0;margin-bottom:0\">\n<div class=\"wp-block-cover alignfull is-light\" style=\"padding-top:80px;padding-right:var(--wp--preset--spacing--30);padding-bottom:80px;padding-left:var(--wp--preset--spacing--30);min-height:268px;aspect-ratio:unset;\"><span aria-hidden=\"true\" class=\"wp-block-cover__background has-white-background-color has-background-dim-100 has-background-dim\"><\/span><div class=\"wp-block-cover__inner-container is-layout-flow wp-block-cover-is-layout-flow\">\n<div class=\"wp-block-group is-layout-constrained wp-container-core-group-is-layout-41c06ba8 wp-block-group-is-layout-constrained\">\n<h2 class=\"wp-block-heading has-text-align-center has-black-color has-text-color has-link-color wp-elements-c985d8c22f3c08eaa22e0e3c0c42a995\" style=\"font-size:45px;font-style:normal;font-weight:700;line-height:1.2\">Danke, dass Sie <em>sich f\u00fcr <\/em>BitexGas entschieden haben!<\/h2>\n<\/div>\n<\/div><\/div>\n<\/div>\n\n<div class=\"wp-block-group alignfull is-layout-constrained wp-block-group-is-layout-constrained\" id=\"footer\" style=\"margin-top:0;margin-bottom:0\">\n<div class=\"wp-block-cover alignfull\" style=\"padding-top:100px;padding-right:var(--wp--preset--spacing--30);padding-bottom:64px;padding-left:var(--wp--preset--spacing--30);min-height:50px;aspect-ratio:unset;\" id=\"footer\"><span aria-hidden=\"true\" class=\"wp-block-cover__background has-background-dim-100 has-background-dim\" style=\"background-color:#03045e\"><\/span><div class=\"wp-block-cover__inner-container is-layout-flow wp-block-cover-is-layout-flow\">\n<div class=\"wp-block-group is-layout-constrained wp-container-core-group-is-layout-a084365a wp-block-group-is-layout-constrained\">\n<div class=\"wp-block-columns is-layout-flex wp-container-core-columns-is-layout-e96d03bb wp-block-columns-is-layout-flex\">\n<div class=\"wp-block-column is-layout-flow wp-block-column-is-layout-flow\" style=\"flex-basis:190px\">\n<figure class=\"wp-block-image size-full\"><img loading=\"lazy\" decoding=\"async\" width=\"106\" height=\"32\" src=\"https:\/\/bitexgas.com\/wp-content\/uploads\/2024\/08\/Group-37372.png\" alt=\"\" class=\"wp-image-1322\"\/><\/figure>\n<\/div>\n\n\n\n<div class=\"wp-block-column is-vertically-aligned-center is-layout-flow wp-block-column-is-layout-flow\" style=\"flex-basis:66.66%\"><nav class=\"wp-block-navigation is-layout-flex wp-container-core-navigation-is-layout-04a1408d wp-block-navigation-is-layout-flex\" aria-label=\"Menu Header\"><ul class=\"wp-block-navigation__container  wp-block-navigation\"><li class=\" wp-block-navigation-item  menu-item menu-item-type-post_type menu-item-object-page wp-block-navigation-link\"><a class=\"wp-block-navigation-item__content\"  href=\"https:\/\/bitexgas.com\/?page_id=24\" title=\"\"><span class=\"wp-block-navigation-item__label\">Contact Us<\/span><\/a><\/li><li class=\" wp-block-navigation-item  menu-item menu-item-type-post_type menu-item-object-page wp-block-navigation-link\"><a class=\"wp-block-navigation-item__content\"  href=\"https:\/\/bitexgas.com\/?page_id=27\" title=\"\"><span class=\"wp-block-navigation-item__label\">About us<\/span><\/a><\/li><\/ul><\/nav><\/div>\n<\/div>\n\n\n\n<p class=\"has-normal-font-size\" style=\"line-height:1.6\">Die Nutzer erkennen an, dass der Handel mit Kryptow\u00e4hrungen erhebliche Risiken birgt. Die Preise sind extrem volatil und k\u00f6nnen sich schnell \u00e4ndern, was zu erheblichen Verlusten f\u00fchren kann. Wir empfehlen Nutzern, ihre finanzielle Situation und ihre Risikotoleranz sorgf\u00e4ltig zu pr\u00fcfen, bevor sie sich auf den Handel mit Kryptow\u00e4hrungen einlassen. Diese Plattform stellt keine Anlage-, Finanz-, Rechts-, Steuer- oder sonstige Beratung dar. Alle bereitgestellten Informationen oder Analysen dienen nur zu Informationszwecken und sollten nicht als Angebot oder Aufforderung zum Kauf oder Verkauf von Kryptow\u00e4hrungen verstanden werden. Die Plattform arbeitet in \u00dcbereinstimmung mit den geltenden Gesetzen und Vorschriften. Die Vorschriften f\u00fcr Kryptow\u00e4hrungen k\u00f6nnen jedoch je nach Gerichtsbarkeit variieren und unterliegen \u00c4nderungen. Die Nutzer sind daf\u00fcr verantwortlich, dass ihre Nutzung der Plattform mit den lokalen Gesetzen und Vorschriften \u00fcbereinstimmt. Beim Handel mit Kryptow\u00e4hrungen gibt es keine Garantien f\u00fcr Gewinne oder Schutz vor Verlusten. Die vergangene Performance ist kein Indikator f\u00fcr zuk\u00fcnftige Ergebnisse. Benutzer sollten sich bewusst sein, dass sie ihr gesamtes investiertes Kapital verlieren k\u00f6nnen. Obwohl wir uns bem\u00fchen, eine zuverl\u00e4ssige und sichere Handelsplattform bereitzustellen, k\u00f6nnen wir keinen ununterbrochenen Service garantieren. Wir haften nicht f\u00fcr Verluste, die durch technische Probleme, Marktbedingungen oder andere Faktoren au\u00dferhalb unserer Kontrolle entstehen.<\/p>\n<\/div>\n<\/div><\/div>\n<\/div>\n\n<script src=\"https:\/\/cdn.jsdelivr.net\/npm\/locomotive-scroll@4.1.4\/dist\/locomotive-scroll.min.js\"><\/script><link href=\"https:\/\/cdn.jsdelivr.net\/npm\/locomotive-scroll@4.1.4\/dist\/locomotive-scroll.min.css\" rel=\"stylesheet\"\/><script>document.addEventListener('DOMContentLoaded', function() {\n    const locoScroll = new LocomotiveScroll({\n        el: document.querySelector(\"#page\"),\n        smooth: true\n    });\n    locoScroll.destroy();\n\n    setTimeout(function(){\n        locoScroll.init();\n    }, 100);\n});\n<\/script>\n","protected":false},"excerpt":{"rendered":"","protected":false},"author":1,"featured_media":0,"parent":0,"menu_order":0,"comment_status":"closed","ping_status":"closed","template":"","meta":{"_monsterinsights_skip_tracking":false,"_monsterinsights_sitenote_active":false,"_monsterinsights_sitenote_note":"","_monsterinsights_sitenote_category":0,"footnotes":""},"class_list":["post-1110","page","type-page","status-publish","hentry"],"_links":{"self":[{"href":"https:\/\/bitexgas.com\/de-li\/wp-json\/wp\/v2\/pages\/1110","targetHints":{"allow":["GET"]}}],"collection":[{"href":"https:\/\/bitexgas.com\/de-li\/wp-json\/wp\/v2\/pages"}],"about":[{"href":"https:\/\/bitexgas.com\/de-li\/wp-json\/wp\/v2\/types\/page"}],"author":[{"embeddable":true,"href":"https:\/\/bitexgas.com\/de-li\/wp-json\/wp\/v2\/users\/1"}],"replies":[{"embeddable":true,"href":"https:\/\/bitexgas.com\/de-li\/wp-json\/wp\/v2\/comments?post=1110"}],"version-history":[{"count":2,"href":"https:\/\/bitexgas.com\/de-li\/wp-json\/wp\/v2\/pages\/1110\/revisions"}],"predecessor-version":[{"id":1449,"href":"https:\/\/bitexgas.com\/de-li\/wp-json\/wp\/v2\/pages\/1110\/revisions\/1449"}],"wp:attachment":[{"href":"https:\/\/bitexgas.com\/de-li\/wp-json\/wp\/v2\/media?parent=1110"}],"curies":[{"name":"wp","href":"https:\/\/api.w.org\/{rel}","templated":true}]}}