
{"id":1181,"date":"2024-06-17T15:11:33","date_gmt":"2024-06-17T15:11:33","guid":{"rendered":"https:\/\/bitexgas.com\/politik\/"},"modified":"2024-08-02T09:49:55","modified_gmt":"2024-08-02T09:49:55","slug":"politik","status":"publish","type":"page","link":"https:\/\/bitexgas.com\/de-at\/politik\/","title":{"rendered":"Politik"},"content":{"rendered":"\n<div class=\"wp-block-group alignfull is-layout-constrained wp-block-group-is-layout-constrained\" id=\"footer\">\n<div class=\"wp-block-group alignfull is-layout-constrained wp-block-group-is-layout-constrained\" style=\"margin-top:0;margin-bottom:0\">\n<div class=\"wp-block-group alignfull is-layout-constrained wp-block-group-is-layout-constrained\" style=\"margin-top:0;margin-bottom:0\">\n<div class=\"wp-block-cover alignfull\" style=\"padding-top:120px;padding-right:var(--wp--preset--spacing--30);padding-bottom:80px;padding-left:var(--wp--preset--spacing--30);min-height:50px;aspect-ratio:unset;\"><span aria-hidden=\"true\" class=\"wp-block-cover__background has-background-dim-100 has-background-dim\" style=\"background-color:#03045e\"><\/span><div class=\"wp-block-cover__inner-container is-layout-flow wp-block-cover-is-layout-flow\">\n<div class=\"wp-block-group is-layout-constrained wp-container-core-group-is-layout-5323e4c3 wp-block-group-is-layout-constrained\">\n<div id=\"policy-information\" class=\"wp-block-group has-background is-layout-constrained wp-container-core-group-is-layout-727701ee wp-block-group-is-layout-constrained\" style=\"border-radius:20px;background-color:#0038ff;margin-bottom:120px;padding-top:54px;padding-right:136px;padding-bottom:54px;padding-left:136px\">\n<h2 class=\"wp-block-heading has-text-align-center\" style=\"font-size:45px;font-style:normal;font-weight:700;line-height:1.2\">Zuletzt aktualisiert am: 17.05.23<\/h2>\n\n\n\n<p class=\"has-text-align-center has-normal-font-size\" style=\"line-height:1.6\">Wir bei BitexGas wissen, wie wichtig der Datenschutz und die Sicherheit der pers\u00f6nlichen Daten unserer Nutzer sind.\nDiese Datenschutzrichtlinie beschreibt, wie wir Ihre Daten sammeln, verwenden, verarbeiten und sch\u00fctzen.\nIndem Sie unsere Dienste nutzen, erkl\u00e4ren Sie sich mit den Bedingungen dieser Richtlinie einverstanden.  <\/p>\n<\/div>\n<\/div>\n\n\n\n<div class=\"wp-block-group is-layout-constrained wp-container-core-group-is-layout-9ab54b89 wp-block-group-is-layout-constrained\">\n<h2 class=\"wp-block-heading has-text-align-center\" style=\"font-size:45px;font-style:normal;font-weight:700;line-height:1.2\">Informationssammlung<\/h2>\n\n\n\n<div class=\"wp-block-columns is-layout-flex wp-container-core-columns-is-layout-e54c8129 wp-block-columns-is-layout-flex\">\n<div class=\"wp-block-column is-layout-flow wp-container-core-column-is-layout-f402376c wp-block-column-is-layout-flow\">\n<h3 class=\"wp-block-heading\" style=\"font-size:30px;font-style:normal;font-weight:700;line-height:1.2\">Wir sammeln pers\u00f6nliche Daten, die Sie bei der Registrierung auf unserer Plattform angeben, einschlie\u00dflich:<\/h3>\n\n\n\n<ul class=\"has-normal-font-size wp-block-list\">\n<li>Vor- und Nachname<\/li>\n\n\n\n<li>E-Mail Adresse<\/li>\n\n\n\n<li>Rufnummer<\/li>\n<\/ul>\n\n\n\n<h3 class=\"wp-block-heading\" style=\"font-size:30px;font-style:normal;font-weight:700;line-height:1.2\">Wir k\u00f6nnen auch Informationen \u00fcber Ihre Nutzung unserer Plattform sammeln, wie zum Beispiel:<\/h3>\n\n\n\n<ul class=\"has-normal-font-size wp-block-list\">\n<li>IP-Adresse<\/li>\n\n\n\n<li>Ger\u00e4t und Browsertyp<\/li>\n\n\n\n<li class=\"has-normal-font-size\">Besuchsverlauf und Aktionen auf der Website<\/li>\n<\/ul>\n\n\n\n<h3 class=\"wp-block-heading\" style=\"font-size:30px;font-style:normal;font-weight:700;line-height:1.2\">Verwendung von Informationen<\/h3>\n\n\n\n<div class=\"wp-block-group is-layout-constrained wp-container-core-group-is-layout-19e250f3 wp-block-group-is-layout-constrained\">\n<p class=\"has-normal-font-size\" style=\"line-height:1.6\">Die gesammelten Informationen werden verwendet, um:<\/p>\n\n\n\n<ul style=\"line-height:1.6\" class=\"has-normal-font-size wp-block-list\">\n<li>Bereitstellung und Verbesserung unserer Dienstleistungen<\/li>\n\n\n\n<li>\u00dcberpr\u00fcfen Sie Ihre Identit\u00e4t und sch\u00fctzen Sie sich vor Betrug<\/li>\n\n\n\n<li>Verarbeiten Sie Transaktionen und Einzahlungen<\/li>\n\n\n\n<li>Sie mit Updates und Benachrichtigungen \u00fcber unsere Dienstleistungen zu versorgen<\/li>\n\n\n\n<li>Analysieren Sie die Nutzung der Plattform und f\u00fchren Sie Marketingforschung durch<\/li>\n<\/ul>\n<\/div>\n\n\n\n<h3 class=\"wp-block-heading\" style=\"font-size:30px;font-style:normal;font-weight:700;line-height:1.2\">Offenlegung von Informationen<\/h3>\n\n\n\n<div class=\"wp-block-group is-layout-constrained wp-container-core-group-is-layout-19e250f3 wp-block-group-is-layout-constrained\">\n<p class=\"has-normal-font-size\" style=\"line-height:1.6\">Wir verkaufen oder \u00fcbertragen Ihre pers\u00f6nlichen Daten nicht an Dritte, es sei denn, dies ist gesetzlich vorgeschrieben oder notwendig, um unsere Dienstleistungen zu erbringen, wie z.B:<\/p>\n\n\n\n<ul style=\"line-height:1.6\" class=\"has-normal-font-size wp-block-list\">\n<li>Zahlungssysteme und Finanzinstitute f\u00fcr die Abwicklung von Transaktionen<\/li>\n\n\n\n<li>Strafverfolgungsbeh\u00f6rden oder andere staatliche Stellen auf Anfrage<\/li>\n\n\n\n<li>Unsere angeschlossenen Unternehmen und Partner, um die Zusammenarbeit zu gew\u00e4hrleisten und unsere Dienstleistungen zu verbessern<\/li>\n<\/ul>\n<\/div>\n<\/div>\n\n\n\n<div class=\"wp-block-column is-vertically-aligned-center is-layout-flow wp-container-core-column-is-layout-f402376c wp-block-column-is-layout-flow\">\n<div class=\"wp-block-group policy-item has-background is-layout-constrained wp-container-core-group-is-layout-527d8513 wp-block-group-is-layout-constrained\" style=\"border-radius:25px;background-color:#0006b1;padding-top:54px;padding-right:25px;padding-bottom:54px;padding-left:25px\">\n<h3 class=\"wp-block-heading\" style=\"font-size:30px;font-style:normal;font-weight:700;line-height:1.2\">Datensicherheit<\/h3>\n\n\n\n<div class=\"wp-block-group is-layout-constrained wp-container-core-group-is-layout-19e250f3 wp-block-group-is-layout-constrained\">\n<p class=\"has-normal-font-size\" style=\"line-height:1.6\">Wir ergreifen alle notwendigen Ma\u00dfnahmen, um Ihre Daten vor unbefugtem Zugriff, Ver\u00e4nderung, Weitergabe oder Zerst\u00f6rung zu sch\u00fctzen. Diese Ma\u00dfnahmen umfassen:<\/p>\n\n\n\n<ul style=\"line-height:1.6\" class=\"has-normal-font-size wp-block-list\">\n<li>Mehrstufige Datenverschl\u00fcsselung<\/li>\n\n\n\n<li>Zwei-Faktor-Authentifizierung<\/li>\n\n\n\n<li>Regelm\u00e4\u00dfige Sicherheits\u00fcberpr\u00fcfungen und Systemaktualisierungen<\/li>\n<\/ul>\n<\/div>\n\n\n\n<h3 class=\"wp-block-heading\" style=\"font-size:30px;font-style:normal;font-weight:700;line-height:1.2\">Ihre Rechte<\/h3>\n\n\n\n<div class=\"wp-block-group is-layout-constrained wp-container-core-group-is-layout-19e250f3 wp-block-group-is-layout-constrained\">\n<p class=\"has-normal-font-size\" style=\"line-height:1.6\">Sie haben das Recht dazu:<\/p>\n\n\n\n<ul style=\"line-height:1.6\" class=\"has-normal-font-size wp-block-list\">\n<li>Zugriff auf Ihre bei uns gespeicherten pers\u00f6nlichen Daten<\/li>\n\n\n\n<li>Korrektur oder L\u00f6schung Ihrer Daten beantragen<\/li>\n\n\n\n<li>Abmeldung vom Erhalt von Marketingnachrichten<\/li>\n\n\n\n<li>die Verarbeitung Ihrer Daten in bestimmten F\u00e4llen einschr\u00e4nken<\/li>\n<\/ul>\n\n\n\n<p class=\"has-normal-font-size\" style=\"line-height:1.6\">Um diese Rechte auszu\u00fcben, k\u00f6nnen Sie uns \u00fcber die auf unserer Website angegebenen Kontaktinformationen kontaktieren.<\/p>\n<\/div>\n\n\n\n<h3 class=\"wp-block-heading\" style=\"font-size:30px;font-style:normal;font-weight:700;line-height:1.2\">\u00c4nderungen an der Datenschutzrichtlinie<\/h3>\n\n\n\n<p class=\"has-normal-font-size\" style=\"line-height:1.6\">Wir k\u00f6nnen diese Datenschutzrichtlinie regelm\u00e4\u00dfig aktualisieren. Alle \u00c4nderungen werden auf dieser Seite bekannt gegeben. Wir empfehlen Ihnen, diese Seite regelm\u00e4\u00dfig zu besuchen, um \u00fcber eventuelle \u00c4nderungen informiert zu sein.<\/p>\n<\/div>\n<\/div>\n<\/div>\n<\/div>\n<\/div><\/div>\n<\/div>\n\n\n\n<div class=\"wp-block-cover alignfull is-light\" style=\"padding-top:84px;padding-right:var(--wp--preset--spacing--30);padding-bottom:84px;padding-left:var(--wp--preset--spacing--30);min-height:50px;aspect-ratio:unset;\"><span aria-hidden=\"true\" class=\"wp-block-cover__background has-white-background-color has-background-dim-100 has-background-dim\"><\/span><div class=\"wp-block-cover__inner-container is-layout-flow wp-block-cover-is-layout-flow\">\n<div class=\"wp-block-group is-layout-constrained wp-container-core-group-is-layout-41c06ba8 wp-block-group-is-layout-constrained\">\n<h2 class=\"wp-block-heading has-text-align-center\" style=\"font-size:45px;font-style:normal;font-weight:700;line-height:1.2\">Danke, dass Sie <em>sich f\u00fcr<\/em> BitexGas entschieden haben!<\/h2>\n<\/div>\n<\/div><\/div>\n<\/div>\n\n\n\n<div class=\"wp-block-cover alignfull\" style=\"margin-top:0;margin-bottom:0;padding-top:100px;padding-right:var(--wp--preset--spacing--30);padding-bottom:64px;padding-left:var(--wp--preset--spacing--30);min-height:50px;aspect-ratio:unset;\"><span aria-hidden=\"true\" class=\"wp-block-cover__background has-background-dim-100 has-background-dim\" style=\"background-color:#03045e\"><\/span><div class=\"wp-block-cover__inner-container is-layout-flow wp-block-cover-is-layout-flow\">\n<div class=\"wp-block-group is-layout-constrained wp-container-core-group-is-layout-a084365a wp-block-group-is-layout-constrained\">\n<div class=\"wp-block-columns is-layout-flex wp-container-core-columns-is-layout-e96d03bb wp-block-columns-is-layout-flex\">\n<div class=\"wp-block-column is-layout-flow wp-block-column-is-layout-flow\" style=\"flex-basis:190px\">\n<figure class=\"wp-block-image size-full\"><img loading=\"lazy\" decoding=\"async\" width=\"106\" height=\"32\" src=\"https:\/\/bitexgas.com\/wp-content\/uploads\/2024\/08\/Group-37372.png\" alt=\"\" class=\"wp-image-1322\"\/><\/figure>\n<\/div>\n\n\n\n<div class=\"wp-block-column is-vertically-aligned-center is-layout-flow wp-block-column-is-layout-flow\" style=\"flex-basis:66.66%\"><nav class=\"wp-block-navigation is-layout-flex wp-container-core-navigation-is-layout-04a1408d wp-block-navigation-is-layout-flex\" aria-label=\"Menu Header\"><ul class=\"wp-block-navigation__container  wp-block-navigation\"><li class=\" wp-block-navigation-item  menu-item menu-item-type-post_type menu-item-object-page wp-block-navigation-link\"><a class=\"wp-block-navigation-item__content\"  href=\"https:\/\/bitexgas.com\/?page_id=24\" title=\"\"><span class=\"wp-block-navigation-item__label\">Contact Us<\/span><\/a><\/li><li class=\" wp-block-navigation-item  menu-item menu-item-type-post_type menu-item-object-page wp-block-navigation-link\"><a class=\"wp-block-navigation-item__content\"  href=\"https:\/\/bitexgas.com\/?page_id=27\" title=\"\"><span class=\"wp-block-navigation-item__label\">About us<\/span><\/a><\/li><\/ul><\/nav><\/div>\n<\/div>\n\n\n\n<p class=\"has-normal-font-size\" style=\"line-height:1.6\">Die Nutzer erkennen an, dass der Handel mit Kryptow\u00e4hrungen erhebliche Risiken birgt.\nDie Preise sind extrem volatil und k\u00f6nnen sich schnell \u00e4ndern, was zu erheblichen Verlusten f\u00fchren kann.\nWir empfehlen den Nutzern, ihre finanzielle Situation und ihre Risikotoleranz sorgf\u00e4ltig zu pr\u00fcfen, bevor sie sich am Handel mit Kryptow\u00e4hrungen beteiligen.\nDiese Plattform bietet keine Anlage-, Finanz-, Rechts-, Steuer- oder sonstige Beratung an.\nAlle bereitgestellten Informationen oder Analysen dienen ausschlie\u00dflich Informationszwecken und sollten nicht als Angebot oder Aufforderung zum Kauf oder Verkauf von Kryptow\u00e4hrungen verstanden werden.\nDie Plattform arbeitet in \u00dcbereinstimmung mit den geltenden Gesetzen und Vorschriften.\nDie Vorschriften f\u00fcr Kryptow\u00e4hrungen k\u00f6nnen jedoch je nach Gerichtsbarkeit variieren und k\u00f6nnen sich \u00e4ndern.\nDie Nutzer sind daf\u00fcr verantwortlich, dass ihre Nutzung der Plattform mit den lokalen Gesetzen und Vorschriften \u00fcbereinstimmt.\nEs gibt keine Garantien f\u00fcr Gewinne oder Schutz vor Verlusten beim Handel mit Kryptow\u00e4hrungen.\nDie Performance in der Vergangenheit ist kein Indikator f\u00fcr zuk\u00fcnftige Ergebnisse.\nNutzer sollten sich bewusst sein, dass sie ihr gesamtes investiertes Kapital verlieren k\u00f6nnen.\nObwohl wir uns bem\u00fchen, eine zuverl\u00e4ssige und sichere Handelsplattform anzubieten, k\u00f6nnen wir keinen ununterbrochenen Service garantieren und wir haften nicht f\u00fcr Verluste, die aus technischen Problemen, Marktbedingungen oder anderen Faktoren au\u00dferhalb unserer Kontrolle resultieren.           <\/p>\n<\/div>\n<\/div><\/div>\n<\/div>\n\n<script src=\"https:\/\/cdn.jsdelivr.net\/npm\/locomotive-scroll@4.1.4\/dist\/locomotive-scroll.min.js\"><\/script><link href=\"https:\/\/cdn.jsdelivr.net\/npm\/locomotive-scroll@4.1.4\/dist\/locomotive-scroll.min.css\" rel=\"stylesheet\"\/><script>document.addEventListener('DOMContentLoaded', function() {\n    const locoScroll = new LocomotiveScroll({\n        el: document.querySelector(\"#page\"),\n        smooth: true\n    });\n    locoScroll.destroy();\n\n    setTimeout(function(){\n        locoScroll.init();\n    }, 100);\n});\n<\/script>\n","protected":false},"excerpt":{"rendered":"","protected":false},"author":1,"featured_media":0,"parent":0,"menu_order":0,"comment_status":"closed","ping_status":"closed","template":"","meta":{"_monsterinsights_skip_tracking":false,"_monsterinsights_sitenote_active":false,"_monsterinsights_sitenote_note":"","_monsterinsights_sitenote_category":0,"footnotes":""},"class_list":["post-1181","page","type-page","status-publish","hentry"],"_links":{"self":[{"href":"https:\/\/bitexgas.com\/de-at\/wp-json\/wp\/v2\/pages\/1181","targetHints":{"allow":["GET"]}}],"collection":[{"href":"https:\/\/bitexgas.com\/de-at\/wp-json\/wp\/v2\/pages"}],"about":[{"href":"https:\/\/bitexgas.com\/de-at\/wp-json\/wp\/v2\/types\/page"}],"author":[{"embeddable":true,"href":"https:\/\/bitexgas.com\/de-at\/wp-json\/wp\/v2\/users\/1"}],"replies":[{"embeddable":true,"href":"https:\/\/bitexgas.com\/de-at\/wp-json\/wp\/v2\/comments?post=1181"}],"version-history":[{"count":3,"href":"https:\/\/bitexgas.com\/de-at\/wp-json\/wp\/v2\/pages\/1181\/revisions"}],"predecessor-version":[{"id":1428,"href":"https:\/\/bitexgas.com\/de-at\/wp-json\/wp\/v2\/pages\/1181\/revisions\/1428"}],"wp:attachment":[{"href":"https:\/\/bitexgas.com\/de-at\/wp-json\/wp\/v2\/media?parent=1181"}],"curies":[{"name":"wp","href":"https:\/\/api.w.org\/{rel}","templated":true}]}}