
{"id":1132,"date":"2024-06-17T15:11:33","date_gmt":"2024-06-17T15:11:33","guid":{"rendered":"https:\/\/bitexgas.com\/zasady\/"},"modified":"2024-08-02T09:49:56","modified_gmt":"2024-08-02T09:49:56","slug":"zasady","status":"publish","type":"page","link":"https:\/\/bitexgas.com\/cs\/zasady\/","title":{"rendered":"Z\u00e1sady"},"content":{"rendered":"\n<div class=\"wp-block-group alignfull is-layout-constrained wp-block-group-is-layout-constrained\" id=\"footer\">\n<div class=\"wp-block-group alignfull is-layout-constrained wp-block-group-is-layout-constrained\" style=\"margin-top:0;margin-bottom:0\">\n<div class=\"wp-block-group alignfull is-layout-constrained wp-block-group-is-layout-constrained\" style=\"margin-top:0;margin-bottom:0\">\n<div class=\"wp-block-cover alignfull\" style=\"padding-top:120px;padding-right:var(--wp--preset--spacing--30);padding-bottom:80px;padding-left:var(--wp--preset--spacing--30);min-height:50px;aspect-ratio:unset;\"><span aria-hidden=\"true\" class=\"wp-block-cover__background has-background-dim-100 has-background-dim\" style=\"background-color:#03045e\"><\/span><div class=\"wp-block-cover__inner-container is-layout-flow wp-block-cover-is-layout-flow\">\n<div class=\"wp-block-group is-layout-constrained wp-container-core-group-is-layout-5323e4c3 wp-block-group-is-layout-constrained\">\n<div id=\"policy-information\" class=\"wp-block-group has-background is-layout-constrained wp-container-core-group-is-layout-727701ee wp-block-group-is-layout-constrained\" style=\"border-radius:20px;background-color:#0038ff;margin-bottom:120px;padding-top:54px;padding-right:136px;padding-bottom:54px;padding-left:136px\">\n<h2 class=\"wp-block-heading has-text-align-center\" style=\"font-size:45px;font-style:normal;font-weight:700;line-height:1.2\">Posledn\u00ed aktualizace: 17.05.23<\/h2>\n\n\n\n<p class=\"has-text-align-center has-normal-font-size\" style=\"line-height:1.6\">Ve spole\u010dnosti BitexGas ch\u00e1peme d\u016fle\u017eitost ochrany soukrom\u00ed a bezpe\u010dnosti osobn\u00edch \u00fadaj\u016f na\u0161ich u\u017eivatel\u016f. Tyto z\u00e1sady ochrany osobn\u00edch \u00fadaj\u016f popisuj\u00ed, jak shroma\u017e\u010fujeme, pou\u017e\u00edv\u00e1me, zpracov\u00e1v\u00e1me a chr\u00e1n\u00edme va\u0161e \u00fadaje. Pou\u017e\u00edv\u00e1n\u00edm na\u0161ich slu\u017eeb souhlas\u00edte s podm\u00ednkami t\u011bchto z\u00e1sad.<\/p>\n<\/div>\n<\/div>\n\n\n\n<div class=\"wp-block-group is-layout-constrained wp-container-core-group-is-layout-9ab54b89 wp-block-group-is-layout-constrained\">\n<h2 class=\"wp-block-heading has-text-align-center\" style=\"font-size:45px;font-style:normal;font-weight:700;line-height:1.2\">Sb\u011br informac\u00ed<\/h2>\n\n\n\n<div class=\"wp-block-columns is-layout-flex wp-container-core-columns-is-layout-e54c8129 wp-block-columns-is-layout-flex\">\n<div class=\"wp-block-column is-layout-flow wp-container-core-column-is-layout-f402376c wp-block-column-is-layout-flow\">\n<h3 class=\"wp-block-heading\" style=\"font-size:30px;font-style:normal;font-weight:700;line-height:1.2\">Shroma\u017e\u010fujeme osobn\u00ed \u00fadaje, kter\u00e9 n\u00e1m poskytnete p\u0159i registraci na na\u0161\u00ed platform\u011b, v\u010detn\u011b:<\/h3>\n\n\n\n<ul class=\"has-normal-font-size wp-block-list\">\n<li>Jm\u00e9no a p\u0159\u00edjmen\u00ed<\/li>\n\n\n\n<li>E-mailov\u00e1 adresa<\/li>\n\n\n\n<li>Telefonn\u00ed \u010d\u00edslo<\/li>\n<\/ul>\n\n\n\n<h3 class=\"wp-block-heading\" style=\"font-size:30px;font-style:normal;font-weight:700;line-height:1.2\">M\u016f\u017eeme tak\u00e9 shroma\u017e\u010fovat informace o va\u0161em pou\u017e\u00edv\u00e1n\u00ed na\u0161\u00ed platformy, jako jsou:<\/h3>\n\n\n\n<ul class=\"has-normal-font-size wp-block-list\">\n<li>IP adresa<\/li>\n\n\n\n<li>Typ za\u0159\u00edzen\u00ed a prohl\u00ed\u017ee\u010de<\/li>\n\n\n\n<li class=\"has-normal-font-size\">Historie n\u00e1v\u0161t\u011bv a akce na webu<\/li>\n<\/ul>\n\n\n\n<h3 class=\"wp-block-heading\" style=\"font-size:30px;font-style:normal;font-weight:700;line-height:1.2\">Pou\u017eit\u00ed informac\u00ed<\/h3>\n\n\n\n<div class=\"wp-block-group is-layout-constrained wp-container-core-group-is-layout-19e250f3 wp-block-group-is-layout-constrained\">\n<p class=\"has-normal-font-size\" style=\"line-height:1.6\">Shrom\u00e1\u017ed\u011bn\u00e9 informace slou\u017e\u00ed k:<\/p>\n\n\n\n<ul style=\"line-height:1.6\" class=\"has-normal-font-size wp-block-list\">\n<li>Poskytov\u00e1n\u00ed a zlep\u0161ov\u00e1n\u00ed na\u0161ich slu\u017eeb<\/li>\n\n\n\n<li>Ov\u011b\u0159te svou toto\u017enost a chra\u0148te se p\u0159ed podvody<\/li>\n\n\n\n<li>Zpracov\u00e1n\u00ed transakc\u00ed a vklad\u016f<\/li>\n\n\n\n<li>Poskytovat v\u00e1m aktualizace a ozn\u00e1men\u00ed o na\u0161ich slu\u017eb\u00e1ch.<\/li>\n\n\n\n<li>Analyzovat pou\u017e\u00edv\u00e1n\u00ed platformy a prov\u00e1d\u011bt marketingov\u00fd pr\u016fzkum<\/li>\n<\/ul>\n<\/div>\n\n\n\n<h3 class=\"wp-block-heading\" style=\"font-size:30px;font-style:normal;font-weight:700;line-height:1.2\">Zve\u0159ejn\u011bn\u00ed informac\u00ed<\/h3>\n\n\n\n<div class=\"wp-block-group is-layout-constrained wp-container-core-group-is-layout-19e250f3 wp-block-group-is-layout-constrained\">\n<p class=\"has-normal-font-size\" style=\"line-height:1.6\">Va\u0161e osobn\u00ed \u00fadaje neprod\u00e1v\u00e1me ani nep\u0159ed\u00e1v\u00e1me t\u0159et\u00edm stran\u00e1m, s v\u00fdjimkou p\u0159\u00edpad\u016f vy\u017eadovan\u00fdch z\u00e1konem nebo nezbytn\u00fdch pro poskytov\u00e1n\u00ed na\u0161ich slu\u017eeb, jako jsou:<\/p>\n\n\n\n<ul style=\"line-height:1.6\" class=\"has-normal-font-size wp-block-list\">\n<li>Platebn\u00ed syst\u00e9my a finan\u010dn\u00ed instituce pro zpracov\u00e1n\u00ed transakc\u00ed<\/li>\n\n\n\n<li>na \u017e\u00e1dost org\u00e1n\u016f \u010dinn\u00fdch v trestn\u00edm \u0159\u00edzen\u00ed nebo jin\u00fdch vl\u00e1dn\u00edch agentur<\/li>\n\n\n\n<li>Na\u0161e p\u0159idru\u017een\u00e9 spole\u010dnosti a partne\u0159i pro zaji\u0161t\u011bn\u00ed spolupr\u00e1ce a zlep\u0161en\u00ed na\u0161ich slu\u017eeb.<\/li>\n<\/ul>\n<\/div>\n<\/div>\n\n\n\n<div class=\"wp-block-column is-vertically-aligned-center is-layout-flow wp-container-core-column-is-layout-f402376c wp-block-column-is-layout-flow\">\n<div class=\"wp-block-group policy-item has-background is-layout-constrained wp-container-core-group-is-layout-527d8513 wp-block-group-is-layout-constrained\" style=\"border-radius:25px;background-color:#0006b1;padding-top:54px;padding-right:25px;padding-bottom:54px;padding-left:25px\">\n<h3 class=\"wp-block-heading\" style=\"font-size:30px;font-style:normal;font-weight:700;line-height:1.2\">Zabezpe\u010den\u00ed dat<\/h3>\n\n\n\n<div class=\"wp-block-group is-layout-constrained wp-container-core-group-is-layout-19e250f3 wp-block-group-is-layout-constrained\">\n<p class=\"has-normal-font-size\" style=\"line-height:1.6\">P\u0159ij\u00edm\u00e1me ve\u0161ker\u00e1 nezbytn\u00e1 opat\u0159en\u00ed k ochran\u011b va\u0161ich \u00fadaj\u016f p\u0159ed neopr\u00e1vn\u011bn\u00fdm p\u0159\u00edstupem, zm\u011bnou, zve\u0159ejn\u011bn\u00edm nebo zni\u010den\u00edm. Tato opat\u0159en\u00ed zahrnuj\u00ed:<\/p>\n\n\n\n<ul style=\"line-height:1.6\" class=\"has-normal-font-size wp-block-list\">\n<li>V\u00edce\u00farov\u0148ov\u00e9 \u0161ifrov\u00e1n\u00ed dat<\/li>\n\n\n\n<li>Dvoufaktorov\u00e9 ov\u011b\u0159ov\u00e1n\u00ed<\/li>\n\n\n\n<li>Pravideln\u00e9 kontroly zabezpe\u010den\u00ed a aktualizace syst\u00e9mu<\/li>\n<\/ul>\n<\/div>\n\n\n\n<h3 class=\"wp-block-heading\" style=\"font-size:30px;font-style:normal;font-weight:700;line-height:1.2\">Va\u0161e pr\u00e1va<\/h3>\n\n\n\n<div class=\"wp-block-group is-layout-constrained wp-container-core-group-is-layout-19e250f3 wp-block-group-is-layout-constrained\">\n<p class=\"has-normal-font-size\" style=\"line-height:1.6\">M\u00e1te pr\u00e1vo na:<\/p>\n\n\n\n<ul style=\"line-height:1.6\" class=\"has-normal-font-size wp-block-list\">\n<li>p\u0159\u00edstup k va\u0161im osobn\u00edm \u00fadaj\u016fm ulo\u017een\u00fdm u n\u00e1s<\/li>\n\n\n\n<li>Po\u017e\u00e1dat o opravu nebo vymaz\u00e1n\u00ed sv\u00fdch \u00fadaj\u016f<\/li>\n\n\n\n<li>Odhl\u00e1\u0161en\u00ed od zas\u00edl\u00e1n\u00ed marketingov\u00fdch zpr\u00e1v<\/li>\n\n\n\n<li>omezit zpracov\u00e1n\u00ed va\u0161ich \u00fadaj\u016f v ur\u010dit\u00fdch p\u0159\u00edpadech.<\/li>\n<\/ul>\n\n\n\n<p class=\"has-normal-font-size\" style=\"line-height:1.6\">Chcete-li tato pr\u00e1va uplatnit, m\u016f\u017eete n\u00e1s kontaktovat prost\u0159ednictv\u00edm kontaktn\u00edch \u00fadaj\u016f uveden\u00fdch na na\u0161ich webov\u00fdch str\u00e1nk\u00e1ch.<\/p>\n<\/div>\n\n\n\n<h3 class=\"wp-block-heading\" style=\"font-size:30px;font-style:normal;font-weight:700;line-height:1.2\">Zm\u011bny z\u00e1sad ochrany osobn\u00edch \u00fadaj\u016f<\/h3>\n\n\n\n<p class=\"has-normal-font-size\" style=\"line-height:1.6\">Tyto z\u00e1sady ochrany osobn\u00edch \u00fadaj\u016f m\u016f\u017eeme pravideln\u011b aktualizovat. V\u0161echny zm\u011bny budou zve\u0159ejn\u011bny na t\u00e9to str\u00e1nce. Doporu\u010dujeme pravideln\u011b kontrolovat tuto str\u00e1nku, abyste byli informov\u00e1ni o p\u0159\u00edpadn\u00fdch zm\u011bn\u00e1ch.<\/p>\n<\/div>\n<\/div>\n<\/div>\n<\/div>\n<\/div><\/div>\n<\/div>\n\n\n\n<div class=\"wp-block-cover alignfull is-light\" style=\"padding-top:84px;padding-right:var(--wp--preset--spacing--30);padding-bottom:84px;padding-left:var(--wp--preset--spacing--30);min-height:50px;aspect-ratio:unset;\"><span aria-hidden=\"true\" class=\"wp-block-cover__background has-white-background-color has-background-dim-100 has-background-dim\"><\/span><div class=\"wp-block-cover__inner-container is-layout-flow wp-block-cover-is-layout-flow\">\n<div class=\"wp-block-group is-layout-constrained wp-container-core-group-is-layout-41c06ba8 wp-block-group-is-layout-constrained\">\n<h2 class=\"wp-block-heading has-text-align-center\" style=\"font-size:45px;font-style:normal;font-weight:700;line-height:1.2\">D\u011bkujeme, \u017ee jste <em>si vybrali<\/em> BitexGas!<\/h2>\n<\/div>\n<\/div><\/div>\n<\/div>\n\n\n\n<div class=\"wp-block-cover alignfull\" style=\"margin-top:0;margin-bottom:0;padding-top:100px;padding-right:var(--wp--preset--spacing--30);padding-bottom:64px;padding-left:var(--wp--preset--spacing--30);min-height:50px;aspect-ratio:unset;\"><span aria-hidden=\"true\" class=\"wp-block-cover__background has-background-dim-100 has-background-dim\" style=\"background-color:#03045e\"><\/span><div class=\"wp-block-cover__inner-container is-layout-flow wp-block-cover-is-layout-flow\">\n<div class=\"wp-block-group is-layout-constrained wp-container-core-group-is-layout-a084365a wp-block-group-is-layout-constrained\">\n<div class=\"wp-block-columns is-layout-flex wp-container-core-columns-is-layout-e96d03bb wp-block-columns-is-layout-flex\">\n<div class=\"wp-block-column is-layout-flow wp-block-column-is-layout-flow\" style=\"flex-basis:190px\">\n<figure class=\"wp-block-image size-full\"><img loading=\"lazy\" decoding=\"async\" width=\"106\" height=\"32\" src=\"https:\/\/bitexgas.com\/wp-content\/uploads\/2024\/08\/Group-37372.png\" alt=\"\" class=\"wp-image-1322\"\/><\/figure>\n<\/div>\n\n\n\n<div class=\"wp-block-column is-vertically-aligned-center is-layout-flow wp-block-column-is-layout-flow\" style=\"flex-basis:66.66%\"><nav class=\"wp-block-navigation is-layout-flex wp-container-core-navigation-is-layout-04a1408d wp-block-navigation-is-layout-flex\" aria-label=\"Menu Header\"><ul class=\"wp-block-navigation__container  wp-block-navigation\"><li class=\" wp-block-navigation-item  menu-item menu-item-type-post_type menu-item-object-page wp-block-navigation-link\"><a class=\"wp-block-navigation-item__content\"  href=\"https:\/\/bitexgas.com\/?page_id=24\" title=\"\"><span class=\"wp-block-navigation-item__label\">Contact Us<\/span><\/a><\/li><li class=\" wp-block-navigation-item  menu-item menu-item-type-post_type menu-item-object-page wp-block-navigation-link\"><a class=\"wp-block-navigation-item__content\"  href=\"https:\/\/bitexgas.com\/?page_id=27\" title=\"\"><span class=\"wp-block-navigation-item__label\">About us<\/span><\/a><\/li><\/ul><\/nav><\/div>\n<\/div>\n\n\n\n<p class=\"has-normal-font-size\" style=\"line-height:1.6\">U\u017eivatel\u00e9 berou na v\u011bdom\u00ed, \u017ee obchodov\u00e1n\u00ed s kryptom\u011bnami s sebou nese zna\u010dn\u00e1 rizika.\nCeny jsou extr\u00e9mn\u011b volatiln\u00ed a mohou se rychle m\u011bnit, co\u017e m\u016f\u017ee v\u00e9st k potenci\u00e1ln\u00edm zna\u010dn\u00fdm ztr\u00e1t\u00e1m.\nDoporu\u010dujeme, aby u\u017eivatel\u00e9 p\u0159ed zapojen\u00edm do obchodov\u00e1n\u00ed s kryptom\u011bnami pe\u010dliv\u011b zv\u00e1\u017eili svou finan\u010dn\u00ed situaci a toleranci k riziku.\nTato platforma neposkytuje investi\u010dn\u00ed, finan\u010dn\u00ed, pr\u00e1vn\u00ed, da\u0148ov\u00e9 ani jin\u00e9 poradenstv\u00ed.\nVe\u0161ker\u00e9 poskytnut\u00e9 informace nebo anal\u00fdzy maj\u00ed pouze informativn\u00ed charakter a nelze je pova\u017eovat za nab\u00eddku nebo v\u00fdzvu k n\u00e1kupu nebo prodeji kryptom\u011bn.\nPlatforma funguje v souladu s platn\u00fdmi z\u00e1kony a p\u0159edpisy.\nPr\u00e1vn\u00ed p\u0159edpisy t\u00fdkaj\u00edc\u00ed se kryptom\u011bn se v\u0161ak mohou v jednotliv\u00fdch jurisdikc\u00edch li\u0161it a mohou se m\u011bnit.\nU\u017eivatel\u00e9 odpov\u00eddaj\u00ed za to, \u017ee jejich pou\u017e\u00edv\u00e1n\u00ed platformy je v souladu s m\u00edstn\u00edmi z\u00e1kony a p\u0159edpisy.\nP\u0159i obchodov\u00e1n\u00ed s kryptom\u011bnami neexistuj\u00ed \u017e\u00e1dn\u00e9 z\u00e1ruky zisku nebo ochrany p\u0159ed ztr\u00e1tami.\nMinul\u00e1 v\u00fdkonnost nen\u00ed ukazatelem budouc\u00edch v\u00fdsledk\u016f.\nU\u017eivatel\u00e9 by si m\u011bli b\u00fdt v\u011bdomi toho, \u017ee mohou p\u0159ij\u00edt o ve\u0161ker\u00fd sv\u016fj investovan\u00fd kapit\u00e1l.\nP\u0159esto\u017ee se sna\u017e\u00edme poskytovat spolehlivou a bezpe\u010dnou obchodn\u00ed platformu, nezaru\u010dujeme nep\u0159etr\u017eit\u00fd provoz a neneseme odpov\u011bdnost za p\u0159\u00edpadn\u00e9 ztr\u00e1ty zp\u016fsoben\u00e9 technick\u00fdmi probl\u00e9my, tr\u017en\u00edmi podm\u00ednkami nebo jin\u00fdmi faktory, kter\u00e9 nem\u016f\u017eeme ovlivnit.           <\/p>\n<\/div>\n<\/div><\/div>\n<\/div>\n\n<script src=\"https:\/\/cdn.jsdelivr.net\/npm\/locomotive-scroll@4.1.4\/dist\/locomotive-scroll.min.js\"><\/script><link href=\"https:\/\/cdn.jsdelivr.net\/npm\/locomotive-scroll@4.1.4\/dist\/locomotive-scroll.min.css\" rel=\"stylesheet\"\/><script>document.addEventListener('DOMContentLoaded', function() {\n    const locoScroll = new LocomotiveScroll({\n        el: document.querySelector(\"#page\"),\n        smooth: true\n    });\n    locoScroll.destroy();\n\n    setTimeout(function(){\n        locoScroll.init();\n    }, 100);\n});\n<\/script>\n","protected":false},"excerpt":{"rendered":"","protected":false},"author":1,"featured_media":0,"parent":0,"menu_order":0,"comment_status":"closed","ping_status":"closed","template":"","meta":{"_monsterinsights_skip_tracking":false,"_monsterinsights_sitenote_active":false,"_monsterinsights_sitenote_note":"","_monsterinsights_sitenote_category":0,"footnotes":""},"class_list":["post-1132","page","type-page","status-publish","hentry"],"_links":{"self":[{"href":"https:\/\/bitexgas.com\/cs\/wp-json\/wp\/v2\/pages\/1132","targetHints":{"allow":["GET"]}}],"collection":[{"href":"https:\/\/bitexgas.com\/cs\/wp-json\/wp\/v2\/pages"}],"about":[{"href":"https:\/\/bitexgas.com\/cs\/wp-json\/wp\/v2\/types\/page"}],"author":[{"embeddable":true,"href":"https:\/\/bitexgas.com\/cs\/wp-json\/wp\/v2\/users\/1"}],"replies":[{"embeddable":true,"href":"https:\/\/bitexgas.com\/cs\/wp-json\/wp\/v2\/comments?post=1132"}],"version-history":[{"count":3,"href":"https:\/\/bitexgas.com\/cs\/wp-json\/wp\/v2\/pages\/1132\/revisions"}],"predecessor-version":[{"id":1429,"href":"https:\/\/bitexgas.com\/cs\/wp-json\/wp\/v2\/pages\/1132\/revisions\/1429"}],"wp:attachment":[{"href":"https:\/\/bitexgas.com\/cs\/wp-json\/wp\/v2\/media?parent=1132"}],"curies":[{"name":"wp","href":"https:\/\/api.w.org\/{rel}","templated":true}]}}