
{"id":1099,"date":"2024-06-17T15:11:48","date_gmt":"2024-06-17T15:11:48","guid":{"rendered":"https:\/\/bitexgas.com\/podminky\/"},"modified":"2024-08-02T09:51:41","modified_gmt":"2024-08-02T09:51:41","slug":"podminky","status":"publish","type":"page","link":"https:\/\/bitexgas.com\/cs\/podminky\/","title":{"rendered":"Podm\u00ednky"},"content":{"rendered":"\n<div class=\"wp-block-group alignfull is-layout-constrained wp-block-group-is-layout-constrained\" style=\"margin-top:0;margin-bottom:0\">\n<div class=\"wp-block-cover alignfull\" style=\"padding-top:80px;padding-right:var(--wp--preset--spacing--30);padding-bottom:80px;padding-left:var(--wp--preset--spacing--30);min-height:50px;aspect-ratio:unset;\"><span aria-hidden=\"true\" class=\"wp-block-cover__background has-background-dim-100 has-background-dim\" style=\"background-color:#03045e\"><\/span><div class=\"wp-block-cover__inner-container is-layout-flow wp-block-cover-is-layout-flow\">\n<div class=\"wp-block-group is-layout-constrained wp-container-core-group-is-layout-0c31acb7 wp-block-group-is-layout-constrained\">\n<h1 class=\"wp-block-heading has-text-align-center\" style=\"font-size:45px;font-style:normal;font-weight:700;line-height:1.2\">PODM\u00cdNKY POU\u017dIT\u00cd<\/h1>\n\n\n\n<div class=\"wp-block-columns is-layout-flex wp-container-core-columns-is-layout-e524df8a wp-block-columns-is-layout-flex\" id=\"terms-columns\">\n<div class=\"wp-block-column is-layout-flow wp-block-column-is-layout-flow\">\n<div class=\"wp-block-group policy-item has-background is-layout-constrained wp-container-core-group-is-layout-bb44bfd6 wp-block-group-is-layout-constrained\" style=\"border-radius:20px;background-color:#0006b1;padding-top:48px;padding-right:25px;padding-bottom:48px;padding-left:25px\">\n<h4 class=\"wp-block-heading\" style=\"font-size:30px;font-style:normal;font-weight:700;line-height:1.2\">1. \u00davod<\/h4>\n\n\n\n<div class=\"wp-block-group is-layout-constrained wp-container-core-group-is-layout-19e250f3 wp-block-group-is-layout-constrained\">\n<p class=\"has-normal-font-size\" style=\"line-height:1.6\">1.1. V\u00edtejte v BitexGas! Ne\u017e za\u010dnete pou\u017e\u00edvat na\u0161e webov\u00e9 str\u00e1nky a slu\u017eby, p\u0159e\u010dt\u011bte si pros\u00edm pozorn\u011b tyto podm\u00ednky pou\u017e\u00edv\u00e1n\u00ed. Dal\u0161\u00edm pou\u017e\u00edv\u00e1n\u00edm na\u0161ich str\u00e1nek vyjad\u0159ujete souhlas s t\u011bmito podm\u00ednkami. <\/p>\n\n\n\n<p class=\"has-normal-font-size\" style=\"line-height:1.6\">1.2.\nBitexGas provides a platform for trading and investing in oil and gas.\nThese terms govern the relationship between BitexGas and the users of the platform.  <\/p>\n<\/div>\n\n\n\n<h4 class=\"wp-block-heading\" style=\"font-size:30px;font-style:normal;font-weight:700;line-height:1.2\">2. Pr\u00e1va u\u017eivatel\u016f<\/h4>\n\n\n\n<div class=\"wp-block-group is-layout-constrained wp-container-core-group-is-layout-19e250f3 wp-block-group-is-layout-constrained\">\n<p class=\"has-normal-font-size\" style=\"line-height:1.6\">2.1.\nUsers must be over 18 years of age and have full legal capacity to use BitexGas services. <\/p>\n\n\n\n<p class=\"has-normal-font-size\" style=\"line-height:1.6\">2.2. U\u017eivatel\u00e9 mus\u00ed p\u0159i registraci uv\u00e9st p\u0159esn\u00e9 \u00fadaje a pou\u017e\u00edvat platformu v souladu s platn\u00fdmi z\u00e1kony a t\u011bmito podm\u00ednkami.<\/p>\n<\/div>\n\n\n\n<h4 class=\"wp-block-heading\" style=\"font-size:30px;font-style:normal;font-weight:700;line-height:1.2\">3. Omezen\u00ed p\u0159\u00edstupu<\/h4>\n\n\n\n<div class=\"wp-block-group is-layout-constrained wp-container-core-group-is-layout-19e250f3 wp-block-group-is-layout-constrained\">\n<p class=\"has-normal-font-size\" style=\"line-height:1.6\">3.1.\nBitexGas reserves the right to restrict access to the platform or certain features at its discretion without prior notice.   <\/p>\n\n\n\n<p class=\"has-normal-font-size\" style=\"line-height:1.6\">3.2.\nIn the event of a violation of these terms or conditions of use by the user, BitexGas may suspend or terminate the user&#8217;s access to the platform. <\/p>\n<\/div>\n\n\n\n<h4 class=\"wp-block-heading\" style=\"font-size:30px;font-style:normal;font-weight:700;line-height:1.2\">4. Zak\u00e1zan\u00e9 \u010dinnosti<\/h4>\n\n\n\n<div class=\"wp-block-group is-layout-constrained wp-container-core-group-is-layout-19e250f3 wp-block-group-is-layout-constrained\">\n<p class=\"has-normal-font-size\" style=\"line-height:1.6\">4.1. U\u017eivatel\u016fm je zak\u00e1z\u00e1no:<\/p>\n\n\n\n<p class=\"has-normal-font-size\" style=\"line-height:1.6\">4.1.1. Pou\u017e\u00edv\u00e1n\u00ed platformy k nez\u00e1konn\u00fdm nebo podvodn\u00fdm \u010dinnostem.<\/p>\n\n\n\n<p class=\"has-normal-font-size\" style=\"line-height:1.6\">4.1.2.\nViolating the intellectual property rights of BitexGas or third parties.\u2028 <\/p>\n\n\n\n<p class=\"has-normal-font-size\" style=\"line-height:1.6\">4.1.3. zasahov\u00e1n\u00ed do provozu platformy nebo pokusy o obejit\u00ed jej\u00edch bezpe\u010dnostn\u00edch syst\u00e9m\u016f.<\/p>\n\n\n\n<p class=\"has-normal-font-size\" style=\"line-height:1.6\">4.1.4. \u0161\u00ed\u0159en\u00ed malwaru, vir\u016f nebo jin\u00e9ho \u0161kodliv\u00e9ho softwaru.<\/p>\n<\/div>\n\n\n\n<h4 class=\"wp-block-heading\" style=\"font-size:30px;font-style:normal;font-weight:700;line-height:1.2\">5. Pr\u00e1va du\u0161evn\u00edho vlastnictv\u00ed<\/h4>\n\n\n\n<div class=\"wp-block-group is-layout-constrained wp-container-core-group-is-layout-19e250f3 wp-block-group-is-layout-constrained\">\n<p class=\"has-normal-font-size\" style=\"line-height:1.6\">5.1. Ve\u0161ker\u00e9 materi\u00e1ly zve\u0159ejn\u011bn\u00e9 na platform\u011b BitexGas, v\u010detn\u011b text\u016f, grafiky, log a softwaru, jsou majetkem spole\u010dnosti BitexGas a jsou chr\u00e1n\u011bny autorsk\u00fdm pr\u00e1vem a dal\u0161\u00edmi z\u00e1kony o du\u0161evn\u00edm vlastnictv\u00ed. <\/p>\n\n\n\n<p class=\"has-normal-font-size\" style=\"line-height:1.6\">5.2.\nUsers are not permitted to copy, modify, distribute, or use the platform materials without prior written permission from BitexGas. <\/p>\n<\/div>\n<\/div>\n<\/div>\n\n\n\n<div class=\"wp-block-column is-vertically-aligned-stretch is-layout-flow wp-block-column-is-layout-flow\">\n<div class=\"wp-block-group policy-item has-background is-layout-constrained wp-container-core-group-is-layout-bb44bfd6 wp-block-group-is-layout-constrained\" style=\"border-radius:20px;background-color:#0006b1;padding-top:48px;padding-right:25px;padding-bottom:48px;padding-left:25px\">\n<h4 class=\"wp-block-heading\" style=\"font-size:30px;font-style:normal;font-weight:700;line-height:1.2\">6. Omezen\u00ed odpov\u011bdnosti<\/h4>\n\n\n\n<div class=\"wp-block-group is-layout-constrained wp-container-core-group-is-layout-19e250f3 wp-block-group-is-layout-constrained\">\n<p class=\"has-normal-font-size\" style=\"line-height:1.6\">6.1.\nBitexGas is not responsible for any losses or damages resulting from the use of the platform, except as provided by law. <\/p>\n\n\n\n<p class=\"has-normal-font-size\" style=\"line-height:1.6\">6.2.\nBitexGas does not guarantee uninterrupted operation of the platform and is not responsible for temporary interruptions or technical malfunctions. <\/p>\n<\/div>\n\n\n\n<h4 class=\"wp-block-heading\" style=\"font-size:30px;font-style:normal;font-weight:700;line-height:1.2\">7. Zm\u011bny t\u011bchto podm\u00ednek<\/h4>\n\n\n\n<div class=\"wp-block-group is-layout-constrained wp-container-core-group-is-layout-19e250f3 wp-block-group-is-layout-constrained\">\n<p class=\"has-normal-font-size\" style=\"line-height:1.6\">7.1.\nBitexGas reserves the right to make changes to these terms of use at any time.  V\u0161echny zm\u011bny budou zve\u0159ejn\u011bny na t\u00e9to str\u00e1nce.<\/p>\n\n\n\n<p class=\"has-normal-font-size\" style=\"line-height:1.6\">7.2. Doporu\u010dujeme pravideln\u011b kontrolovat tuto str\u00e1nku a sledovat aktualizace podm\u00ednek pou\u017e\u00edv\u00e1n\u00ed.<\/p>\n<\/div>\n\n\n\n<h4 class=\"wp-block-heading\" style=\"font-size:30px;font-style:normal;font-weight:700;line-height:1.2\">8. Ukon\u010den\u00ed<\/h4>\n\n\n\n<div class=\"wp-block-group is-layout-constrained wp-container-core-group-is-layout-19e250f3 wp-block-group-is-layout-constrained\">\n<p class=\"has-normal-font-size\" style=\"line-height:1.6\">8.1. U\u017eivatel m\u016f\u017ee kdykoli ukon\u010dit pou\u017e\u00edv\u00e1n\u00ed platformy smaz\u00e1n\u00edm sv\u00e9ho \u00fa\u010dtu.<\/p>\n\n\n\n<p class=\"has-normal-font-size\" style=\"line-height:1.6\">8.2.\nBitexGas may suspend or terminate the user&#8217;s access to the platform in case of violation of these terms or conditions of use. <\/p>\n<\/div>\n\n\n\n<h4 class=\"wp-block-heading\" style=\"font-size:30px;font-style:normal;font-weight:700;line-height:1.2\">9. Rozhodn\u00e9 pr\u00e1vo a soudn\u00ed p\u0159\u00edslu\u0161nost<\/h4>\n\n\n\n<div class=\"wp-block-group is-layout-constrained wp-container-core-group-is-layout-19e250f3 wp-block-group-is-layout-constrained\">\n<p class=\"has-normal-font-size\" style=\"line-height:1.6\">9.1. Tyto podm\u00ednky pou\u017e\u00edv\u00e1n\u00ed se \u0159\u00edd\u00ed z\u00e1kony.<\/p>\n\n\n\n<p class=\"has-normal-font-size\" style=\"line-height:1.6\">9.2.\nAll disputes arising in connection with the use of the BitexGas platform are subject to the jurisdiction of the competent courts. <\/p>\n<\/div>\n<\/div>\n<\/div>\n<\/div>\n<\/div>\n<\/div><\/div>\n<\/div>\n\n<div class=\"wp-block-group alignfull is-layout-constrained wp-block-group-is-layout-constrained\" style=\"margin-top:0;margin-bottom:0\">\n<div class=\"wp-block-cover alignfull is-light\" style=\"padding-top:80px;padding-right:var(--wp--preset--spacing--30);padding-bottom:80px;padding-left:var(--wp--preset--spacing--30);min-height:268px;aspect-ratio:unset;\"><span aria-hidden=\"true\" class=\"wp-block-cover__background has-white-background-color has-background-dim-100 has-background-dim\"><\/span><div class=\"wp-block-cover__inner-container is-layout-flow wp-block-cover-is-layout-flow\">\n<div class=\"wp-block-group is-layout-constrained wp-container-core-group-is-layout-41c06ba8 wp-block-group-is-layout-constrained\">\n<h2 class=\"wp-block-heading has-text-align-center has-black-color has-text-color has-link-color wp-elements-41aabf70789d13f1afee00cd2cc65183\" style=\"font-size:45px;font-style:normal;font-weight:700;line-height:1.2\">D\u011bkujeme, \u017ee jste <em>si vybrali <\/em>BitexGas!<\/h2>\n<\/div>\n<\/div><\/div>\n<\/div>\n\n<div class=\"wp-block-group alignfull is-layout-constrained wp-block-group-is-layout-constrained\" id=\"footer\" style=\"margin-top:0;margin-bottom:0\">\n<div class=\"wp-block-cover alignfull\" style=\"padding-top:100px;padding-right:var(--wp--preset--spacing--30);padding-bottom:64px;padding-left:var(--wp--preset--spacing--30);min-height:50px;aspect-ratio:unset;\" id=\"footer\"><span aria-hidden=\"true\" class=\"wp-block-cover__background has-background-dim-100 has-background-dim\" style=\"background-color:#03045e\"><\/span><div class=\"wp-block-cover__inner-container is-layout-flow wp-block-cover-is-layout-flow\">\n<div class=\"wp-block-group is-layout-constrained wp-container-core-group-is-layout-a084365a wp-block-group-is-layout-constrained\">\n<div class=\"wp-block-columns is-layout-flex wp-container-core-columns-is-layout-e96d03bb wp-block-columns-is-layout-flex\">\n<div class=\"wp-block-column is-layout-flow wp-block-column-is-layout-flow\" style=\"flex-basis:190px\">\n<figure class=\"wp-block-image size-full\"><img loading=\"lazy\" decoding=\"async\" width=\"106\" height=\"32\" src=\"https:\/\/bitexgas.com\/wp-content\/uploads\/2024\/08\/Group-37372.png\" alt=\"\" class=\"wp-image-1322\"\/><\/figure>\n<\/div>\n\n\n\n<div class=\"wp-block-column is-vertically-aligned-center is-layout-flow wp-block-column-is-layout-flow\" style=\"flex-basis:66.66%\"><nav class=\"wp-block-navigation is-layout-flex wp-container-core-navigation-is-layout-04a1408d wp-block-navigation-is-layout-flex\" aria-label=\"Menu Header\"><ul class=\"wp-block-navigation__container  wp-block-navigation\"><li class=\" wp-block-navigation-item  menu-item menu-item-type-post_type menu-item-object-page wp-block-navigation-link\"><a class=\"wp-block-navigation-item__content\"  href=\"https:\/\/bitexgas.com\/?page_id=24\" title=\"\"><span class=\"wp-block-navigation-item__label\">Contact Us<\/span><\/a><\/li><li class=\" wp-block-navigation-item  menu-item menu-item-type-post_type menu-item-object-page wp-block-navigation-link\"><a class=\"wp-block-navigation-item__content\"  href=\"https:\/\/bitexgas.com\/?page_id=27\" title=\"\"><span class=\"wp-block-navigation-item__label\">About us<\/span><\/a><\/li><\/ul><\/nav><\/div>\n<\/div>\n\n\n\n<p class=\"has-normal-font-size\" style=\"line-height:1.6\">U\u017eivatel\u00e9 berou na v\u011bdom\u00ed, \u017ee obchodov\u00e1n\u00ed s kryptom\u011bnami s sebou nese zna\u010dn\u00e1 rizika.\nCeny jsou extr\u00e9mn\u011b volatiln\u00ed a mohou se rychle m\u011bnit, co\u017e m\u016f\u017ee v\u00e9st k potenci\u00e1ln\u00edm zna\u010dn\u00fdm ztr\u00e1t\u00e1m.\nDoporu\u010dujeme, aby u\u017eivatel\u00e9 p\u0159ed zapojen\u00edm do obchodov\u00e1n\u00ed s kryptom\u011bnami pe\u010dliv\u011b zv\u00e1\u017eili svou finan\u010dn\u00ed situaci a toleranci k riziku.\nTato platforma neposkytuje investi\u010dn\u00ed, finan\u010dn\u00ed, pr\u00e1vn\u00ed, da\u0148ov\u00e9 ani jin\u00e9 poradenstv\u00ed.\nVe\u0161ker\u00e9 poskytnut\u00e9 informace nebo anal\u00fdzy maj\u00ed pouze informativn\u00ed charakter a nelze je pova\u017eovat za nab\u00eddku nebo v\u00fdzvu k n\u00e1kupu nebo prodeji kryptom\u011bn.\nPlatforma funguje v souladu s platn\u00fdmi z\u00e1kony a p\u0159edpisy.\nPr\u00e1vn\u00ed p\u0159edpisy t\u00fdkaj\u00edc\u00ed se kryptom\u011bn se v\u0161ak mohou v jednotliv\u00fdch jurisdikc\u00edch li\u0161it a mohou se m\u011bnit.\nU\u017eivatel\u00e9 odpov\u00eddaj\u00ed za to, \u017ee jejich pou\u017e\u00edv\u00e1n\u00ed platformy je v souladu s m\u00edstn\u00edmi z\u00e1kony a p\u0159edpisy.\nP\u0159i obchodov\u00e1n\u00ed s kryptom\u011bnami neexistuj\u00ed \u017e\u00e1dn\u00e9 z\u00e1ruky zisku nebo ochrany p\u0159ed ztr\u00e1tami.\nMinul\u00e1 v\u00fdkonnost nen\u00ed ukazatelem budouc\u00edch v\u00fdsledk\u016f.\nU\u017eivatel\u00e9 by si m\u011bli b\u00fdt v\u011bdomi toho, \u017ee mohou p\u0159ij\u00edt o ve\u0161ker\u00fd sv\u016fj investovan\u00fd kapit\u00e1l.\nP\u0159esto\u017ee se sna\u017e\u00edme poskytovat spolehlivou a bezpe\u010dnou obchodn\u00ed platformu, nezaru\u010dujeme nep\u0159etr\u017eit\u00fd provoz a neneseme odpov\u011bdnost za p\u0159\u00edpadn\u00e9 ztr\u00e1ty zp\u016fsoben\u00e9 technick\u00fdmi probl\u00e9my, tr\u017en\u00edmi podm\u00ednkami nebo jin\u00fdmi faktory, kter\u00e9 nem\u016f\u017eeme ovlivnit.           <\/p>\n<\/div>\n<\/div><\/div>\n<\/div>\n\n<script src=\"https:\/\/cdn.jsdelivr.net\/npm\/locomotive-scroll@4.1.4\/dist\/locomotive-scroll.min.js\"><\/script><link href=\"https:\/\/cdn.jsdelivr.net\/npm\/locomotive-scroll@4.1.4\/dist\/locomotive-scroll.min.css\" rel=\"stylesheet\"\/><script>document.addEventListener('DOMContentLoaded', function() {\n    const locoScroll = new LocomotiveScroll({\n        el: document.querySelector(\"#page\"),\n        smooth: true\n    });\n    locoScroll.destroy();\n\n    setTimeout(function(){\n        locoScroll.init();\n    }, 100);\n});\n<\/script>\n","protected":false},"excerpt":{"rendered":"","protected":false},"author":1,"featured_media":0,"parent":0,"menu_order":0,"comment_status":"closed","ping_status":"closed","template":"","meta":{"_monsterinsights_skip_tracking":false,"_monsterinsights_sitenote_active":false,"_monsterinsights_sitenote_note":"","_monsterinsights_sitenote_category":0,"footnotes":""},"class_list":["post-1099","page","type-page","status-publish","hentry"],"_links":{"self":[{"href":"https:\/\/bitexgas.com\/cs\/wp-json\/wp\/v2\/pages\/1099","targetHints":{"allow":["GET"]}}],"collection":[{"href":"https:\/\/bitexgas.com\/cs\/wp-json\/wp\/v2\/pages"}],"about":[{"href":"https:\/\/bitexgas.com\/cs\/wp-json\/wp\/v2\/types\/page"}],"author":[{"embeddable":true,"href":"https:\/\/bitexgas.com\/cs\/wp-json\/wp\/v2\/users\/1"}],"replies":[{"embeddable":true,"href":"https:\/\/bitexgas.com\/cs\/wp-json\/wp\/v2\/comments?post=1099"}],"version-history":[{"count":2,"href":"https:\/\/bitexgas.com\/cs\/wp-json\/wp\/v2\/pages\/1099\/revisions"}],"predecessor-version":[{"id":1443,"href":"https:\/\/bitexgas.com\/cs\/wp-json\/wp\/v2\/pages\/1099\/revisions\/1443"}],"wp:attachment":[{"href":"https:\/\/bitexgas.com\/cs\/wp-json\/wp\/v2\/media?parent=1099"}],"curies":[{"name":"wp","href":"https:\/\/api.w.org\/{rel}","templated":true}]}}